{"id":42658,"date":"2021-10-12T11:20:08","date_gmt":"2021-10-12T09:20:08","guid":{"rendered":"https:\/\/ircad.fr\/ircad-barretos\/"},"modified":"2022-03-15T08:59:10","modified_gmt":"2022-03-15T07:59:10","slug":"ircad-barretos","status":"publish","type":"page","link":"https:\/\/www.ircad.fr\/fr\/international-ircad-centers\/ircad-barretos\/","title":{"rendered":"IRCAD Barretos"},"content":{"rendered":"\t\t<div data-elementor-type=\"wp-page\" data-elementor-id=\"42658\" class=\"elementor elementor-42658 elementor-10377\" data-elementor-post-type=\"page\">\n\t\t\t\t\t\t<section class=\"elementor-section elementor-top-section elementor-element elementor-element-35b1e8a elementor-section-boxed elementor-section-height-default elementor-section-height-default\" data-id=\"35b1e8a\" data-element_type=\"section\" data-e-type=\"section\">\n\t\t\t\t\t\t<div class=\"elementor-container elementor-column-gap-default\">\n\t\t\t\t\t<div class=\"elementor-column elementor-col-100 elementor-top-column elementor-element elementor-element-1c50f51e\" data-id=\"1c50f51e\" data-element_type=\"column\" data-e-type=\"column\">\n\t\t\t<div class=\"elementor-widget-wrap elementor-element-populated\">\n\t\t\t\t\t\t<div class=\"elementor-element elementor-element-6c82698d elementor-widget elementor-widget-dce-breadcrumbs\" data-id=\"6c82698d\" data-element_type=\"widget\" data-e-type=\"widget\" data-widget_type=\"dce-breadcrumbs.default\">\n\t\t\t\t<div class=\"elementor-widget-container\">\n\t\t\t\t\t<div><span><span><a href=\"https:\/\/www.ircad.fr\/\">Home<\/a><\/span><\/span><\/div>\t\t\t\t<\/div>\n\t\t\t\t<\/div>\n\t\t\t\t<div class=\"elementor-element elementor-element-55f1f629 elementor-widget-divider--view-line elementor-widget elementor-widget-divider\" data-id=\"55f1f629\" data-element_type=\"widget\" data-e-type=\"widget\" data-widget_type=\"divider.default\">\n\t\t\t\t<div class=\"elementor-widget-container\">\n\t\t\t\t\t\t\t<div class=\"elementor-divider\">\n\t\t\t<span class=\"elementor-divider-separator\">\n\t\t\t\t\t\t<\/span>\n\t\t<\/div>\n\t\t\t\t\t\t<\/div>\n\t\t\t\t<\/div>\n\t\t\t\t\t<\/div>\n\t\t<\/div>\n\t\t\t\t\t<\/div>\n\t\t<\/section>\n\t\t\t\t<section class=\"elementor-section elementor-top-section elementor-element elementor-element-9973aeb elementor-section-boxed elementor-section-height-default elementor-section-height-default\" data-id=\"9973aeb\" data-element_type=\"section\" data-e-type=\"section\">\n\t\t\t\t\t\t<div class=\"elementor-container elementor-column-gap-default\">\n\t\t\t\t\t<div class=\"elementor-column elementor-col-100 elementor-top-column elementor-element elementor-element-4949faa\" data-id=\"4949faa\" data-element_type=\"column\" data-e-type=\"column\">\n\t\t\t<div class=\"elementor-widget-wrap elementor-element-populated\">\n\t\t\t\t\t\t<div class=\"elementor-element elementor-element-e8ac491 elementor-widget elementor-widget-html\" data-id=\"e8ac491\" data-element_type=\"widget\" data-e-type=\"widget\" data-widget_type=\"html.default\">\n\t\t\t\t<div class=\"elementor-widget-container\">\n\t\t\t\t\t<div class=\"vimeo_player vimeo_single_page\" videoid=\"687955263\" title=\"0\" byline=0 portrait=0 width=\"100%\" height=\"100%\"><\/div>\r\n\r\n<div class=\"video_header_single_page\">\r\n    \r\n<\/div>\t\t\t\t<\/div>\n\t\t\t\t<\/div>\n\t\t\t\t\t<\/div>\n\t\t<\/div>\n\t\t\t\t\t<\/div>\n\t\t<\/section>\n\t\t\t\t<section class=\"elementor-section elementor-top-section elementor-element elementor-element-2b56636 elementor-section-full_width elementor-section-height-default elementor-section-height-default\" data-id=\"2b56636\" data-element_type=\"section\" data-e-type=\"section\">\n\t\t\t\t\t\t<div class=\"elementor-container elementor-column-gap-default\">\n\t\t\t\t\t<div class=\"elementor-column elementor-col-100 elementor-top-column elementor-element elementor-element-6dd1678\" data-id=\"6dd1678\" data-element_type=\"column\" data-e-type=\"column\">\n\t\t\t<div class=\"elementor-widget-wrap elementor-element-populated\">\n\t\t\t\t\t\t<div class=\"elementor-element elementor-element-f6545d1 elementor-widget elementor-widget-gallery\" data-id=\"f6545d1\" data-element_type=\"widget\" data-e-type=\"widget\" data-settings=\"{&quot;gallery_layout&quot;:&quot;masonry&quot;,&quot;lazyload&quot;:&quot;yes&quot;,&quot;columns&quot;:4,&quot;columns_tablet&quot;:2,&quot;columns_mobile&quot;:1,&quot;gap&quot;:{&quot;unit&quot;:&quot;px&quot;,&quot;size&quot;:10,&quot;sizes&quot;:[]},&quot;gap_tablet&quot;:{&quot;unit&quot;:&quot;px&quot;,&quot;size&quot;:10,&quot;sizes&quot;:[]},&quot;gap_mobile&quot;:{&quot;unit&quot;:&quot;px&quot;,&quot;size&quot;:10,&quot;sizes&quot;:[]},&quot;link_to&quot;:&quot;file&quot;,&quot;overlay_background&quot;:&quot;yes&quot;,&quot;content_hover_animation&quot;:&quot;fade-in&quot;}\" data-widget_type=\"gallery.default\">\n\t\t\t\t<div class=\"elementor-widget-container\">\n\t\t\t\t\t\t\t<div class=\"elementor-gallery__container\">\n\t\t\t\t\t\t\t<a class=\"e-gallery-item elementor-gallery-item elementor-animated-content\" href=\"https:\/\/www.ircad.fr\/wp-content\/uploads\/N9A9698-scaled.jpg\" data-elementor-open-lightbox=\"yes\" data-elementor-lightbox-slideshow=\"f6545d1\" data-elementor-lightbox-title=\"_N9A9698\" data-e-action-hash=\"#elementor-action%3Aaction%3Dlightbox%26settings%3DeyJpZCI6OTcxNSwidXJsIjoiaHR0cHM6XC9cL3d3dy5pcmNhZC5mclwvd3AtY29udGVudFwvdXBsb2Fkc1wvTjlBOTY5OC1zY2FsZWQuanBnIiwic2xpZGVzaG93IjoiZjY1NDVkMSJ9\">\n\t\t\t\t\t<div class=\"e-gallery-image elementor-gallery-item__image\" data-thumbnail=\"https:\/\/www.ircad.fr\/wp-content\/uploads\/N9A9698-300x200.jpg\" data-width=\"300\" data-height=\"200\" aria-label=\"\" role=\"img\" ><\/div>\n\t\t\t\t\t\t\t\t\t\t\t<div class=\"elementor-gallery-item__overlay\"><\/div>\n\t\t\t\t\t\t\t\t\t\t\t\t\t\t<\/a>\n\t\t\t\t\t\t\t<a class=\"e-gallery-item elementor-gallery-item elementor-animated-content\" href=\"https:\/\/www.ircad.fr\/wp-content\/uploads\/N9A9682-scaled.jpg\" data-elementor-open-lightbox=\"yes\" data-elementor-lightbox-slideshow=\"f6545d1\" data-elementor-lightbox-title=\"_N9A9682\" data-e-action-hash=\"#elementor-action%3Aaction%3Dlightbox%26settings%3DeyJpZCI6OTcxNCwidXJsIjoiaHR0cHM6XC9cL3d3dy5pcmNhZC5mclwvd3AtY29udGVudFwvdXBsb2Fkc1wvTjlBOTY4Mi1zY2FsZWQuanBnIiwic2xpZGVzaG93IjoiZjY1NDVkMSJ9\">\n\t\t\t\t\t<div class=\"e-gallery-image elementor-gallery-item__image\" data-thumbnail=\"https:\/\/www.ircad.fr\/wp-content\/uploads\/N9A9682-300x200.jpg\" data-width=\"300\" data-height=\"200\" aria-label=\"\" role=\"img\" ><\/div>\n\t\t\t\t\t\t\t\t\t\t\t<div class=\"elementor-gallery-item__overlay\"><\/div>\n\t\t\t\t\t\t\t\t\t\t\t\t\t\t<\/a>\n\t\t\t\t\t\t\t<a class=\"e-gallery-item elementor-gallery-item elementor-animated-content\" href=\"https:\/\/www.ircad.fr\/wp-content\/uploads\/N9A9701-scaled.jpg\" data-elementor-open-lightbox=\"yes\" data-elementor-lightbox-slideshow=\"f6545d1\" data-elementor-lightbox-title=\"_N9A9701\" data-e-action-hash=\"#elementor-action%3Aaction%3Dlightbox%26settings%3DeyJpZCI6OTcxNiwidXJsIjoiaHR0cHM6XC9cL3d3dy5pcmNhZC5mclwvd3AtY29udGVudFwvdXBsb2Fkc1wvTjlBOTcwMS1zY2FsZWQuanBnIiwic2xpZGVzaG93IjoiZjY1NDVkMSJ9\">\n\t\t\t\t\t<div class=\"e-gallery-image elementor-gallery-item__image\" data-thumbnail=\"https:\/\/www.ircad.fr\/wp-content\/uploads\/N9A9701-300x200.jpg\" data-width=\"300\" data-height=\"200\" aria-label=\"\" role=\"img\" ><\/div>\n\t\t\t\t\t\t\t\t\t\t\t<div class=\"elementor-gallery-item__overlay\"><\/div>\n\t\t\t\t\t\t\t\t\t\t\t\t\t\t<\/a>\n\t\t\t\t\t\t\t<a class=\"e-gallery-item elementor-gallery-item elementor-animated-content\" href=\"https:\/\/www.ircad.fr\/wp-content\/uploads\/N9A9746-scaled.jpg\" data-elementor-open-lightbox=\"yes\" data-elementor-lightbox-slideshow=\"f6545d1\" data-elementor-lightbox-title=\"_N9A9746\" data-e-action-hash=\"#elementor-action%3Aaction%3Dlightbox%26settings%3DeyJpZCI6OTcxNywidXJsIjoiaHR0cHM6XC9cL3d3dy5pcmNhZC5mclwvd3AtY29udGVudFwvdXBsb2Fkc1wvTjlBOTc0Ni1zY2FsZWQuanBnIiwic2xpZGVzaG93IjoiZjY1NDVkMSJ9\">\n\t\t\t\t\t<div class=\"e-gallery-image elementor-gallery-item__image\" data-thumbnail=\"https:\/\/www.ircad.fr\/wp-content\/uploads\/N9A9746-300x200.jpg\" data-width=\"300\" data-height=\"200\" aria-label=\"\" role=\"img\" ><\/div>\n\t\t\t\t\t\t\t\t\t\t\t<div class=\"elementor-gallery-item__overlay\"><\/div>\n\t\t\t\t\t\t\t\t\t\t\t\t\t\t<\/a>\n\t\t\t\t\t<\/div>\n\t\t\t\t\t<\/div>\n\t\t\t\t<\/div>\n\t\t\t\t\t<\/div>\n\t\t<\/div>\n\t\t\t\t\t<\/div>\n\t\t<\/section>\n\t\t\t\t<\/div>\n\t\t","protected":false},"excerpt":{"rendered":"<p>Home<\/p>\n","protected":false},"author":6,"featured_media":0,"parent":43032,"menu_order":0,"comment_status":"closed","ping_status":"closed","template":"","meta":{"_acf_changed":false,"footnotes":""},"class_list":["post-42658","page","type-page","status-publish","hentry"],"acf":[],"yoast_head":"<!-- This site is optimized with the Yoast SEO plugin v27.4 - https:\/\/yoast.com\/product\/yoast-seo-wordpress\/ -->\n<title>IRCAD Barretos - IRCAD<\/title>\n<meta name=\"description\" content=\"Quelques ann\u00e9es plus tard, en 2011, l&#039;IRCAD Am\u00e9rica Latina a \u00e9t\u00e9 inaugur\u00e9 dans l&#039;\u00c9tat de S\u00e3o Paulo, au Br\u00e9sil. Il incarne le partenariat fructueux avec Henrique Prata et l&#039;H\u00f4pital de Cancer de Barretos.\" \/>\n<meta name=\"robots\" content=\"index, follow, max-snippet:-1, max-image-preview:large, max-video-preview:-1\" \/>\n<link rel=\"canonical\" href=\"https:\/\/www.ircad.fr\/fr\/international-ircad-centers\/ircad-barretos\/\" \/>\n<meta property=\"og:locale\" content=\"fr_FR\" \/>\n<meta property=\"og:type\" content=\"article\" \/>\n<meta property=\"og:title\" content=\"IRCAD Barretos - IRCAD\" \/>\n<meta property=\"og:description\" content=\"Quelques ann\u00e9es plus tard, en 2011, l&#039;IRCAD Am\u00e9rica Latina a \u00e9t\u00e9 inaugur\u00e9 dans l&#039;\u00c9tat de S\u00e3o Paulo, au Br\u00e9sil. Il incarne le partenariat fructueux avec Henrique Prata et l&#039;H\u00f4pital de Cancer de Barretos.\" \/>\n<meta property=\"og:url\" content=\"https:\/\/www.ircad.fr\/fr\/international-ircad-centers\/ircad-barretos\/\" \/>\n<meta property=\"og:site_name\" content=\"IRCAD\" \/>\n<meta property=\"article:publisher\" content=\"https:\/\/www.facebook.com\/IrcadFrance\" \/>\n<meta property=\"article:modified_time\" content=\"2022-03-15T07:59:10+00:00\" \/>\n<meta name=\"twitter:card\" content=\"summary_large_image\" \/>\n<meta name=\"twitter:site\" content=\"@IrcadFrance\" \/>\n<script type=\"application\/ld+json\" class=\"yoast-schema-graph\">{\"@context\":\"https:\\\/\\\/schema.org\",\"@graph\":[{\"@type\":\"WebPage\",\"@id\":\"https:\\\/\\\/www.ircad.fr\\\/fr\\\/international-ircad-centers\\\/ircad-barretos\\\/\",\"url\":\"https:\\\/\\\/www.ircad.fr\\\/fr\\\/international-ircad-centers\\\/ircad-barretos\\\/\",\"name\":\"IRCAD Barretos - IRCAD\",\"isPartOf\":{\"@id\":\"https:\\\/\\\/www.ircad.fr\\\/#website\"},\"datePublished\":\"2021-10-12T09:20:08+00:00\",\"dateModified\":\"2022-03-15T07:59:10+00:00\",\"description\":\"Quelques ann\u00e9es plus tard, en 2011, l'IRCAD Am\u00e9rica Latina a \u00e9t\u00e9 inaugur\u00e9 dans l'\u00c9tat de S\u00e3o Paulo, au Br\u00e9sil. Il incarne le partenariat fructueux avec Henrique Prata et l'H\u00f4pital de Cancer de Barretos.\",\"breadcrumb\":{\"@id\":\"https:\\\/\\\/www.ircad.fr\\\/fr\\\/international-ircad-centers\\\/ircad-barretos\\\/#breadcrumb\"},\"inLanguage\":\"fr-FR\",\"potentialAction\":[{\"@type\":\"ReadAction\",\"target\":[\"https:\\\/\\\/www.ircad.fr\\\/fr\\\/international-ircad-centers\\\/ircad-barretos\\\/\"]}]},{\"@type\":\"BreadcrumbList\",\"@id\":\"https:\\\/\\\/www.ircad.fr\\\/fr\\\/international-ircad-centers\\\/ircad-barretos\\\/#breadcrumb\",\"itemListElement\":[{\"@type\":\"ListItem\",\"position\":1,\"name\":\"Home\",\"item\":\"https:\\\/\\\/www.ircad.fr\\\/\"},{\"@type\":\"ListItem\",\"position\":2,\"name\":\"International IRCAD centers\",\"item\":\"https:\\\/\\\/www.ircad.fr\\\/fr\\\/international-ircad-centers\\\/\"},{\"@type\":\"ListItem\",\"position\":3,\"name\":\"IRCAD Barretos\"}]},{\"@type\":\"WebSite\",\"@id\":\"https:\\\/\\\/www.ircad.fr\\\/#website\",\"url\":\"https:\\\/\\\/www.ircad.fr\\\/\",\"name\":\"IRCAD - Laparoscopic training center\",\"description\":\"There is no better way to learn\",\"potentialAction\":[{\"@type\":\"SearchAction\",\"target\":{\"@type\":\"EntryPoint\",\"urlTemplate\":\"https:\\\/\\\/www.ircad.fr\\\/?s={search_term_string}\"},\"query-input\":{\"@type\":\"PropertyValueSpecification\",\"valueRequired\":true,\"valueName\":\"search_term_string\"}}],\"inLanguage\":\"fr-FR\"}]}<\/script>\n<!-- \/ Yoast SEO plugin. -->","yoast_head_json":{"title":"IRCAD Barretos - IRCAD","description":"Quelques ann\u00e9es plus tard, en 2011, l'IRCAD Am\u00e9rica Latina a \u00e9t\u00e9 inaugur\u00e9 dans l'\u00c9tat de S\u00e3o Paulo, au Br\u00e9sil. Il incarne le partenariat fructueux avec Henrique Prata et l'H\u00f4pital de Cancer de Barretos.","robots":{"index":"index","follow":"follow","max-snippet":"max-snippet:-1","max-image-preview":"max-image-preview:large","max-video-preview":"max-video-preview:-1"},"canonical":"https:\/\/www.ircad.fr\/fr\/international-ircad-centers\/ircad-barretos\/","og_locale":"fr_FR","og_type":"article","og_title":"IRCAD Barretos - IRCAD","og_description":"Quelques ann\u00e9es plus tard, en 2011, l'IRCAD Am\u00e9rica Latina a \u00e9t\u00e9 inaugur\u00e9 dans l'\u00c9tat de S\u00e3o Paulo, au Br\u00e9sil. Il incarne le partenariat fructueux avec Henrique Prata et l'H\u00f4pital de Cancer de Barretos.","og_url":"https:\/\/www.ircad.fr\/fr\/international-ircad-centers\/ircad-barretos\/","og_site_name":"IRCAD","article_publisher":"https:\/\/www.facebook.com\/IrcadFrance","article_modified_time":"2022-03-15T07:59:10+00:00","twitter_card":"summary_large_image","twitter_site":"@IrcadFrance","schema":{"@context":"https:\/\/schema.org","@graph":[{"@type":"WebPage","@id":"https:\/\/www.ircad.fr\/fr\/international-ircad-centers\/ircad-barretos\/","url":"https:\/\/www.ircad.fr\/fr\/international-ircad-centers\/ircad-barretos\/","name":"IRCAD Barretos - IRCAD","isPartOf":{"@id":"https:\/\/www.ircad.fr\/#website"},"datePublished":"2021-10-12T09:20:08+00:00","dateModified":"2022-03-15T07:59:10+00:00","description":"Quelques ann\u00e9es plus tard, en 2011, l'IRCAD Am\u00e9rica Latina a \u00e9t\u00e9 inaugur\u00e9 dans l'\u00c9tat de S\u00e3o Paulo, au Br\u00e9sil. Il incarne le partenariat fructueux avec Henrique Prata et l'H\u00f4pital de Cancer de Barretos.","breadcrumb":{"@id":"https:\/\/www.ircad.fr\/fr\/international-ircad-centers\/ircad-barretos\/#breadcrumb"},"inLanguage":"fr-FR","potentialAction":[{"@type":"ReadAction","target":["https:\/\/www.ircad.fr\/fr\/international-ircad-centers\/ircad-barretos\/"]}]},{"@type":"BreadcrumbList","@id":"https:\/\/www.ircad.fr\/fr\/international-ircad-centers\/ircad-barretos\/#breadcrumb","itemListElement":[{"@type":"ListItem","position":1,"name":"Home","item":"https:\/\/www.ircad.fr\/"},{"@type":"ListItem","position":2,"name":"International IRCAD centers","item":"https:\/\/www.ircad.fr\/fr\/international-ircad-centers\/"},{"@type":"ListItem","position":3,"name":"IRCAD Barretos"}]},{"@type":"WebSite","@id":"https:\/\/www.ircad.fr\/#website","url":"https:\/\/www.ircad.fr\/","name":"IRCAD - Laparoscopic training center","description":"There is no better way to learn","potentialAction":[{"@type":"SearchAction","target":{"@type":"EntryPoint","urlTemplate":"https:\/\/www.ircad.fr\/?s={search_term_string}"},"query-input":{"@type":"PropertyValueSpecification","valueRequired":true,"valueName":"search_term_string"}}],"inLanguage":"fr-FR"}]}},"publishpress_future_action":{"enabled":false,"date":"2026-05-02 15:13:13","action":"change-status","newStatus":"draft","terms":[],"taxonomy":"translation_priority","extraData":[]},"publishpress_future_workflow_manual_trigger":{"enabledWorkflows":[]},"_links":{"self":[{"href":"https:\/\/www.ircad.fr\/fr\/wp-json\/wp\/v2\/pages\/42658","targetHints":{"allow":["GET"]}}],"collection":[{"href":"https:\/\/www.ircad.fr\/fr\/wp-json\/wp\/v2\/pages"}],"about":[{"href":"https:\/\/www.ircad.fr\/fr\/wp-json\/wp\/v2\/types\/page"}],"author":[{"embeddable":true,"href":"https:\/\/www.ircad.fr\/fr\/wp-json\/wp\/v2\/users\/6"}],"replies":[{"embeddable":true,"href":"https:\/\/www.ircad.fr\/fr\/wp-json\/wp\/v2\/comments?post=42658"}],"version-history":[{"count":3,"href":"https:\/\/www.ircad.fr\/fr\/wp-json\/wp\/v2\/pages\/42658\/revisions"}],"predecessor-version":[{"id":72062,"href":"https:\/\/www.ircad.fr\/fr\/wp-json\/wp\/v2\/pages\/42658\/revisions\/72062"}],"up":[{"embeddable":true,"href":"https:\/\/www.ircad.fr\/fr\/wp-json\/wp\/v2\/pages\/43032"}],"wp:attachment":[{"href":"https:\/\/www.ircad.fr\/fr\/wp-json\/wp\/v2\/media?parent=42658"}],"curies":[{"name":"wp","href":"https:\/\/api.w.org\/{rel}","templated":true}]}}