{"id":42675,"date":"2021-10-12T11:27:27","date_gmt":"2021-10-12T09:27:27","guid":{"rendered":"https:\/\/ircad.fr\/ircad-china\/"},"modified":"2022-03-15T09:01:23","modified_gmt":"2022-03-15T08:01:23","slug":"ircad-china","status":"publish","type":"page","link":"https:\/\/www.ircad.fr\/fr\/international-ircad-centers\/ircad-china\/","title":{"rendered":"IRCAD China"},"content":{"rendered":"\t\t<div data-elementor-type=\"wp-page\" data-elementor-id=\"42675\" class=\"elementor elementor-42675 elementor-10375\" data-elementor-post-type=\"page\">\n\t\t\t\t\t\t<section class=\"elementor-section elementor-top-section elementor-element elementor-element-324132e9 elementor-section-boxed elementor-section-height-default elementor-section-height-default\" data-id=\"324132e9\" data-element_type=\"section\" data-e-type=\"section\">\n\t\t\t\t\t\t<div class=\"elementor-container elementor-column-gap-default\">\n\t\t\t\t\t<div class=\"elementor-column elementor-col-100 elementor-top-column elementor-element elementor-element-acff5af\" data-id=\"acff5af\" data-element_type=\"column\" data-e-type=\"column\">\n\t\t\t<div class=\"elementor-widget-wrap elementor-element-populated\">\n\t\t\t\t\t\t<div class=\"elementor-element elementor-element-6a367d59 elementor-widget elementor-widget-dce-breadcrumbs\" data-id=\"6a367d59\" data-element_type=\"widget\" data-e-type=\"widget\" data-widget_type=\"dce-breadcrumbs.default\">\n\t\t\t\t<div class=\"elementor-widget-container\">\n\t\t\t\t\t<div><span><span><a href=\"https:\/\/www.ircad.fr\/\">Home<\/a><\/span><\/span><\/div>\t\t\t\t<\/div>\n\t\t\t\t<\/div>\n\t\t\t\t<div class=\"elementor-element elementor-element-13dae704 elementor-widget-divider--view-line elementor-widget elementor-widget-divider\" data-id=\"13dae704\" data-element_type=\"widget\" data-e-type=\"widget\" data-widget_type=\"divider.default\">\n\t\t\t\t<div class=\"elementor-widget-container\">\n\t\t\t\t\t\t\t<div class=\"elementor-divider\">\n\t\t\t<span class=\"elementor-divider-separator\">\n\t\t\t\t\t\t<\/span>\n\t\t<\/div>\n\t\t\t\t\t\t<\/div>\n\t\t\t\t<\/div>\n\t\t\t\t\t<\/div>\n\t\t<\/div>\n\t\t\t\t\t<\/div>\n\t\t<\/section>\n\t\t\t\t<section class=\"elementor-section elementor-top-section elementor-element elementor-element-52a9387 elementor-section-boxed elementor-section-height-default elementor-section-height-default\" data-id=\"52a9387\" data-element_type=\"section\" data-e-type=\"section\">\n\t\t\t\t\t\t<div class=\"elementor-container elementor-column-gap-default\">\n\t\t\t\t\t<div class=\"elementor-column elementor-col-100 elementor-top-column elementor-element elementor-element-267eb65\" data-id=\"267eb65\" data-element_type=\"column\" data-e-type=\"column\">\n\t\t\t<div class=\"elementor-widget-wrap elementor-element-populated\">\n\t\t\t\t\t\t<div class=\"elementor-element elementor-element-a95ffd6 elementor-widget elementor-widget-html\" data-id=\"a95ffd6\" data-element_type=\"widget\" data-e-type=\"widget\" data-widget_type=\"html.default\">\n\t\t\t\t<div class=\"elementor-widget-container\">\n\t\t\t\t\t<div class=\"vimeo_player vimeo_single_page\" videoid=\"687955297\" title=\"0\" byline=0 portrait=0 width=\"100%\" height=\"100%\"><\/div>\r\n\r\n<div class=\"video_header_single_page\">\r\n    \r\n<\/div>\t\t\t\t<\/div>\n\t\t\t\t<\/div>\n\t\t\t\t\t<\/div>\n\t\t<\/div>\n\t\t\t\t\t<\/div>\n\t\t<\/section>\n\t\t\t\t<section class=\"elementor-section elementor-top-section elementor-element elementor-element-9cc1eb1 elementor-section-full_width elementor-section-height-default elementor-section-height-default\" data-id=\"9cc1eb1\" data-element_type=\"section\" data-e-type=\"section\">\n\t\t\t\t\t\t<div class=\"elementor-container elementor-column-gap-default\">\n\t\t\t\t\t<div class=\"elementor-column elementor-col-100 elementor-top-column elementor-element elementor-element-298aee6\" data-id=\"298aee6\" data-element_type=\"column\" data-e-type=\"column\">\n\t\t\t<div class=\"elementor-widget-wrap elementor-element-populated\">\n\t\t\t\t\t\t<div class=\"elementor-element elementor-element-1de417d elementor-widget elementor-widget-gallery\" data-id=\"1de417d\" data-element_type=\"widget\" data-e-type=\"widget\" data-settings=\"{&quot;gallery_layout&quot;:&quot;masonry&quot;,&quot;lazyload&quot;:&quot;yes&quot;,&quot;columns&quot;:4,&quot;columns_tablet&quot;:2,&quot;columns_mobile&quot;:1,&quot;gap&quot;:{&quot;unit&quot;:&quot;px&quot;,&quot;size&quot;:10,&quot;sizes&quot;:[]},&quot;gap_tablet&quot;:{&quot;unit&quot;:&quot;px&quot;,&quot;size&quot;:10,&quot;sizes&quot;:[]},&quot;gap_mobile&quot;:{&quot;unit&quot;:&quot;px&quot;,&quot;size&quot;:10,&quot;sizes&quot;:[]},&quot;link_to&quot;:&quot;file&quot;,&quot;overlay_background&quot;:&quot;yes&quot;,&quot;content_hover_animation&quot;:&quot;fade-in&quot;}\" data-widget_type=\"gallery.default\">\n\t\t\t\t<div class=\"elementor-widget-container\">\n\t\t\t\t\t\t\t<div class=\"elementor-gallery__container\">\n\t\t\t\t\t\t\t<a class=\"e-gallery-item elementor-gallery-item elementor-animated-content\" href=\"https:\/\/www.ircad.fr\/wp-content\/uploads\/IRCAD_China_191118.jpg\" data-elementor-open-lightbox=\"yes\" data-elementor-lightbox-slideshow=\"1de417d\" data-elementor-lightbox-title=\"IRCAD_China_191118\" data-e-action-hash=\"#elementor-action%3Aaction%3Dlightbox%26settings%3DeyJpZCI6OTcyNCwidXJsIjoiaHR0cHM6XC9cL3d3dy5pcmNhZC5mclwvd3AtY29udGVudFwvdXBsb2Fkc1wvSVJDQURfQ2hpbmFfMTkxMTE4LmpwZyIsInNsaWRlc2hvdyI6IjFkZTQxN2QifQ%3D%3D\">\n\t\t\t\t\t<div class=\"e-gallery-image elementor-gallery-item__image\" data-thumbnail=\"https:\/\/www.ircad.fr\/wp-content\/uploads\/IRCAD_China_191118-768x432.jpg\" data-width=\"768\" data-height=\"432\" aria-label=\"\" role=\"img\" ><\/div>\n\t\t\t\t\t\t\t\t\t\t\t<div class=\"elementor-gallery-item__overlay\"><\/div>\n\t\t\t\t\t\t\t\t\t\t\t\t\t\t<\/a>\n\t\t\t\t\t\t\t<a class=\"e-gallery-item elementor-gallery-item elementor-animated-content\" href=\"https:\/\/www.ircad.fr\/wp-content\/uploads\/IRCAD_China_191118-.jpg\" data-elementor-open-lightbox=\"yes\" data-elementor-lightbox-slideshow=\"1de417d\" data-elementor-lightbox-title=\"IRCAD_China_191118-\" data-e-action-hash=\"#elementor-action%3Aaction%3Dlightbox%26settings%3DeyJpZCI6OTcyNSwidXJsIjoiaHR0cHM6XC9cL3d3dy5pcmNhZC5mclwvd3AtY29udGVudFwvdXBsb2Fkc1wvSVJDQURfQ2hpbmFfMTkxMTE4LS5qcGciLCJzbGlkZXNob3ciOiIxZGU0MTdkIn0%3D\">\n\t\t\t\t\t<div class=\"e-gallery-image elementor-gallery-item__image\" data-thumbnail=\"https:\/\/www.ircad.fr\/wp-content\/uploads\/IRCAD_China_191118--768x432.jpg\" data-width=\"768\" data-height=\"432\" aria-label=\"\" role=\"img\" ><\/div>\n\t\t\t\t\t\t\t\t\t\t\t<div class=\"elementor-gallery-item__overlay\"><\/div>\n\t\t\t\t\t\t\t\t\t\t\t\t\t\t<\/a>\n\t\t\t\t\t\t\t<a class=\"e-gallery-item elementor-gallery-item elementor-animated-content\" href=\"https:\/\/www.ircad.fr\/wp-content\/uploads\/IRCAD_China_191118-1.jpg\" data-elementor-open-lightbox=\"yes\" data-elementor-lightbox-slideshow=\"1de417d\" data-elementor-lightbox-title=\"IRCAD_China_191118&amp;\" data-e-action-hash=\"#elementor-action%3Aaction%3Dlightbox%26settings%3DeyJpZCI6OTcyNiwidXJsIjoiaHR0cHM6XC9cL3d3dy5pcmNhZC5mclwvd3AtY29udGVudFwvdXBsb2Fkc1wvSVJDQURfQ2hpbmFfMTkxMTE4LTEuanBnIiwic2xpZGVzaG93IjoiMWRlNDE3ZCJ9\">\n\t\t\t\t\t<div class=\"e-gallery-image elementor-gallery-item__image\" data-thumbnail=\"https:\/\/www.ircad.fr\/wp-content\/uploads\/IRCAD_China_191118-1-768x432.jpg\" data-width=\"768\" data-height=\"432\" aria-label=\"\" role=\"img\" ><\/div>\n\t\t\t\t\t\t\t\t\t\t\t<div class=\"elementor-gallery-item__overlay\"><\/div>\n\t\t\t\t\t\t\t\t\t\t\t\t\t\t<\/a>\n\t\t\t\t\t\t\t<a class=\"e-gallery-item elementor-gallery-item elementor-animated-content\" href=\"https:\/\/www.ircad.fr\/wp-content\/uploads\/IRCAD_China_191118\u00e9.jpg\" data-elementor-open-lightbox=\"yes\" data-elementor-lightbox-slideshow=\"1de417d\" data-elementor-lightbox-title=\"IRCAD_China_191118\u00e9\" data-e-action-hash=\"#elementor-action%3Aaction%3Dlightbox%26settings%3DeyJpZCI6OTcyNywidXJsIjoiaHR0cHM6XC9cL3d3dy5pcmNhZC5mclwvd3AtY29udGVudFwvdXBsb2Fkc1wvSVJDQURfQ2hpbmFfMTkxMTE4XHUwMGU5LmpwZyIsInNsaWRlc2hvdyI6IjFkZTQxN2QifQ%3D%3D\">\n\t\t\t\t\t<div class=\"e-gallery-image elementor-gallery-item__image\" data-thumbnail=\"https:\/\/www.ircad.fr\/wp-content\/uploads\/IRCAD_China_191118\u00e9-768x432.jpg\" data-width=\"768\" data-height=\"432\" aria-label=\"\" role=\"img\" ><\/div>\n\t\t\t\t\t\t\t\t\t\t\t<div class=\"elementor-gallery-item__overlay\"><\/div>\n\t\t\t\t\t\t\t\t\t\t\t\t\t\t<\/a>\n\t\t\t\t\t<\/div>\n\t\t\t\t\t<\/div>\n\t\t\t\t<\/div>\n\t\t\t\t\t<\/div>\n\t\t<\/div>\n\t\t\t\t\t<\/div>\n\t\t<\/section>\n\t\t\t\t<\/div>\n\t\t","protected":false},"excerpt":{"rendered":"<p>Home<\/p>\n","protected":false},"author":6,"featured_media":0,"parent":43032,"menu_order":0,"comment_status":"closed","ping_status":"closed","template":"","meta":{"_acf_changed":false,"footnotes":""},"class_list":["post-42675","page","type-page","status-publish","hentry"],"acf":[],"yoast_head":"<!-- This site is optimized with the Yoast SEO plugin v27.4 - https:\/\/yoast.com\/product\/yoast-seo-wordpress\/ -->\n<title>IRCAD China - IRCAD<\/title>\n<meta name=\"description\" content=\"En 2022, l&#039;IRCAD \u00e9tablira un nouvel institut miroir \u00e0 Wuxi, une ville voisine de Shanghai dans l&#039;est de la Chine, en partenariat avec SK Supex Council, un conglom\u00e9rat sud-cor\u00e9en.\" \/>\n<meta name=\"robots\" content=\"index, follow, max-snippet:-1, max-image-preview:large, max-video-preview:-1\" \/>\n<link rel=\"canonical\" href=\"https:\/\/www.ircad.fr\/fr\/international-ircad-centers\/ircad-china\/\" \/>\n<meta property=\"og:locale\" content=\"fr_FR\" \/>\n<meta property=\"og:type\" content=\"article\" \/>\n<meta property=\"og:title\" content=\"IRCAD China - IRCAD\" \/>\n<meta property=\"og:description\" content=\"En 2022, l&#039;IRCAD \u00e9tablira un nouvel institut miroir \u00e0 Wuxi, une ville voisine de Shanghai dans l&#039;est de la Chine, en partenariat avec SK Supex Council, un conglom\u00e9rat sud-cor\u00e9en.\" \/>\n<meta property=\"og:url\" content=\"https:\/\/www.ircad.fr\/fr\/international-ircad-centers\/ircad-china\/\" \/>\n<meta property=\"og:site_name\" content=\"IRCAD\" \/>\n<meta property=\"article:publisher\" content=\"https:\/\/www.facebook.com\/IrcadFrance\" \/>\n<meta property=\"article:modified_time\" content=\"2022-03-15T08:01:23+00:00\" \/>\n<meta name=\"twitter:card\" content=\"summary_large_image\" \/>\n<meta name=\"twitter:site\" content=\"@IrcadFrance\" \/>\n<script type=\"application\/ld+json\" class=\"yoast-schema-graph\">{\"@context\":\"https:\\\/\\\/schema.org\",\"@graph\":[{\"@type\":\"WebPage\",\"@id\":\"https:\\\/\\\/www.ircad.fr\\\/fr\\\/international-ircad-centers\\\/ircad-china\\\/\",\"url\":\"https:\\\/\\\/www.ircad.fr\\\/fr\\\/international-ircad-centers\\\/ircad-china\\\/\",\"name\":\"IRCAD China - IRCAD\",\"isPartOf\":{\"@id\":\"https:\\\/\\\/www.ircad.fr\\\/#website\"},\"datePublished\":\"2021-10-12T09:27:27+00:00\",\"dateModified\":\"2022-03-15T08:01:23+00:00\",\"description\":\"En 2022, l'IRCAD \u00e9tablira un nouvel institut miroir \u00e0 Wuxi, une ville voisine de Shanghai dans l'est de la Chine, en partenariat avec SK Supex Council, un conglom\u00e9rat sud-cor\u00e9en.\",\"breadcrumb\":{\"@id\":\"https:\\\/\\\/www.ircad.fr\\\/fr\\\/international-ircad-centers\\\/ircad-china\\\/#breadcrumb\"},\"inLanguage\":\"fr-FR\",\"potentialAction\":[{\"@type\":\"ReadAction\",\"target\":[\"https:\\\/\\\/www.ircad.fr\\\/fr\\\/international-ircad-centers\\\/ircad-china\\\/\"]}]},{\"@type\":\"BreadcrumbList\",\"@id\":\"https:\\\/\\\/www.ircad.fr\\\/fr\\\/international-ircad-centers\\\/ircad-china\\\/#breadcrumb\",\"itemListElement\":[{\"@type\":\"ListItem\",\"position\":1,\"name\":\"Home\",\"item\":\"https:\\\/\\\/www.ircad.fr\\\/\"},{\"@type\":\"ListItem\",\"position\":2,\"name\":\"International IRCAD centers\",\"item\":\"https:\\\/\\\/www.ircad.fr\\\/fr\\\/international-ircad-centers\\\/\"},{\"@type\":\"ListItem\",\"position\":3,\"name\":\"IRCAD China\"}]},{\"@type\":\"WebSite\",\"@id\":\"https:\\\/\\\/www.ircad.fr\\\/#website\",\"url\":\"https:\\\/\\\/www.ircad.fr\\\/\",\"name\":\"IRCAD - Laparoscopic training center\",\"description\":\"There is no better way to learn\",\"potentialAction\":[{\"@type\":\"SearchAction\",\"target\":{\"@type\":\"EntryPoint\",\"urlTemplate\":\"https:\\\/\\\/www.ircad.fr\\\/?s={search_term_string}\"},\"query-input\":{\"@type\":\"PropertyValueSpecification\",\"valueRequired\":true,\"valueName\":\"search_term_string\"}}],\"inLanguage\":\"fr-FR\"}]}<\/script>\n<!-- \/ Yoast SEO plugin. -->","yoast_head_json":{"title":"IRCAD China - IRCAD","description":"En 2022, l'IRCAD \u00e9tablira un nouvel institut miroir \u00e0 Wuxi, une ville voisine de Shanghai dans l'est de la Chine, en partenariat avec SK Supex Council, un conglom\u00e9rat sud-cor\u00e9en.","robots":{"index":"index","follow":"follow","max-snippet":"max-snippet:-1","max-image-preview":"max-image-preview:large","max-video-preview":"max-video-preview:-1"},"canonical":"https:\/\/www.ircad.fr\/fr\/international-ircad-centers\/ircad-china\/","og_locale":"fr_FR","og_type":"article","og_title":"IRCAD China - IRCAD","og_description":"En 2022, l'IRCAD \u00e9tablira un nouvel institut miroir \u00e0 Wuxi, une ville voisine de Shanghai dans l'est de la Chine, en partenariat avec SK Supex Council, un conglom\u00e9rat sud-cor\u00e9en.","og_url":"https:\/\/www.ircad.fr\/fr\/international-ircad-centers\/ircad-china\/","og_site_name":"IRCAD","article_publisher":"https:\/\/www.facebook.com\/IrcadFrance","article_modified_time":"2022-03-15T08:01:23+00:00","twitter_card":"summary_large_image","twitter_site":"@IrcadFrance","schema":{"@context":"https:\/\/schema.org","@graph":[{"@type":"WebPage","@id":"https:\/\/www.ircad.fr\/fr\/international-ircad-centers\/ircad-china\/","url":"https:\/\/www.ircad.fr\/fr\/international-ircad-centers\/ircad-china\/","name":"IRCAD China - IRCAD","isPartOf":{"@id":"https:\/\/www.ircad.fr\/#website"},"datePublished":"2021-10-12T09:27:27+00:00","dateModified":"2022-03-15T08:01:23+00:00","description":"En 2022, l'IRCAD \u00e9tablira un nouvel institut miroir \u00e0 Wuxi, une ville voisine de Shanghai dans l'est de la Chine, en partenariat avec SK Supex Council, un conglom\u00e9rat sud-cor\u00e9en.","breadcrumb":{"@id":"https:\/\/www.ircad.fr\/fr\/international-ircad-centers\/ircad-china\/#breadcrumb"},"inLanguage":"fr-FR","potentialAction":[{"@type":"ReadAction","target":["https:\/\/www.ircad.fr\/fr\/international-ircad-centers\/ircad-china\/"]}]},{"@type":"BreadcrumbList","@id":"https:\/\/www.ircad.fr\/fr\/international-ircad-centers\/ircad-china\/#breadcrumb","itemListElement":[{"@type":"ListItem","position":1,"name":"Home","item":"https:\/\/www.ircad.fr\/"},{"@type":"ListItem","position":2,"name":"International IRCAD centers","item":"https:\/\/www.ircad.fr\/fr\/international-ircad-centers\/"},{"@type":"ListItem","position":3,"name":"IRCAD China"}]},{"@type":"WebSite","@id":"https:\/\/www.ircad.fr\/#website","url":"https:\/\/www.ircad.fr\/","name":"IRCAD - Laparoscopic training center","description":"There is no better way to learn","potentialAction":[{"@type":"SearchAction","target":{"@type":"EntryPoint","urlTemplate":"https:\/\/www.ircad.fr\/?s={search_term_string}"},"query-input":{"@type":"PropertyValueSpecification","valueRequired":true,"valueName":"search_term_string"}}],"inLanguage":"fr-FR"}]}},"publishpress_future_action":{"enabled":false,"date":"2026-05-02 16:28:42","action":"change-status","newStatus":"draft","terms":[],"taxonomy":"translation_priority","extraData":[]},"publishpress_future_workflow_manual_trigger":{"enabledWorkflows":[]},"_links":{"self":[{"href":"https:\/\/www.ircad.fr\/fr\/wp-json\/wp\/v2\/pages\/42675","targetHints":{"allow":["GET"]}}],"collection":[{"href":"https:\/\/www.ircad.fr\/fr\/wp-json\/wp\/v2\/pages"}],"about":[{"href":"https:\/\/www.ircad.fr\/fr\/wp-json\/wp\/v2\/types\/page"}],"author":[{"embeddable":true,"href":"https:\/\/www.ircad.fr\/fr\/wp-json\/wp\/v2\/users\/6"}],"replies":[{"embeddable":true,"href":"https:\/\/www.ircad.fr\/fr\/wp-json\/wp\/v2\/comments?post=42675"}],"version-history":[{"count":5,"href":"https:\/\/www.ircad.fr\/fr\/wp-json\/wp\/v2\/pages\/42675\/revisions"}],"predecessor-version":[{"id":72069,"href":"https:\/\/www.ircad.fr\/fr\/wp-json\/wp\/v2\/pages\/42675\/revisions\/72069"}],"up":[{"embeddable":true,"href":"https:\/\/www.ircad.fr\/fr\/wp-json\/wp\/v2\/pages\/43032"}],"wp:attachment":[{"href":"https:\/\/www.ircad.fr\/fr\/wp-json\/wp\/v2\/media?parent=42675"}],"curies":[{"name":"wp","href":"https:\/\/api.w.org\/{rel}","templated":true}]}}