{"id":42686,"date":"2021-10-12T11:33:01","date_gmt":"2021-10-12T09:33:01","guid":{"rendered":"https:\/\/ircad.fr\/ircad-taiwan\/"},"modified":"2023-08-31T14:35:55","modified_gmt":"2023-08-31T12:35:55","slug":"ircad-taiwan","status":"publish","type":"page","link":"https:\/\/www.ircad.fr\/fr\/international-ircad-centers\/ircad-taiwan\/","title":{"rendered":"IRCAD Taiwan"},"content":{"rendered":"\t\t<div data-elementor-type=\"wp-page\" data-elementor-id=\"42686\" class=\"elementor elementor-42686 elementor-10369\" data-elementor-post-type=\"page\">\n\t\t\t\t\t\t<section class=\"elementor-section elementor-top-section elementor-element elementor-element-5ada303e elementor-section-boxed elementor-section-height-default elementor-section-height-default\" data-id=\"5ada303e\" data-element_type=\"section\" data-e-type=\"section\">\n\t\t\t\t\t\t<div class=\"elementor-container elementor-column-gap-default\">\n\t\t\t\t\t<div class=\"elementor-column elementor-col-100 elementor-top-column elementor-element elementor-element-49e46180\" data-id=\"49e46180\" data-element_type=\"column\" data-e-type=\"column\">\n\t\t\t<div class=\"elementor-widget-wrap elementor-element-populated\">\n\t\t\t\t\t\t<div class=\"elementor-element elementor-element-2909a846 elementor-widget elementor-widget-dce-breadcrumbs\" data-id=\"2909a846\" data-element_type=\"widget\" data-e-type=\"widget\" data-widget_type=\"dce-breadcrumbs.default\">\n\t\t\t\t<div class=\"elementor-widget-container\">\n\t\t\t\t\t<div><span><span><a href=\"https:\/\/www.ircad.fr\/\">Home<\/a><\/span><\/span><\/div>\t\t\t\t<\/div>\n\t\t\t\t<\/div>\n\t\t\t\t<div class=\"elementor-element elementor-element-720d9ab5 elementor-widget-divider--view-line elementor-widget elementor-widget-divider\" data-id=\"720d9ab5\" data-element_type=\"widget\" data-e-type=\"widget\" data-widget_type=\"divider.default\">\n\t\t\t\t<div class=\"elementor-widget-container\">\n\t\t\t\t\t\t\t<div class=\"elementor-divider\">\n\t\t\t<span class=\"elementor-divider-separator\">\n\t\t\t\t\t\t<\/span>\n\t\t<\/div>\n\t\t\t\t\t\t<\/div>\n\t\t\t\t<\/div>\n\t\t\t\t\t<\/div>\n\t\t<\/div>\n\t\t\t\t\t<\/div>\n\t\t<\/section>\n\t\t\t\t<section class=\"elementor-section elementor-top-section elementor-element elementor-element-50f867a elementor-section-boxed elementor-section-height-default elementor-section-height-default\" data-id=\"50f867a\" data-element_type=\"section\" data-e-type=\"section\">\n\t\t\t\t\t\t<div class=\"elementor-container elementor-column-gap-default\">\n\t\t\t\t\t<div class=\"elementor-column elementor-col-100 elementor-top-column elementor-element elementor-element-9a80a52\" data-id=\"9a80a52\" data-element_type=\"column\" data-e-type=\"column\">\n\t\t\t<div class=\"elementor-widget-wrap elementor-element-populated\">\n\t\t\t\t\t\t<div class=\"elementor-element elementor-element-804702c elementor-widget elementor-widget-text-editor\" data-id=\"804702c\" data-element_type=\"widget\" data-e-type=\"widget\" data-widget_type=\"text-editor.default\">\n\t\t\t\t<div class=\"elementor-widget-container\">\n\t\t\t\t\t\t\t\t\t<p>L&rsquo;IRCAD Taiwan est le plus grand centre de formation en laparoscopie d&rsquo;Asie.<\/p>\n<p>L&rsquo;IRCAD Taiwan\/AITS &#8211; Asian Institute of TeleSurgery est le premier IRCAD \u00e0 ouvrir ses portes en dehors de la France. Il a ouvert en 2008 avec les \u00e9quipements les plus complets et les plus sophistiqu\u00e9s dans le parc de sant\u00e9 de Chang Bing Show Chwan, \u00e0 Lugang. D&rsquo;un co\u00fbt de pr\u00e8s de 10 millions de dollars, l&rsquo;Institut de Taiwan est un b\u00e2timent de quatre \u00e9tages couvrant 5 000 m\u00e8tres carr\u00e9s, \u00e9quip\u00e9 d&rsquo;une vingtaine de plateaux de formation chirurgicale et d&rsquo;un laboratoire animalier.<\/p>\n<p>Sous la direction de son pr\u00e9sident, Min-Ho Huang, l&rsquo;IRCAD Taiwan cherche \u00e0 fournir une excellente plateforme d&rsquo;apprentissage au profit des chirurgiens, afin d&rsquo;am\u00e9liorer les normes m\u00e9dicales en mati\u00e8re de chirurgie mini-invasive dans la r\u00e9gion Asie-Pacifique. Depuis l&rsquo;ouverture de l&rsquo;IRCAD Taiwan, plus de 8 000 \u00e9tudiants de plus de 60 pays ont \u00e9t\u00e9 form\u00e9s, r\u00e9unissant des experts de renomm\u00e9e mondiale pour des discussions interdisciplinaires, ouvrant ainsi une nouvelle porte \u00e0 la r\u00e9gion Asie-Pacifique.<\/p>\n\t\t\t\t\t\t\t\t<\/div>\n\t\t\t\t<\/div>\n\t\t\t\t<div class=\"elementor-element elementor-element-9586a38 elementor-widget elementor-widget-button\" data-id=\"9586a38\" data-element_type=\"widget\" data-e-type=\"widget\" data-widget_type=\"button.default\">\n\t\t\t\t<div class=\"elementor-widget-container\">\n\t\t\t\t\t\t\t\t\t<div class=\"elementor-button-wrapper\">\n\t\t\t\t\t<a class=\"elementor-button elementor-button-link elementor-size-sm\" href=\"https:\/\/www.ircadtaiwan.com\/en-us\/%20\">\n\t\t\t\t\t\t<span class=\"elementor-button-content-wrapper\">\n\t\t\t\t\t\t\t\t\t<span class=\"elementor-button-text\">IRCAD Taiwan<\/span>\n\t\t\t\t\t<\/span>\n\t\t\t\t\t<\/a>\n\t\t\t\t<\/div>\n\t\t\t\t\t\t\t\t<\/div>\n\t\t\t\t<\/div>\n\t\t\t\t\t<\/div>\n\t\t<\/div>\n\t\t\t\t\t<\/div>\n\t\t<\/section>\n\t\t\t\t<section class=\"elementor-section elementor-top-section elementor-element elementor-element-8cbc30e elementor-section-boxed elementor-section-height-default elementor-section-height-default\" data-id=\"8cbc30e\" data-element_type=\"section\" data-e-type=\"section\">\n\t\t\t\t\t\t<div class=\"elementor-container elementor-column-gap-default\">\n\t\t\t\t\t<div class=\"elementor-column elementor-col-100 elementor-top-column elementor-element elementor-element-9b406a6\" data-id=\"9b406a6\" data-element_type=\"column\" data-e-type=\"column\">\n\t\t\t<div class=\"elementor-widget-wrap elementor-element-populated\">\n\t\t\t\t\t\t<div class=\"elementor-element elementor-element-8855486 elementor-widget elementor-widget-html\" data-id=\"8855486\" data-element_type=\"widget\" data-e-type=\"widget\" data-widget_type=\"html.default\">\n\t\t\t\t<div class=\"elementor-widget-container\">\n\t\t\t\t\t<div class=\"vimeo_player vimeo_single_page\" videoid=\"687955195\" title=\"0\" byline=0 portrait=0 width=\"100%\" height=\"100%\"><\/div>\r\n\r\n<div class=\"video_header_single_page\">\r\n    \r\n<\/div>\t\t\t\t<\/div>\n\t\t\t\t<\/div>\n\t\t\t\t\t<\/div>\n\t\t<\/div>\n\t\t\t\t\t<\/div>\n\t\t<\/section>\n\t\t\t\t<section class=\"elementor-section elementor-top-section elementor-element elementor-element-936ae2e elementor-section-full_width elementor-section-height-default elementor-section-height-default\" data-id=\"936ae2e\" data-element_type=\"section\" data-e-type=\"section\">\n\t\t\t\t\t\t<div class=\"elementor-container elementor-column-gap-default\">\n\t\t\t\t\t<div class=\"elementor-column elementor-col-100 elementor-top-column elementor-element elementor-element-65fcea4\" data-id=\"65fcea4\" data-element_type=\"column\" data-e-type=\"column\">\n\t\t\t<div class=\"elementor-widget-wrap elementor-element-populated\">\n\t\t\t\t\t\t<div class=\"elementor-element elementor-element-66b7f0f elementor-widget elementor-widget-gallery\" data-id=\"66b7f0f\" data-element_type=\"widget\" data-e-type=\"widget\" data-settings=\"{&quot;gallery_layout&quot;:&quot;masonry&quot;,&quot;lazyload&quot;:&quot;yes&quot;,&quot;columns&quot;:4,&quot;columns_tablet&quot;:2,&quot;columns_mobile&quot;:1,&quot;gap&quot;:{&quot;unit&quot;:&quot;px&quot;,&quot;size&quot;:10,&quot;sizes&quot;:[]},&quot;gap_tablet&quot;:{&quot;unit&quot;:&quot;px&quot;,&quot;size&quot;:10,&quot;sizes&quot;:[]},&quot;gap_mobile&quot;:{&quot;unit&quot;:&quot;px&quot;,&quot;size&quot;:10,&quot;sizes&quot;:[]},&quot;link_to&quot;:&quot;file&quot;,&quot;overlay_background&quot;:&quot;yes&quot;,&quot;content_hover_animation&quot;:&quot;fade-in&quot;}\" data-widget_type=\"gallery.default\">\n\t\t\t\t<div class=\"elementor-widget-container\">\n\t\t\t\t\t\t\t<div class=\"elementor-gallery__container\">\n\t\t\t\t\t\t\t<a class=\"e-gallery-item elementor-gallery-item elementor-animated-content\" href=\"https:\/\/www.ircad.fr\/wp-content\/uploads\/IRC_2329-scaled.jpg\" data-elementor-open-lightbox=\"yes\" data-elementor-lightbox-slideshow=\"66b7f0f\" data-elementor-lightbox-title=\"IRC_2329\" data-e-action-hash=\"#elementor-action%3Aaction%3Dlightbox%26settings%3DeyJpZCI6OTcwNSwidXJsIjoiaHR0cHM6XC9cL3d3dy5pcmNhZC5mclwvd3AtY29udGVudFwvdXBsb2Fkc1wvSVJDXzIzMjktc2NhbGVkLmpwZyIsInNsaWRlc2hvdyI6IjY2YjdmMGYifQ%3D%3D\">\n\t\t\t\t\t<div class=\"e-gallery-image elementor-gallery-item__image\" data-thumbnail=\"https:\/\/www.ircad.fr\/wp-content\/uploads\/IRC_2329-300x200.jpg\" data-width=\"300\" data-height=\"200\" aria-label=\"\" role=\"img\" ><\/div>\n\t\t\t\t\t\t\t\t\t\t\t<div class=\"elementor-gallery-item__overlay\"><\/div>\n\t\t\t\t\t\t\t\t\t\t\t\t\t\t<\/a>\n\t\t\t\t\t\t\t<a class=\"e-gallery-item elementor-gallery-item elementor-animated-content\" href=\"https:\/\/www.ircad.fr\/wp-content\/uploads\/IRC_0766-scaled.jpg\" data-elementor-open-lightbox=\"yes\" data-elementor-lightbox-slideshow=\"66b7f0f\" data-elementor-lightbox-title=\"IRC_0766\" data-e-action-hash=\"#elementor-action%3Aaction%3Dlightbox%26settings%3DeyJpZCI6OTcwNCwidXJsIjoiaHR0cHM6XC9cL3d3dy5pcmNhZC5mclwvd3AtY29udGVudFwvdXBsb2Fkc1wvSVJDXzA3NjYtc2NhbGVkLmpwZyIsInNsaWRlc2hvdyI6IjY2YjdmMGYifQ%3D%3D\">\n\t\t\t\t\t<div class=\"e-gallery-image elementor-gallery-item__image\" data-thumbnail=\"https:\/\/www.ircad.fr\/wp-content\/uploads\/IRC_0766-300x200.jpg\" data-width=\"300\" data-height=\"200\" aria-label=\"\" role=\"img\" ><\/div>\n\t\t\t\t\t\t\t\t\t\t\t<div class=\"elementor-gallery-item__overlay\"><\/div>\n\t\t\t\t\t\t\t\t\t\t\t\t\t\t<\/a>\n\t\t\t\t\t\t\t<a class=\"e-gallery-item elementor-gallery-item elementor-animated-content\" href=\"https:\/\/www.ircad.fr\/wp-content\/uploads\/0874_\u00a9PHILIPPE-ERANIAN_MK_8114.jpg\" data-elementor-open-lightbox=\"yes\" data-elementor-lightbox-slideshow=\"66b7f0f\" data-elementor-lightbox-title=\"0874_\u00a9PHILIPPE-ERANIAN_MK_8114\" data-e-action-hash=\"#elementor-action%3Aaction%3Dlightbox%26settings%3DeyJpZCI6OTcwMiwidXJsIjoiaHR0cHM6XC9cL3d3dy5pcmNhZC5mclwvd3AtY29udGVudFwvdXBsb2Fkc1wvMDg3NF9cdTAwYTlQSElMSVBQRS1FUkFOSUFOX01LXzgxMTQuanBnIiwic2xpZGVzaG93IjoiNjZiN2YwZiJ9\">\n\t\t\t\t\t<div class=\"e-gallery-image elementor-gallery-item__image\" data-thumbnail=\"https:\/\/www.ircad.fr\/wp-content\/uploads\/0874_\u00a9PHILIPPE-ERANIAN_MK_8114-300x200.jpg\" data-width=\"300\" data-height=\"200\" aria-label=\"\" role=\"img\" ><\/div>\n\t\t\t\t\t\t\t\t\t\t\t<div class=\"elementor-gallery-item__overlay\"><\/div>\n\t\t\t\t\t\t\t\t\t\t\t\t\t\t<\/a>\n\t\t\t\t\t\t\t<a class=\"e-gallery-item elementor-gallery-item elementor-animated-content\" href=\"https:\/\/www.ircad.fr\/wp-content\/uploads\/21_2-eranian.jpg\" data-elementor-open-lightbox=\"yes\" data-elementor-lightbox-slideshow=\"66b7f0f\" data-elementor-lightbox-title=\"21_2 eranian\" data-e-action-hash=\"#elementor-action%3Aaction%3Dlightbox%26settings%3DeyJpZCI6OTcwMSwidXJsIjoiaHR0cHM6XC9cL3d3dy5pcmNhZC5mclwvd3AtY29udGVudFwvdXBsb2Fkc1wvMjFfMi1lcmFuaWFuLmpwZyIsInNsaWRlc2hvdyI6IjY2YjdmMGYifQ%3D%3D\">\n\t\t\t\t\t<div class=\"e-gallery-image elementor-gallery-item__image\" data-thumbnail=\"https:\/\/www.ircad.fr\/wp-content\/uploads\/21_2-eranian-300x200.jpg\" data-width=\"300\" data-height=\"200\" aria-label=\"\" role=\"img\" ><\/div>\n\t\t\t\t\t\t\t\t\t\t\t<div class=\"elementor-gallery-item__overlay\"><\/div>\n\t\t\t\t\t\t\t\t\t\t\t\t\t\t<\/a>\n\t\t\t\t\t\t\t<a class=\"e-gallery-item elementor-gallery-item elementor-animated-content\" href=\"https:\/\/www.ircad.fr\/wp-content\/uploads\/10\u00e8me-anniv-taiwan-4_.jpg\" data-elementor-open-lightbox=\"yes\" data-elementor-lightbox-slideshow=\"66b7f0f\" data-elementor-lightbox-title=\"10\u00e8me anniv taiwan 4_\" data-e-action-hash=\"#elementor-action%3Aaction%3Dlightbox%26settings%3DeyJpZCI6OTcwMCwidXJsIjoiaHR0cHM6XC9cL3d3dy5pcmNhZC5mclwvd3AtY29udGVudFwvdXBsb2Fkc1wvMTBcdTAwZThtZS1hbm5pdi10YWl3YW4tNF8uanBnIiwic2xpZGVzaG93IjoiNjZiN2YwZiJ9\">\n\t\t\t\t\t<div class=\"e-gallery-image elementor-gallery-item__image\" data-thumbnail=\"https:\/\/www.ircad.fr\/wp-content\/uploads\/10\u00e8me-anniv-taiwan-4_-300x200.jpg\" data-width=\"300\" data-height=\"200\" aria-label=\"\" role=\"img\" ><\/div>\n\t\t\t\t\t\t\t\t\t\t\t<div class=\"elementor-gallery-item__overlay\"><\/div>\n\t\t\t\t\t\t\t\t\t\t\t\t\t\t<\/a>\n\t\t\t\t\t\t\t<a class=\"e-gallery-item elementor-gallery-item elementor-animated-content\" href=\"https:\/\/www.ircad.fr\/wp-content\/uploads\/DSC0082-scaled.jpg\" data-elementor-open-lightbox=\"yes\" data-elementor-lightbox-slideshow=\"66b7f0f\" data-elementor-lightbox-title=\"_DSC0082\" data-e-action-hash=\"#elementor-action%3Aaction%3Dlightbox%26settings%3DeyJpZCI6OTY5OSwidXJsIjoiaHR0cHM6XC9cL3d3dy5pcmNhZC5mclwvd3AtY29udGVudFwvdXBsb2Fkc1wvRFNDMDA4Mi1zY2FsZWQuanBnIiwic2xpZGVzaG93IjoiNjZiN2YwZiJ9\">\n\t\t\t\t\t<div class=\"e-gallery-image elementor-gallery-item__image\" data-thumbnail=\"https:\/\/www.ircad.fr\/wp-content\/uploads\/DSC0082-300x199.jpg\" data-width=\"300\" data-height=\"199\" aria-label=\"\" role=\"img\" ><\/div>\n\t\t\t\t\t\t\t\t\t\t\t<div class=\"elementor-gallery-item__overlay\"><\/div>\n\t\t\t\t\t\t\t\t\t\t\t\t\t\t<\/a>\n\t\t\t\t\t<\/div>\n\t\t\t\t\t<\/div>\n\t\t\t\t<\/div>\n\t\t\t\t\t<\/div>\n\t\t<\/div>\n\t\t\t\t\t<\/div>\n\t\t<\/section>\n\t\t\t\t<\/div>\n\t\t","protected":false},"excerpt":{"rendered":"<p>Home L&rsquo;IRCAD Taiwan est le plus grand centre de formation en laparoscopie d&rsquo;Asie. L&rsquo;IRCAD Taiwan\/AITS &#8211; Asian Institute of TeleSurgery est le premier IRCAD \u00e0 ouvrir ses portes en dehors de la France. Il a ouvert en 2008 avec les \u00e9quipements les plus complets et les plus sophistiqu\u00e9s dans le parc de sant\u00e9 de Chang [&hellip;]<\/p>\n","protected":false},"author":6,"featured_media":0,"parent":43032,"menu_order":0,"comment_status":"closed","ping_status":"closed","template":"","meta":{"_acf_changed":false,"footnotes":""},"class_list":["post-42686","page","type-page","status-publish","hentry"],"acf":[],"yoast_head":"<!-- This site is optimized with the Yoast SEO plugin v27.4 - https:\/\/yoast.com\/product\/yoast-seo-wordpress\/ -->\n<title>IRCAD Taiwan - IRCAD<\/title>\n<meta name=\"description\" content=\"L&#039;IRCAD Taiwan\/AITS - Asian Institute of TeleSurgery est le premier IRCAD \u00e0 ouvrir ses portes hors de France, dans le parc de sant\u00e9 Chang Bing Show Chwan, \u00e0 Lugang.\" \/>\n<meta name=\"robots\" content=\"index, follow, max-snippet:-1, max-image-preview:large, max-video-preview:-1\" \/>\n<link rel=\"canonical\" href=\"https:\/\/www.ircad.fr\/fr\/international-ircad-centers\/ircad-taiwan\/\" \/>\n<meta property=\"og:locale\" content=\"fr_FR\" \/>\n<meta property=\"og:type\" content=\"article\" \/>\n<meta property=\"og:title\" content=\"IRCAD Taiwan - IRCAD\" \/>\n<meta property=\"og:description\" content=\"L&#039;IRCAD Taiwan\/AITS - Asian Institute of TeleSurgery est le premier IRCAD \u00e0 ouvrir ses portes hors de France, dans le parc de sant\u00e9 Chang Bing Show Chwan, \u00e0 Lugang.\" \/>\n<meta property=\"og:url\" content=\"https:\/\/www.ircad.fr\/fr\/international-ircad-centers\/ircad-taiwan\/\" \/>\n<meta property=\"og:site_name\" content=\"IRCAD\" \/>\n<meta property=\"article:publisher\" content=\"https:\/\/www.facebook.com\/IrcadFrance\" \/>\n<meta property=\"article:modified_time\" content=\"2023-08-31T12:35:55+00:00\" \/>\n<meta name=\"twitter:card\" content=\"summary_large_image\" \/>\n<meta name=\"twitter:site\" content=\"@IrcadFrance\" \/>\n<meta name=\"twitter:label1\" content=\"Dur\u00e9e de lecture estim\u00e9e\" \/>\n\t<meta name=\"twitter:data1\" content=\"1 minute\" \/>\n<script type=\"application\/ld+json\" class=\"yoast-schema-graph\">{\"@context\":\"https:\\\/\\\/schema.org\",\"@graph\":[{\"@type\":\"WebPage\",\"@id\":\"https:\\\/\\\/www.ircad.fr\\\/fr\\\/international-ircad-centers\\\/ircad-taiwan\\\/\",\"url\":\"https:\\\/\\\/www.ircad.fr\\\/fr\\\/international-ircad-centers\\\/ircad-taiwan\\\/\",\"name\":\"IRCAD Taiwan - IRCAD\",\"isPartOf\":{\"@id\":\"https:\\\/\\\/www.ircad.fr\\\/#website\"},\"datePublished\":\"2021-10-12T09:33:01+00:00\",\"dateModified\":\"2023-08-31T12:35:55+00:00\",\"description\":\"L'IRCAD Taiwan\\\/AITS - Asian Institute of TeleSurgery est le premier IRCAD \u00e0 ouvrir ses portes hors de France, dans le parc de sant\u00e9 Chang Bing Show Chwan, \u00e0 Lugang.\",\"breadcrumb\":{\"@id\":\"https:\\\/\\\/www.ircad.fr\\\/fr\\\/international-ircad-centers\\\/ircad-taiwan\\\/#breadcrumb\"},\"inLanguage\":\"fr-FR\",\"potentialAction\":[{\"@type\":\"ReadAction\",\"target\":[\"https:\\\/\\\/www.ircad.fr\\\/fr\\\/international-ircad-centers\\\/ircad-taiwan\\\/\"]}]},{\"@type\":\"BreadcrumbList\",\"@id\":\"https:\\\/\\\/www.ircad.fr\\\/fr\\\/international-ircad-centers\\\/ircad-taiwan\\\/#breadcrumb\",\"itemListElement\":[{\"@type\":\"ListItem\",\"position\":1,\"name\":\"Home\",\"item\":\"https:\\\/\\\/www.ircad.fr\\\/\"},{\"@type\":\"ListItem\",\"position\":2,\"name\":\"International IRCAD centers\",\"item\":\"https:\\\/\\\/www.ircad.fr\\\/fr\\\/international-ircad-centers\\\/\"},{\"@type\":\"ListItem\",\"position\":3,\"name\":\"IRCAD Taiwan\"}]},{\"@type\":\"WebSite\",\"@id\":\"https:\\\/\\\/www.ircad.fr\\\/#website\",\"url\":\"https:\\\/\\\/www.ircad.fr\\\/\",\"name\":\"IRCAD - Laparoscopic training center\",\"description\":\"There is no better way to learn\",\"potentialAction\":[{\"@type\":\"SearchAction\",\"target\":{\"@type\":\"EntryPoint\",\"urlTemplate\":\"https:\\\/\\\/www.ircad.fr\\\/?s={search_term_string}\"},\"query-input\":{\"@type\":\"PropertyValueSpecification\",\"valueRequired\":true,\"valueName\":\"search_term_string\"}}],\"inLanguage\":\"fr-FR\"}]}<\/script>\n<!-- \/ Yoast SEO plugin. -->","yoast_head_json":{"title":"IRCAD Taiwan - IRCAD","description":"L'IRCAD Taiwan\/AITS - Asian Institute of TeleSurgery est le premier IRCAD \u00e0 ouvrir ses portes hors de France, dans le parc de sant\u00e9 Chang Bing Show Chwan, \u00e0 Lugang.","robots":{"index":"index","follow":"follow","max-snippet":"max-snippet:-1","max-image-preview":"max-image-preview:large","max-video-preview":"max-video-preview:-1"},"canonical":"https:\/\/www.ircad.fr\/fr\/international-ircad-centers\/ircad-taiwan\/","og_locale":"fr_FR","og_type":"article","og_title":"IRCAD Taiwan - IRCAD","og_description":"L'IRCAD Taiwan\/AITS - Asian Institute of TeleSurgery est le premier IRCAD \u00e0 ouvrir ses portes hors de France, dans le parc de sant\u00e9 Chang Bing Show Chwan, \u00e0 Lugang.","og_url":"https:\/\/www.ircad.fr\/fr\/international-ircad-centers\/ircad-taiwan\/","og_site_name":"IRCAD","article_publisher":"https:\/\/www.facebook.com\/IrcadFrance","article_modified_time":"2023-08-31T12:35:55+00:00","twitter_card":"summary_large_image","twitter_site":"@IrcadFrance","twitter_misc":{"Dur\u00e9e de lecture estim\u00e9e":"1 minute"},"schema":{"@context":"https:\/\/schema.org","@graph":[{"@type":"WebPage","@id":"https:\/\/www.ircad.fr\/fr\/international-ircad-centers\/ircad-taiwan\/","url":"https:\/\/www.ircad.fr\/fr\/international-ircad-centers\/ircad-taiwan\/","name":"IRCAD Taiwan - IRCAD","isPartOf":{"@id":"https:\/\/www.ircad.fr\/#website"},"datePublished":"2021-10-12T09:33:01+00:00","dateModified":"2023-08-31T12:35:55+00:00","description":"L'IRCAD Taiwan\/AITS - Asian Institute of TeleSurgery est le premier IRCAD \u00e0 ouvrir ses portes hors de France, dans le parc de sant\u00e9 Chang Bing Show Chwan, \u00e0 Lugang.","breadcrumb":{"@id":"https:\/\/www.ircad.fr\/fr\/international-ircad-centers\/ircad-taiwan\/#breadcrumb"},"inLanguage":"fr-FR","potentialAction":[{"@type":"ReadAction","target":["https:\/\/www.ircad.fr\/fr\/international-ircad-centers\/ircad-taiwan\/"]}]},{"@type":"BreadcrumbList","@id":"https:\/\/www.ircad.fr\/fr\/international-ircad-centers\/ircad-taiwan\/#breadcrumb","itemListElement":[{"@type":"ListItem","position":1,"name":"Home","item":"https:\/\/www.ircad.fr\/"},{"@type":"ListItem","position":2,"name":"International IRCAD centers","item":"https:\/\/www.ircad.fr\/fr\/international-ircad-centers\/"},{"@type":"ListItem","position":3,"name":"IRCAD Taiwan"}]},{"@type":"WebSite","@id":"https:\/\/www.ircad.fr\/#website","url":"https:\/\/www.ircad.fr\/","name":"IRCAD - Laparoscopic training center","description":"There is no better way to learn","potentialAction":[{"@type":"SearchAction","target":{"@type":"EntryPoint","urlTemplate":"https:\/\/www.ircad.fr\/?s={search_term_string}"},"query-input":{"@type":"PropertyValueSpecification","valueRequired":true,"valueName":"search_term_string"}}],"inLanguage":"fr-FR"}]}},"publishpress_future_action":{"enabled":false,"date":"2026-05-02 15:13:11","action":"change-status","newStatus":"draft","terms":[],"taxonomy":"translation_priority","extraData":[]},"publishpress_future_workflow_manual_trigger":{"enabledWorkflows":[]},"_links":{"self":[{"href":"https:\/\/www.ircad.fr\/fr\/wp-json\/wp\/v2\/pages\/42686","targetHints":{"allow":["GET"]}}],"collection":[{"href":"https:\/\/www.ircad.fr\/fr\/wp-json\/wp\/v2\/pages"}],"about":[{"href":"https:\/\/www.ircad.fr\/fr\/wp-json\/wp\/v2\/types\/page"}],"author":[{"embeddable":true,"href":"https:\/\/www.ircad.fr\/fr\/wp-json\/wp\/v2\/users\/6"}],"replies":[{"embeddable":true,"href":"https:\/\/www.ircad.fr\/fr\/wp-json\/wp\/v2\/comments?post=42686"}],"version-history":[{"count":5,"href":"https:\/\/www.ircad.fr\/fr\/wp-json\/wp\/v2\/pages\/42686\/revisions"}],"predecessor-version":[{"id":89690,"href":"https:\/\/www.ircad.fr\/fr\/wp-json\/wp\/v2\/pages\/42686\/revisions\/89690"}],"up":[{"embeddable":true,"href":"https:\/\/www.ircad.fr\/fr\/wp-json\/wp\/v2\/pages\/43032"}],"wp:attachment":[{"href":"https:\/\/www.ircad.fr\/fr\/wp-json\/wp\/v2\/media?parent=42686"}],"curies":[{"name":"wp","href":"https:\/\/api.w.org\/{rel}","templated":true}]}}