{"id":42978,"date":"2021-10-13T10:11:00","date_gmt":"2021-10-13T08:11:00","guid":{"rendered":"https:\/\/ircad.fr\/enquete-sur-la-pratique\/"},"modified":"2021-10-13T10:11:00","modified_gmt":"2021-10-13T08:11:00","slug":"enquete-sur-la-pratique","status":"publish","type":"page","link":"https:\/\/www.ircad.fr\/fr\/enquete-sur-la-pratique\/","title":{"rendered":"Enqu\u00eate sur la pratique"},"content":{"rendered":"\t\t<div data-elementor-type=\"wp-page\" data-elementor-id=\"42978\" class=\"elementor elementor-42978 elementor-22386\" data-elementor-post-type=\"page\">\n\t\t\t\t\t\t<section class=\"elementor-section elementor-top-section elementor-element elementor-element-c58a357 elementor-section-boxed elementor-section-height-default elementor-section-height-default\" data-id=\"c58a357\" data-element_type=\"section\" data-e-type=\"section\">\n\t\t\t\t\t\t<div class=\"elementor-container elementor-column-gap-default\">\n\t\t\t\t\t<div class=\"elementor-column elementor-col-100 elementor-top-column elementor-element elementor-element-942889b\" data-id=\"942889b\" data-element_type=\"column\" data-e-type=\"column\">\n\t\t\t<div class=\"elementor-widget-wrap elementor-element-populated\">\n\t\t\t\t\t\t<div class=\"elementor-element elementor-element-4f88152 elementor-widget elementor-widget-breadcrumbs\" data-id=\"4f88152\" data-element_type=\"widget\" data-e-type=\"widget\" data-widget_type=\"breadcrumbs.default\">\n\t\t\t\t<div class=\"elementor-widget-container\">\n\t\t\t\t\t<p id=\"breadcrumbs\"><span><span><a href=\"https:\/\/www.ircad.fr\/\">Home<\/a><\/span><\/span><\/p>\t\t\t\t<\/div>\n\t\t\t\t<\/div>\n\t\t\t\t<div class=\"elementor-element elementor-element-1363a7a elementor-widget-divider--view-line elementor-widget elementor-widget-divider\" data-id=\"1363a7a\" data-element_type=\"widget\" data-e-type=\"widget\" data-widget_type=\"divider.default\">\n\t\t\t\t<div class=\"elementor-widget-container\">\n\t\t\t\t\t\t\t<div class=\"elementor-divider\">\n\t\t\t<span class=\"elementor-divider-separator\">\n\t\t\t\t\t\t<\/span>\n\t\t<\/div>\n\t\t\t\t\t\t<\/div>\n\t\t\t\t<\/div>\n\t\t\t\t<div class=\"elementor-element elementor-element-d4a2d9a elementor-widget elementor-widget-heading\" data-id=\"d4a2d9a\" data-element_type=\"widget\" data-e-type=\"widget\" data-widget_type=\"heading.default\">\n\t\t\t\t<div class=\"elementor-widget-container\">\n\t\t\t\t\t<h2 class=\"elementor-heading-title elementor-size-default\">VOTRE PRATIQUE<\/h2>\t\t\t\t<\/div>\n\t\t\t\t<\/div>\n\t\t\t\t\t<\/div>\n\t\t<\/div>\n\t\t\t\t\t<\/div>\n\t\t<\/section>\n\t\t\t\t<section class=\"elementor-section elementor-top-section elementor-element elementor-element-5d0efba elementor-section-boxed elementor-section-height-default elementor-section-height-default\" data-id=\"5d0efba\" data-element_type=\"section\" data-e-type=\"section\">\n\t\t\t\t\t\t<div class=\"elementor-container elementor-column-gap-default\">\n\t\t\t\t\t<div class=\"elementor-column elementor-col-33 elementor-top-column elementor-element elementor-element-6a23b4b\" data-id=\"6a23b4b\" data-element_type=\"column\" data-e-type=\"column\">\n\t\t\t<div class=\"elementor-widget-wrap elementor-element-populated\">\n\t\t\t\t\t\t<div class=\"elementor-element elementor-element-0e56999 elementor-widget elementor-widget-image\" data-id=\"0e56999\" data-element_type=\"widget\" data-e-type=\"widget\" data-widget_type=\"image.default\">\n\t\t\t\t<div class=\"elementor-widget-container\">\n\t\t\t\t\t\t\t\t\t\t\t\t\t\t\t<img fetchpriority=\"high\" decoding=\"async\" width=\"800\" height=\"534\" src=\"https:\/\/www.ircad.fr\/wp-content\/uploads\/hernia-1024x684.jpg\" class=\"attachment-large size-large wp-image-67363\" alt=\"\" srcset=\"https:\/\/www.ircad.fr\/wp-content\/uploads\/hernia-1024x684.jpg 1024w, https:\/\/www.ircad.fr\/wp-content\/uploads\/hernia-300x200.jpg 300w, https:\/\/www.ircad.fr\/wp-content\/uploads\/hernia-768x513.jpg 768w, https:\/\/www.ircad.fr\/wp-content\/uploads\/hernia-1536x1025.jpg 1536w, https:\/\/www.ircad.fr\/wp-content\/uploads\/hernia-600x401.jpg 600w, https:\/\/www.ircad.fr\/wp-content\/uploads\/hernia.jpg 2000w\" sizes=\"(max-width: 800px) 100vw, 800px\" \/>\t\t\t\t\t\t\t\t\t\t\t\t\t\t\t<\/div>\n\t\t\t\t<\/div>\n\t\t\t\t<div class=\"elementor-element elementor-element-c393ddb elementor-widget elementor-widget-heading\" data-id=\"c393ddb\" data-element_type=\"widget\" data-e-type=\"widget\" data-widget_type=\"heading.default\">\n\t\t\t\t<div class=\"elementor-widget-container\">\n\t\t\t\t\t<h1 class=\"elementor-heading-title elementor-size-default\"> Combien de <b>proc\u00e9dures ouvertes<\/b> effectuez-vous en moyenne par mois ? Enqu\u00eate r\u00e9guli\u00e8re sur les pratiques<\/h1>\t\t\t\t<\/div>\n\t\t\t\t<\/div>\n\t\t\t\t\t<\/div>\n\t\t<\/div>\n\t\t\t\t<div class=\"elementor-column elementor-col-33 elementor-top-column elementor-element elementor-element-a7f0c21\" data-id=\"a7f0c21\" data-element_type=\"column\" data-e-type=\"column\">\n\t\t\t<div class=\"elementor-widget-wrap elementor-element-populated\">\n\t\t\t\t\t\t<div class=\"elementor-element elementor-element-2dc2a85 elementor-widget elementor-widget-image\" data-id=\"2dc2a85\" data-element_type=\"widget\" data-e-type=\"widget\" data-widget_type=\"image.default\">\n\t\t\t\t<div class=\"elementor-widget-container\">\n\t\t\t\t\t\t\t\t\t\t\t\t\t\t\t<img decoding=\"async\" width=\"800\" height=\"450\" src=\"https:\/\/www.ircad.fr\/wp-content\/uploads\/Anesthesia-1024x576.jpg\" class=\"attachment-large size-large wp-image-67440\" alt=\"\" srcset=\"https:\/\/www.ircad.fr\/wp-content\/uploads\/Anesthesia-1024x576.jpg 1024w, https:\/\/www.ircad.fr\/wp-content\/uploads\/Anesthesia-300x169.jpg 300w, https:\/\/www.ircad.fr\/wp-content\/uploads\/Anesthesia-768x432.jpg 768w, https:\/\/www.ircad.fr\/wp-content\/uploads\/Anesthesia-1536x864.jpg 1536w, https:\/\/www.ircad.fr\/wp-content\/uploads\/Anesthesia-600x338.jpg 600w, https:\/\/www.ircad.fr\/wp-content\/uploads\/Anesthesia.jpg 1920w\" sizes=\"(max-width: 800px) 100vw, 800px\" \/>\t\t\t\t\t\t\t\t\t\t\t\t\t\t\t<\/div>\n\t\t\t\t<\/div>\n\t\t\t\t<div class=\"elementor-element elementor-element-d036d50 elementor-widget elementor-widget-heading\" data-id=\"d036d50\" data-element_type=\"widget\" data-e-type=\"widget\" data-widget_type=\"heading.default\">\n\t\t\t\t<div class=\"elementor-widget-container\">\n\t\t\t\t\t<h2 class=\"elementor-heading-title elementor-size-default\"> Combien de <b>proc\u00e9dures laparoscopiques<\/b> effectuez-vous en moyenne par mois ? <\/h2>\t\t\t\t<\/div>\n\t\t\t\t<\/div>\n\t\t\t\t\t<\/div>\n\t\t<\/div>\n\t\t\t\t<div class=\"elementor-column elementor-col-33 elementor-top-column elementor-element elementor-element-229eb18\" data-id=\"229eb18\" data-element_type=\"column\" data-e-type=\"column\">\n\t\t\t<div class=\"elementor-widget-wrap elementor-element-populated\">\n\t\t\t\t\t\t<div class=\"elementor-element elementor-element-6bb0688 elementor-widget elementor-widget-image\" data-id=\"6bb0688\" data-element_type=\"widget\" data-e-type=\"widget\" data-widget_type=\"image.default\">\n\t\t\t\t<div class=\"elementor-widget-container\">\n\t\t\t\t\t\t\t\t\t\t\t\t\t\t\t<img decoding=\"async\" width=\"800\" height=\"800\" src=\"https:\/\/www.ircad.fr\/wp-content\/uploads\/thoracic.jpg\" class=\"attachment-large size-large wp-image-67354\" alt=\"\" srcset=\"https:\/\/www.ircad.fr\/wp-content\/uploads\/thoracic.jpg 800w, https:\/\/www.ircad.fr\/wp-content\/uploads\/thoracic-300x300.jpg 300w, https:\/\/www.ircad.fr\/wp-content\/uploads\/thoracic-150x150.jpg 150w, https:\/\/www.ircad.fr\/wp-content\/uploads\/thoracic-768x768.jpg 768w, https:\/\/www.ircad.fr\/wp-content\/uploads\/thoracic-600x600.jpg 600w, https:\/\/www.ircad.fr\/wp-content\/uploads\/thoracic-100x100.jpg 100w\" sizes=\"(max-width: 800px) 100vw, 800px\" \/>\t\t\t\t\t\t\t\t\t\t\t\t\t\t\t<\/div>\n\t\t\t\t<\/div>\n\t\t\t\t<div class=\"elementor-element elementor-element-1432778 elementor-widget elementor-widget-heading\" data-id=\"1432778\" data-element_type=\"widget\" data-e-type=\"widget\" data-widget_type=\"heading.default\">\n\t\t\t\t<div class=\"elementor-widget-container\">\n\t\t\t\t\t<h2 class=\"elementor-heading-title elementor-size-default\"> Combien de <b>proc\u00e9dures assist\u00e9es par robot<\/b> effectuez-vous en moyenne par mois ?<\/h2>\t\t\t\t<\/div>\n\t\t\t\t<\/div>\n\t\t\t\t\t<\/div>\n\t\t<\/div>\n\t\t\t\t\t<\/div>\n\t\t<\/section>\n\t\t\t\t<section class=\"elementor-section elementor-top-section elementor-element elementor-element-ad53706 elementor-section-boxed elementor-section-height-default elementor-section-height-default\" data-id=\"ad53706\" data-element_type=\"section\" data-e-type=\"section\">\n\t\t\t\t\t\t<div class=\"elementor-container elementor-column-gap-default\">\n\t\t\t\t\t<div class=\"elementor-column elementor-col-100 elementor-top-column elementor-element elementor-element-1d1a6e9\" data-id=\"1d1a6e9\" data-element_type=\"column\" data-e-type=\"column\">\n\t\t\t<div class=\"elementor-widget-wrap\">\n\t\t\t\t\t\t\t<\/div>\n\t\t<\/div>\n\t\t\t\t\t<\/div>\n\t\t<\/section>\n\t\t\t\t<section class=\"elementor-section elementor-top-section elementor-element elementor-element-31ef5e1 elementor-section-boxed elementor-section-height-default elementor-section-height-default\" data-id=\"31ef5e1\" data-element_type=\"section\" data-e-type=\"section\">\n\t\t\t\t\t\t<div class=\"elementor-container elementor-column-gap-default\">\n\t\t\t\t\t<div class=\"elementor-column elementor-col-100 elementor-top-column elementor-element elementor-element-3ff8480\" data-id=\"3ff8480\" data-element_type=\"column\" data-e-type=\"column\">\n\t\t\t<div class=\"elementor-widget-wrap elementor-element-populated\">\n\t\t\t\t\t\t<div class=\"elementor-element elementor-element-4012f72 elementor-widget elementor-widget-shortcode\" data-id=\"4012f72\" data-element_type=\"widget\" data-e-type=\"widget\" data-widget_type=\"shortcode.default\">\n\t\t\t\t<div class=\"elementor-widget-container\">\n\t\t\t\t\t\t\t<div class=\"elementor-shortcode\"> <div class=\"survey_container\">\n    <h3>YOUR REGULAR PRACTICE<\/h3>\n    \n    <form id=\"survey_form_wrapper\" method=\"post\" action=\"\/wp-admin\/admin-ajax.php\" >\n        <div id=\"sliderContainer\" >\n                            <div class=\"tick-slider\">\n                    <div class=\"tick-slider-header\">\n                        <h5><label for=\"surveyOpen\">How many <b>open<\/b> procedures do you perform per month on average?<\/label><\/h5>\n\n                    <\/div>\n                    <div class=\"tick-slider-value-container\">\n                        <div id=\"surveyOpenLabelMin\" class=\"tick-slider-label\">0<\/div>\n                        <div id=\"surveyOpenLabelMax\" class=\"tick-slider-label\"><\/div>\n                        <div id=\"surveyOpenValue\" class=\"tick-slider-value\"><\/div>\n                    <\/div>\n                    <div class=\"tick-slider-background\"><\/div>\n                    <div id=\"surveyOpenProgress\" class=\"tick-slider-progress\"><\/div>\n                    <div id=\"surveyOpenTicks\" class=\"tick-slider-tick-container\"><\/div>\n                    <input\n                            id=\"surveyOpenSlider\"\n                            name=\"surveyOpen\"\n                            class=\"tick-slider-input\"\n                            type=\"range\"\n                            min=\"0\"\n                            max=\"100\"\n                            step=\"1\"\n                            value=\"0\"\n                            data-tick-step=\"5\"\n                            data-tick-id=\"surveyOpenTicks\"\n                            data-value-id=\"surveyOpenValue\"\n                            data-progress-id=\"surveyOpenProgress\"\n                            data-handle-size=\"24\"\n                            data-min-label-id=\"surveyOpenLabelMin\"\n                            data-max-label-id=\"surveyOpenLabelMax\"\n                    \/>\n                <\/div>\n                            <div class=\"tick-slider\">\n                    <div class=\"tick-slider-header\">\n                        <h5><label for=\"surveyLaparo\">How many <b>laparoscopic<\/b> procedures do you perform per month on average?<\/label><\/h5>\n\n                    <\/div>\n                    <div class=\"tick-slider-value-container\">\n                        <div id=\"surveyLaparoLabelMin\" class=\"tick-slider-label\">0<\/div>\n                        <div id=\"surveyLaparoLabelMax\" class=\"tick-slider-label\"><\/div>\n                        <div id=\"surveyLaparoValue\" class=\"tick-slider-value\"><\/div>\n                    <\/div>\n                    <div class=\"tick-slider-background\"><\/div>\n                    <div id=\"surveyLaparoProgress\" class=\"tick-slider-progress\"><\/div>\n                    <div id=\"surveyLaparoTicks\" class=\"tick-slider-tick-container\"><\/div>\n                    <input\n                            id=\"surveyLaparoSlider\"\n                            name=\"surveyLaparo\"\n                            class=\"tick-slider-input\"\n                            type=\"range\"\n                            min=\"0\"\n                            max=\"100\"\n                            step=\"1\"\n                            value=\"0\"\n                            data-tick-step=\"5\"\n                            data-tick-id=\"surveyLaparoTicks\"\n                            data-value-id=\"surveyLaparoValue\"\n                            data-progress-id=\"surveyLaparoProgress\"\n                            data-handle-size=\"24\"\n                            data-min-label-id=\"surveyLaparoLabelMin\"\n                            data-max-label-id=\"surveyLaparoLabelMax\"\n                    \/>\n                <\/div>\n                            <div class=\"tick-slider\">\n                    <div class=\"tick-slider-header\">\n                        <h5><label for=\"surveyRobot\">How many <b>robotic-assisted<\/b> procedures do you perform per month on average?<\/label><\/h5>\n\n                    <\/div>\n                    <div class=\"tick-slider-value-container\">\n                        <div id=\"surveyRobotLabelMin\" class=\"tick-slider-label\">0<\/div>\n                        <div id=\"surveyRobotLabelMax\" class=\"tick-slider-label\"><\/div>\n                        <div id=\"surveyRobotValue\" class=\"tick-slider-value\"><\/div>\n                    <\/div>\n                    <div class=\"tick-slider-background\"><\/div>\n                    <div id=\"surveyRobotProgress\" class=\"tick-slider-progress\"><\/div>\n                    <div id=\"surveyRobotTicks\" class=\"tick-slider-tick-container\"><\/div>\n                    <input\n                            id=\"surveyRobotSlider\"\n                            name=\"surveyRobot\"\n                            class=\"tick-slider-input\"\n                            type=\"range\"\n                            min=\"0\"\n                            max=\"100\"\n                            step=\"1\"\n                            value=\"0\"\n                            data-tick-step=\"5\"\n                            data-tick-id=\"surveyRobotTicks\"\n                            data-value-id=\"surveyRobotValue\"\n                            data-progress-id=\"surveyRobotProgress\"\n                            data-handle-size=\"24\"\n                            data-min-label-id=\"surveyRobotLabelMin\"\n                            data-max-label-id=\"surveyRobotLabelMax\"\n                    \/>\n                <\/div>\n            \n            <div class=\"slider-submit\">\n            <input type=\"hidden\" name=\"user_id\" value=\"0\"><input type=\"hidden\" name=\"order_id\" value=\"0\"><input type=\"hidden\" name=\"period\" value=\"order\"><input type=\"hidden\" name=\"contact\" value=\"0\"><input type=\"hidden\" name=\"seminaire\" value=\"0\"><input id=\"submit_survey_slider\" class=\"ircad-se-btn-register\" type=\"submit\"><\/div>\n\n            <div class=\"survey_form_overlay\" data-state=\"hide\">\n                <div class=\"survey_form_ok\" data-state=\"ok\"><h5>Thank you for your participation<\/h5><\/div>\n                <div class=\"survey_form_loading\" data-state=\"loading\"><h5>Loading ...<\/h5><\/div>\n                <div class=\"survey_form_nok\" data-state=\"nok\">\n                    <h5>Something goes wrong!<\/h5>\n                    <button id=\"retry_survey_slider\" class=\"ircad-se-btn-register\" type=\"submit\">Retry<\/button>\n                <\/div>\n                <div class=\"survey_form_nok\" data-state=\"error\">\n                    <h5>Something goes really wrong!<\/h5>\n                    <p>Please retry later.<\/p>\n                <\/div>\n            <\/div>\n        <\/div>\n    <\/form>\n<\/div>\n <\/div>\n\t\t\t\t\t\t<\/div>\n\t\t\t\t<\/div>\n\t\t\t\t\t<\/div>\n\t\t<\/div>\n\t\t\t\t\t<\/div>\n\t\t<\/section>\n\t\t\t\t<\/div>\n\t\t","protected":false},"excerpt":{"rendered":"<p>VOTRE PRATIQUE Combien de proc\u00e9dures ouvertes effectuez-vous en moyenne par mois ? Enqu\u00eate r\u00e9guli\u00e8re sur les pratiques Combien de proc\u00e9dures laparoscopiques effectuez-vous en moyenne par mois ? Combien de proc\u00e9dures assist\u00e9es par robot effectuez-vous en moyenne par mois ?<\/p>\n","protected":false},"author":6,"featured_media":0,"parent":0,"menu_order":96,"comment_status":"closed","ping_status":"closed","template":"","meta":{"_acf_changed":false,"footnotes":""},"class_list":["post-42978","page","type-page","status-publish","hentry"],"acf":[],"yoast_head":"<!-- This site is optimized with the Yoast SEO plugin v27.1.1 - https:\/\/yoast.com\/product\/yoast-seo-wordpress\/ -->\n<title>Enqu\u00eate sur la pratique - IRCAD<\/title>\n<meta name=\"robots\" content=\"index, follow, max-snippet:-1, max-image-preview:large, max-video-preview:-1\" \/>\n<link rel=\"canonical\" href=\"https:\/\/www.ircad.fr\/fr\/enquete-sur-la-pratique\/\" \/>\n<meta property=\"og:locale\" content=\"fr_FR\" \/>\n<meta property=\"og:type\" content=\"article\" \/>\n<meta property=\"og:title\" content=\"Enqu\u00eate sur la pratique - IRCAD\" \/>\n<meta property=\"og:description\" content=\"VOTRE PRATIQUE Combien de proc\u00e9dures ouvertes effectuez-vous en moyenne par mois ? Enqu\u00eate r\u00e9guli\u00e8re sur les pratiques Combien de proc\u00e9dures laparoscopiques effectuez-vous en moyenne par mois ? Combien de proc\u00e9dures assist\u00e9es par robot effectuez-vous en moyenne par mois ?\" \/>\n<meta property=\"og:url\" content=\"https:\/\/www.ircad.fr\/fr\/enquete-sur-la-pratique\/\" \/>\n<meta property=\"og:site_name\" content=\"IRCAD\" \/>\n<meta property=\"article:publisher\" content=\"https:\/\/www.facebook.com\/IrcadFrance\" \/>\n<meta property=\"og:image\" content=\"https:\/\/ircad.fr\/wp-content\/uploads\/hernia-1024x684.jpg\" \/>\n<meta name=\"twitter:card\" content=\"summary_large_image\" \/>\n<meta name=\"twitter:site\" content=\"@IrcadFrance\" \/>\n<script type=\"application\/ld+json\" class=\"yoast-schema-graph\">{\"@context\":\"https:\/\/schema.org\",\"@graph\":[{\"@type\":\"WebPage\",\"@id\":\"https:\/\/www.ircad.fr\/fr\/enquete-sur-la-pratique\/\",\"url\":\"https:\/\/www.ircad.fr\/fr\/enquete-sur-la-pratique\/\",\"name\":\"Enqu\u00eate sur la pratique - IRCAD\",\"isPartOf\":{\"@id\":\"https:\/\/www.ircad.fr\/#website\"},\"primaryImageOfPage\":{\"@id\":\"https:\/\/www.ircad.fr\/fr\/enquete-sur-la-pratique\/#primaryimage\"},\"image\":{\"@id\":\"https:\/\/www.ircad.fr\/fr\/enquete-sur-la-pratique\/#primaryimage\"},\"thumbnailUrl\":\"https:\/\/ircad.fr\/wp-content\/uploads\/hernia-1024x684.jpg\",\"datePublished\":\"2021-10-13T08:11:00+00:00\",\"breadcrumb\":{\"@id\":\"https:\/\/www.ircad.fr\/fr\/enquete-sur-la-pratique\/#breadcrumb\"},\"inLanguage\":\"fr-FR\",\"potentialAction\":[{\"@type\":\"ReadAction\",\"target\":[\"https:\/\/www.ircad.fr\/fr\/enquete-sur-la-pratique\/\"]}]},{\"@type\":\"ImageObject\",\"inLanguage\":\"fr-FR\",\"@id\":\"https:\/\/www.ircad.fr\/fr\/enquete-sur-la-pratique\/#primaryimage\",\"url\":\"https:\/\/ircad.fr\/wp-content\/uploads\/hernia-1024x684.jpg\",\"contentUrl\":\"https:\/\/ircad.fr\/wp-content\/uploads\/hernia-1024x684.jpg\"},{\"@type\":\"BreadcrumbList\",\"@id\":\"https:\/\/www.ircad.fr\/fr\/enquete-sur-la-pratique\/#breadcrumb\",\"itemListElement\":[{\"@type\":\"ListItem\",\"position\":1,\"name\":\"Home\",\"item\":\"https:\/\/www.ircad.fr\/\"},{\"@type\":\"ListItem\",\"position\":2,\"name\":\"Enqu\u00eate sur la pratique\"}]},{\"@type\":\"WebSite\",\"@id\":\"https:\/\/www.ircad.fr\/#website\",\"url\":\"https:\/\/www.ircad.fr\/\",\"name\":\"IRCAD - Laparoscopic training center\",\"description\":\"There is no better way to learn\",\"potentialAction\":[{\"@type\":\"SearchAction\",\"target\":{\"@type\":\"EntryPoint\",\"urlTemplate\":\"https:\/\/www.ircad.fr\/?s={search_term_string}\"},\"query-input\":{\"@type\":\"PropertyValueSpecification\",\"valueRequired\":true,\"valueName\":\"search_term_string\"}}],\"inLanguage\":\"fr-FR\"}]}<\/script>\n<!-- \/ Yoast SEO plugin. -->","yoast_head_json":{"title":"Enqu\u00eate sur la pratique - IRCAD","robots":{"index":"index","follow":"follow","max-snippet":"max-snippet:-1","max-image-preview":"max-image-preview:large","max-video-preview":"max-video-preview:-1"},"canonical":"https:\/\/www.ircad.fr\/fr\/enquete-sur-la-pratique\/","og_locale":"fr_FR","og_type":"article","og_title":"Enqu\u00eate sur la pratique - IRCAD","og_description":"VOTRE PRATIQUE Combien de proc\u00e9dures ouvertes effectuez-vous en moyenne par mois ? Enqu\u00eate r\u00e9guli\u00e8re sur les pratiques Combien de proc\u00e9dures laparoscopiques effectuez-vous en moyenne par mois ? Combien de proc\u00e9dures assist\u00e9es par robot effectuez-vous en moyenne par mois ?","og_url":"https:\/\/www.ircad.fr\/fr\/enquete-sur-la-pratique\/","og_site_name":"IRCAD","article_publisher":"https:\/\/www.facebook.com\/IrcadFrance","og_image":[{"url":"https:\/\/ircad.fr\/wp-content\/uploads\/hernia-1024x684.jpg","type":"","width":"","height":""}],"twitter_card":"summary_large_image","twitter_site":"@IrcadFrance","schema":{"@context":"https:\/\/schema.org","@graph":[{"@type":"WebPage","@id":"https:\/\/www.ircad.fr\/fr\/enquete-sur-la-pratique\/","url":"https:\/\/www.ircad.fr\/fr\/enquete-sur-la-pratique\/","name":"Enqu\u00eate sur la pratique - IRCAD","isPartOf":{"@id":"https:\/\/www.ircad.fr\/#website"},"primaryImageOfPage":{"@id":"https:\/\/www.ircad.fr\/fr\/enquete-sur-la-pratique\/#primaryimage"},"image":{"@id":"https:\/\/www.ircad.fr\/fr\/enquete-sur-la-pratique\/#primaryimage"},"thumbnailUrl":"https:\/\/ircad.fr\/wp-content\/uploads\/hernia-1024x684.jpg","datePublished":"2021-10-13T08:11:00+00:00","breadcrumb":{"@id":"https:\/\/www.ircad.fr\/fr\/enquete-sur-la-pratique\/#breadcrumb"},"inLanguage":"fr-FR","potentialAction":[{"@type":"ReadAction","target":["https:\/\/www.ircad.fr\/fr\/enquete-sur-la-pratique\/"]}]},{"@type":"ImageObject","inLanguage":"fr-FR","@id":"https:\/\/www.ircad.fr\/fr\/enquete-sur-la-pratique\/#primaryimage","url":"https:\/\/ircad.fr\/wp-content\/uploads\/hernia-1024x684.jpg","contentUrl":"https:\/\/ircad.fr\/wp-content\/uploads\/hernia-1024x684.jpg"},{"@type":"BreadcrumbList","@id":"https:\/\/www.ircad.fr\/fr\/enquete-sur-la-pratique\/#breadcrumb","itemListElement":[{"@type":"ListItem","position":1,"name":"Home","item":"https:\/\/www.ircad.fr\/"},{"@type":"ListItem","position":2,"name":"Enqu\u00eate sur la pratique"}]},{"@type":"WebSite","@id":"https:\/\/www.ircad.fr\/#website","url":"https:\/\/www.ircad.fr\/","name":"IRCAD - Laparoscopic training center","description":"There is no better way to learn","potentialAction":[{"@type":"SearchAction","target":{"@type":"EntryPoint","urlTemplate":"https:\/\/www.ircad.fr\/?s={search_term_string}"},"query-input":{"@type":"PropertyValueSpecification","valueRequired":true,"valueName":"search_term_string"}}],"inLanguage":"fr-FR"}]}},"publishpress_future_action":{"enabled":false,"date":"2026-04-15 19:55:54","action":"change-status","newStatus":"draft","terms":[],"taxonomy":"translation_priority","extraData":[]},"publishpress_future_workflow_manual_trigger":{"enabledWorkflows":[]},"_links":{"self":[{"href":"https:\/\/www.ircad.fr\/fr\/wp-json\/wp\/v2\/pages\/42978","targetHints":{"allow":["GET"]}}],"collection":[{"href":"https:\/\/www.ircad.fr\/fr\/wp-json\/wp\/v2\/pages"}],"about":[{"href":"https:\/\/www.ircad.fr\/fr\/wp-json\/wp\/v2\/types\/page"}],"author":[{"embeddable":true,"href":"https:\/\/www.ircad.fr\/fr\/wp-json\/wp\/v2\/users\/6"}],"replies":[{"embeddable":true,"href":"https:\/\/www.ircad.fr\/fr\/wp-json\/wp\/v2\/comments?post=42978"}],"version-history":[{"count":1,"href":"https:\/\/www.ircad.fr\/fr\/wp-json\/wp\/v2\/pages\/42978\/revisions"}],"predecessor-version":[{"id":42979,"href":"https:\/\/www.ircad.fr\/fr\/wp-json\/wp\/v2\/pages\/42978\/revisions\/42979"}],"wp:attachment":[{"href":"https:\/\/www.ircad.fr\/fr\/wp-json\/wp\/v2\/media?parent=42978"}],"curies":[{"name":"wp","href":"https:\/\/api.w.org\/{rel}","templated":true}]}}