{"id":42983,"date":"2021-10-13T10:15:44","date_gmt":"2021-10-13T08:15:44","guid":{"rendered":"https:\/\/ircad.fr\/cours-medtronic\/"},"modified":"2021-10-13T10:15:44","modified_gmt":"2021-10-13T08:15:44","slug":"cours-medtronic","status":"publish","type":"page","link":"https:\/\/www.ircad.fr\/fr\/cours-medtronic\/","title":{"rendered":"Cours Medtronic"},"content":{"rendered":"\t\t<div data-elementor-type=\"wp-page\" data-elementor-id=\"42983\" class=\"elementor elementor-42983 elementor-21712\" data-elementor-post-type=\"page\">\n\t\t\t\t\t\t<section data-dce-background-image-url=\"https:\/\/www.ircad.fr\/wp-content\/uploads\/6B-enseignement-2.1__-scaled.jpg\" class=\"elementor-section elementor-top-section elementor-element elementor-element-6a18519 elementor-section-boxed elementor-section-height-default elementor-section-height-default\" data-id=\"6a18519\" data-element_type=\"section\" data-e-type=\"section\" data-settings=\"{&quot;background_background&quot;:&quot;classic&quot;}\">\n\t\t\t\t\t\t\t<div class=\"elementor-background-overlay\"><\/div>\n\t\t\t\t\t\t\t<div class=\"elementor-container elementor-column-gap-default\">\n\t\t\t\t\t<div class=\"elementor-column elementor-col-100 elementor-top-column elementor-element elementor-element-15b55df\" data-id=\"15b55df\" data-element_type=\"column\" data-e-type=\"column\">\n\t\t\t<div class=\"elementor-widget-wrap elementor-element-populated\">\n\t\t\t\t\t\t<div class=\"elementor-element elementor-element-eb844ea elementor-widget elementor-widget-image\" data-id=\"eb844ea\" data-element_type=\"widget\" data-e-type=\"widget\" data-widget_type=\"image.default\">\n\t\t\t\t<div class=\"elementor-widget-container\">\n\t\t\t\t\t\t\t\t\t\t\t\t\t\t\t<img decoding=\"async\" width=\"300\" height=\"108\" src=\"https:\/\/www.ircad.fr\/wp-content\/uploads\/Medtronic-BLANC-300x108.png\" class=\"attachment-medium size-medium wp-image-67441\" alt=\"\" srcset=\"https:\/\/www.ircad.fr\/wp-content\/uploads\/Medtronic-BLANC-300x108.png 300w, https:\/\/www.ircad.fr\/wp-content\/uploads\/Medtronic-BLANC-768x276.png 768w, https:\/\/www.ircad.fr\/wp-content\/uploads\/Medtronic-BLANC-600x215.png 600w, https:\/\/www.ircad.fr\/wp-content\/uploads\/Medtronic-BLANC-64x23.png 64w, https:\/\/www.ircad.fr\/wp-content\/uploads\/Medtronic-BLANC.png 772w\" sizes=\"(max-width: 300px) 100vw, 300px\" \/>\t\t\t\t\t\t\t\t\t\t\t\t\t\t\t<\/div>\n\t\t\t\t<\/div>\n\t\t\t\t<div class=\"elementor-element elementor-element-253a747 elementor-widget-divider--view-line elementor-widget elementor-widget-divider\" data-id=\"253a747\" data-element_type=\"widget\" data-e-type=\"widget\" data-widget_type=\"divider.default\">\n\t\t\t\t<div class=\"elementor-widget-container\">\n\t\t\t\t\t\t\t<div class=\"elementor-divider\">\n\t\t\t<span class=\"elementor-divider-separator\">\n\t\t\t\t\t\t<\/span>\n\t\t<\/div>\n\t\t\t\t\t\t<\/div>\n\t\t\t\t<\/div>\n\t\t\t\t<div data-dce-title-color=\"#FFFFFF\" class=\"elementor-element elementor-element-4d4d160 elementor-widget elementor-widget-heading\" data-id=\"4d4d160\" data-element_type=\"widget\" data-e-type=\"widget\" data-widget_type=\"heading.default\">\n\t\t\t\t<div class=\"elementor-widget-container\">\n\t\t\t\t\t<h2 class=\"elementor-heading-title elementor-size-default\">Nouveau programme p\u00e9dagogique avec l'IRCAD<\/h2>\t\t\t\t<\/div>\n\t\t\t\t<\/div>\n\t\t\t\t\t<\/div>\n\t\t<\/div>\n\t\t\t\t\t<\/div>\n\t\t<\/section>\n\t\t\t\t<section class=\"elementor-section elementor-top-section elementor-element elementor-element-50ac107b elementor-section-boxed elementor-section-height-default elementor-section-height-default\" data-id=\"50ac107b\" data-element_type=\"section\" data-e-type=\"section\">\n\t\t\t\t\t\t<div class=\"elementor-container elementor-column-gap-default\">\n\t\t\t\t\t<div class=\"elementor-column elementor-col-100 elementor-top-column elementor-element elementor-element-31e9224\" data-id=\"31e9224\" data-element_type=\"column\" data-e-type=\"column\">\n\t\t\t<div class=\"elementor-widget-wrap elementor-element-populated\">\n\t\t\t\t\t\t<div class=\"elementor-element elementor-element-2574aee elementor-widget elementor-widget-breadcrumbs\" data-id=\"2574aee\" data-element_type=\"widget\" data-e-type=\"widget\" data-widget_type=\"breadcrumbs.default\">\n\t\t\t\t<div class=\"elementor-widget-container\">\n\t\t\t\t\t<p id=\"breadcrumbs\"><span><span><a href=\"https:\/\/www.ircad.fr\/\">Home<\/a><\/span><\/span><\/p>\t\t\t\t<\/div>\n\t\t\t\t<\/div>\n\t\t\t\t\t<\/div>\n\t\t<\/div>\n\t\t\t\t\t<\/div>\n\t\t<\/section>\n\t\t\t\t<section class=\"elementor-section elementor-top-section elementor-element elementor-element-cb5fff7 elementor-section-boxed elementor-section-height-default elementor-section-height-default\" data-id=\"cb5fff7\" data-element_type=\"section\" data-e-type=\"section\" data-settings=\"{&quot;background_background&quot;:&quot;classic&quot;}\">\n\t\t\t\t\t\t<div class=\"elementor-container elementor-column-gap-default\">\n\t\t\t\t\t<div class=\"elementor-column elementor-col-50 elementor-top-column elementor-element elementor-element-f87bd86\" data-id=\"f87bd86\" data-element_type=\"column\" data-e-type=\"column\">\n\t\t\t<div class=\"elementor-widget-wrap elementor-element-populated\">\n\t\t\t\t\t\t<div class=\"elementor-element elementor-element-b82c096 elementor-widget elementor-widget-heading\" data-id=\"b82c096\" data-element_type=\"widget\" data-e-type=\"widget\" data-widget_type=\"heading.default\">\n\t\t\t\t<div class=\"elementor-widget-container\">\n\t\t\t\t\t<h2 class=\"elementor-heading-title elementor-size-default\"> La transformation de la formation et de l'\u00e9ducation, avec de meilleurs r\u00e9sultats, est au c\u0153ur de tout ce que fait Medtronic.<\/h2>\t\t\t\t<\/div>\n\t\t\t\t<\/div>\n\t\t\t\t<div class=\"elementor-element elementor-element-f4ca7e6 elementor-widget elementor-widget-text-editor\" data-id=\"f4ca7e6\" data-element_type=\"widget\" data-e-type=\"widget\" data-widget_type=\"text-editor.default\">\n\t\t\t\t<div class=\"elementor-widget-container\">\n\t\t\t\t\t\t\t\t\t<p>Des formations hautement sp\u00e9cialis\u00e9es sont d\u00e9velopp\u00e9es et dispens\u00e9es pour vous permettre de tirer le meilleur parti de chaque cours.<br \/>\nParcourez ci-dessous la liste des cours de chirurgie s\u00e9lectionn\u00e9s par Medtronic.<\/p>\n\t\t\t\t\t\t\t\t<\/div>\n\t\t\t\t<\/div>\n\t\t\t\t<div class=\"elementor-element elementor-element-4574945 elementor-widget elementor-widget-shortcode\" data-id=\"4574945\" data-element_type=\"widget\" data-e-type=\"widget\" data-widget_type=\"shortcode.default\">\n\t\t\t\t<div class=\"elementor-widget-container\">\n\t\t\t\t\t\t\t<div class=\"elementor-shortcode\">[woof_text_filter]<\/div>\n\t\t\t\t\t\t<\/div>\n\t\t\t\t<\/div>\n\t\t\t\t\t<\/div>\n\t\t<\/div>\n\t\t\t\t<div data-dce-background-overlay-color=\"#1D1D1D\" data-dce-background-image-url=\"https:\/\/www.ircad.fr\/wp-content\/uploads\/bariatric-1.jpg\" class=\"elementor-column elementor-col-50 elementor-top-column elementor-element elementor-element-270b94a\" data-id=\"270b94a\" data-element_type=\"column\" data-e-type=\"column\" data-settings=\"{&quot;background_background&quot;:&quot;classic&quot;}\">\n\t\t\t<div class=\"elementor-widget-wrap elementor-element-populated\">\n\t\t\t\t\t<div class=\"elementor-background-overlay\"><\/div>\n\t\t\t\t\t\t<div data-dce-title-color=\"#FFFFFF\" class=\"elementor-element elementor-element-5c9bc9c elementor-widget elementor-widget-heading\" data-id=\"5c9bc9c\" data-element_type=\"widget\" data-e-type=\"widget\" data-widget_type=\"heading.default\">\n\t\t\t\t<div class=\"elementor-widget-container\">\n\t\t\t\t\t<h2 class=\"elementor-heading-title elementor-size-default\">Rejoignez le programme affili\u00e9 maintenant !<\/h2>\t\t\t\t<\/div>\n\t\t\t\t<\/div>\n\t\t\t\t<div data-dce-text-color=\"#FFFFFF\" class=\"elementor-element elementor-element-d49b99a elementor-widget elementor-widget-text-editor\" data-id=\"d49b99a\" data-element_type=\"widget\" data-e-type=\"widget\" data-widget_type=\"text-editor.default\">\n\t\t\t\t<div class=\"elementor-widget-container\">\n\t\t\t\t\t\t\t\t\t<p>Si vous souhaitez participer \u00e0 ce partenariat, veuillez vous inscrire \u00e0 notre programme.<\/p>\n\t\t\t\t\t\t\t\t<\/div>\n\t\t\t\t<\/div>\n\t\t\t\t<div class=\"elementor-element elementor-element-62fc950 elementor-align-center elementor-widget elementor-widget-button\" data-id=\"62fc950\" data-element_type=\"widget\" data-e-type=\"widget\" data-widget_type=\"button.default\">\n\t\t\t\t<div class=\"elementor-widget-container\">\n\t\t\t\t\t\t\t\t\t<div class=\"elementor-button-wrapper\">\n\t\t\t\t\t<a class=\"elementor-button elementor-button-link elementor-size-sm\" href=\"#elementor-action%3Aaction%3Dpopup%3Aopen%26settings%3DeyJpZCI6MTgxMDAsInRvZ2dsZSI6ZmFsc2V9\">\n\t\t\t\t\t\t<span class=\"elementor-button-content-wrapper\">\n\t\t\t\t\t\t\t\t\t<span class=\"elementor-button-text\">Postulez d\u00e8s maintenant<\/span>\n\t\t\t\t\t<\/span>\n\t\t\t\t\t<\/a>\n\t\t\t\t<\/div>\n\t\t\t\t\t\t\t\t<\/div>\n\t\t\t\t<\/div>\n\t\t\t\t\t<\/div>\n\t\t<\/div>\n\t\t\t\t\t<\/div>\n\t\t<\/section>\n\t\t\t\t<section class=\"elementor-section elementor-top-section elementor-element elementor-element-ff73ba7 elementor-section-boxed elementor-section-height-default elementor-section-height-default\" data-id=\"ff73ba7\" data-element_type=\"section\" data-e-type=\"section\">\n\t\t\t\t\t\t<div class=\"elementor-container elementor-column-gap-default\">\n\t\t\t\t\t<div class=\"elementor-column elementor-col-100 elementor-top-column elementor-element elementor-element-bdc5afd\" data-id=\"bdc5afd\" data-element_type=\"column\" data-e-type=\"column\">\n\t\t\t<div class=\"elementor-widget-wrap elementor-element-populated\">\n\t\t\t\t\t\t<div class=\"elementor-element elementor-element-8de1558 elementor-widget elementor-widget-shortcode\" data-id=\"8de1558\" data-element_type=\"widget\" data-e-type=\"widget\" data-widget_type=\"shortcode.default\">\n\t\t\t\t<div class=\"elementor-widget-container\">\n\t\t\t\t\t\t\t<div class=\"elementor-shortcode\">[woof_products per_page=8 columns=4 is_ajax=1]<\/div>\n\t\t\t\t\t\t<\/div>\n\t\t\t\t<\/div>\n\t\t\t\t\t<\/div>\n\t\t<\/div>\n\t\t\t\t\t<\/div>\n\t\t<\/section>\n\t\t\t\t<\/div>\n\t\t","protected":false},"excerpt":{"rendered":"<p>Nouveau programme p\u00e9dagogique avec l&rsquo;IRCAD La transformation de la formation et de l&rsquo;\u00e9ducation, avec de meilleurs r\u00e9sultats, est au c\u0153ur de tout ce que fait Medtronic. Des formations hautement sp\u00e9cialis\u00e9es sont d\u00e9velopp\u00e9es et dispens\u00e9es pour vous permettre de tirer le meilleur parti de chaque cours. Parcourez ci-dessous la liste des cours de chirurgie s\u00e9lectionn\u00e9s par [&hellip;]<\/p>\n","protected":false},"author":6,"featured_media":0,"parent":0,"menu_order":100,"comment_status":"closed","ping_status":"closed","template":"","meta":{"_acf_changed":false,"footnotes":""},"class_list":["post-42983","page","type-page","status-publish","hentry"],"acf":[],"yoast_head":"<!-- This site is optimized with the Yoast SEO plugin v27.4 - https:\/\/yoast.com\/product\/yoast-seo-wordpress\/ -->\n<title>Cours Medtronic - IRCAD<\/title>\n<meta name=\"robots\" content=\"index, follow, max-snippet:-1, max-image-preview:large, max-video-preview:-1\" \/>\n<link rel=\"canonical\" href=\"https:\/\/www.ircad.fr\/fr\/cours-medtronic\/\" \/>\n<meta property=\"og:locale\" content=\"fr_FR\" \/>\n<meta property=\"og:type\" content=\"article\" \/>\n<meta property=\"og:title\" content=\"Cours Medtronic - IRCAD\" \/>\n<meta property=\"og:description\" content=\"Nouveau programme p\u00e9dagogique avec l&rsquo;IRCAD La transformation de la formation et de l&rsquo;\u00e9ducation, avec de meilleurs r\u00e9sultats, est au c\u0153ur de tout ce que fait Medtronic. Des formations hautement sp\u00e9cialis\u00e9es sont d\u00e9velopp\u00e9es et dispens\u00e9es pour vous permettre de tirer le meilleur parti de chaque cours. Parcourez ci-dessous la liste des cours de chirurgie s\u00e9lectionn\u00e9s par [&hellip;]\" \/>\n<meta property=\"og:url\" content=\"https:\/\/www.ircad.fr\/fr\/cours-medtronic\/\" \/>\n<meta property=\"og:site_name\" content=\"IRCAD\" \/>\n<meta property=\"article:publisher\" content=\"https:\/\/www.facebook.com\/IrcadFrance\" \/>\n<meta property=\"og:image\" content=\"https:\/\/ircad.fr\/wp-content\/uploads\/Medtronic-BLANC-300x108.png\" \/>\n<meta name=\"twitter:card\" content=\"summary_large_image\" \/>\n<meta name=\"twitter:site\" content=\"@IrcadFrance\" \/>\n<script type=\"application\/ld+json\" class=\"yoast-schema-graph\">{\"@context\":\"https:\\\/\\\/schema.org\",\"@graph\":[{\"@type\":\"WebPage\",\"@id\":\"https:\\\/\\\/www.ircad.fr\\\/fr\\\/cours-medtronic\\\/\",\"url\":\"https:\\\/\\\/www.ircad.fr\\\/fr\\\/cours-medtronic\\\/\",\"name\":\"Cours Medtronic - IRCAD\",\"isPartOf\":{\"@id\":\"https:\\\/\\\/www.ircad.fr\\\/#website\"},\"primaryImageOfPage\":{\"@id\":\"https:\\\/\\\/www.ircad.fr\\\/fr\\\/cours-medtronic\\\/#primaryimage\"},\"image\":{\"@id\":\"https:\\\/\\\/www.ircad.fr\\\/fr\\\/cours-medtronic\\\/#primaryimage\"},\"thumbnailUrl\":\"https:\\\/\\\/ircad.fr\\\/wp-content\\\/uploads\\\/Medtronic-BLANC-300x108.png\",\"datePublished\":\"2021-10-13T08:15:44+00:00\",\"breadcrumb\":{\"@id\":\"https:\\\/\\\/www.ircad.fr\\\/fr\\\/cours-medtronic\\\/#breadcrumb\"},\"inLanguage\":\"fr-FR\",\"potentialAction\":[{\"@type\":\"ReadAction\",\"target\":[\"https:\\\/\\\/www.ircad.fr\\\/fr\\\/cours-medtronic\\\/\"]}]},{\"@type\":\"ImageObject\",\"inLanguage\":\"fr-FR\",\"@id\":\"https:\\\/\\\/www.ircad.fr\\\/fr\\\/cours-medtronic\\\/#primaryimage\",\"url\":\"https:\\\/\\\/ircad.fr\\\/wp-content\\\/uploads\\\/Medtronic-BLANC-300x108.png\",\"contentUrl\":\"https:\\\/\\\/ircad.fr\\\/wp-content\\\/uploads\\\/Medtronic-BLANC-300x108.png\"},{\"@type\":\"BreadcrumbList\",\"@id\":\"https:\\\/\\\/www.ircad.fr\\\/fr\\\/cours-medtronic\\\/#breadcrumb\",\"itemListElement\":[{\"@type\":\"ListItem\",\"position\":1,\"name\":\"Home\",\"item\":\"https:\\\/\\\/www.ircad.fr\\\/\"},{\"@type\":\"ListItem\",\"position\":2,\"name\":\"Cours Medtronic\"}]},{\"@type\":\"WebSite\",\"@id\":\"https:\\\/\\\/www.ircad.fr\\\/#website\",\"url\":\"https:\\\/\\\/www.ircad.fr\\\/\",\"name\":\"IRCAD - Laparoscopic training center\",\"description\":\"There is no better way to learn\",\"potentialAction\":[{\"@type\":\"SearchAction\",\"target\":{\"@type\":\"EntryPoint\",\"urlTemplate\":\"https:\\\/\\\/www.ircad.fr\\\/?s={search_term_string}\"},\"query-input\":{\"@type\":\"PropertyValueSpecification\",\"valueRequired\":true,\"valueName\":\"search_term_string\"}}],\"inLanguage\":\"fr-FR\"}]}<\/script>\n<!-- \/ Yoast SEO plugin. -->","yoast_head_json":{"title":"Cours Medtronic - IRCAD","robots":{"index":"index","follow":"follow","max-snippet":"max-snippet:-1","max-image-preview":"max-image-preview:large","max-video-preview":"max-video-preview:-1"},"canonical":"https:\/\/www.ircad.fr\/fr\/cours-medtronic\/","og_locale":"fr_FR","og_type":"article","og_title":"Cours Medtronic - IRCAD","og_description":"Nouveau programme p\u00e9dagogique avec l&rsquo;IRCAD La transformation de la formation et de l&rsquo;\u00e9ducation, avec de meilleurs r\u00e9sultats, est au c\u0153ur de tout ce que fait Medtronic. Des formations hautement sp\u00e9cialis\u00e9es sont d\u00e9velopp\u00e9es et dispens\u00e9es pour vous permettre de tirer le meilleur parti de chaque cours. Parcourez ci-dessous la liste des cours de chirurgie s\u00e9lectionn\u00e9s par [&hellip;]","og_url":"https:\/\/www.ircad.fr\/fr\/cours-medtronic\/","og_site_name":"IRCAD","article_publisher":"https:\/\/www.facebook.com\/IrcadFrance","og_image":[{"url":"https:\/\/ircad.fr\/wp-content\/uploads\/Medtronic-BLANC-300x108.png","type":"","width":"","height":""}],"twitter_card":"summary_large_image","twitter_site":"@IrcadFrance","schema":{"@context":"https:\/\/schema.org","@graph":[{"@type":"WebPage","@id":"https:\/\/www.ircad.fr\/fr\/cours-medtronic\/","url":"https:\/\/www.ircad.fr\/fr\/cours-medtronic\/","name":"Cours Medtronic - IRCAD","isPartOf":{"@id":"https:\/\/www.ircad.fr\/#website"},"primaryImageOfPage":{"@id":"https:\/\/www.ircad.fr\/fr\/cours-medtronic\/#primaryimage"},"image":{"@id":"https:\/\/www.ircad.fr\/fr\/cours-medtronic\/#primaryimage"},"thumbnailUrl":"https:\/\/ircad.fr\/wp-content\/uploads\/Medtronic-BLANC-300x108.png","datePublished":"2021-10-13T08:15:44+00:00","breadcrumb":{"@id":"https:\/\/www.ircad.fr\/fr\/cours-medtronic\/#breadcrumb"},"inLanguage":"fr-FR","potentialAction":[{"@type":"ReadAction","target":["https:\/\/www.ircad.fr\/fr\/cours-medtronic\/"]}]},{"@type":"ImageObject","inLanguage":"fr-FR","@id":"https:\/\/www.ircad.fr\/fr\/cours-medtronic\/#primaryimage","url":"https:\/\/ircad.fr\/wp-content\/uploads\/Medtronic-BLANC-300x108.png","contentUrl":"https:\/\/ircad.fr\/wp-content\/uploads\/Medtronic-BLANC-300x108.png"},{"@type":"BreadcrumbList","@id":"https:\/\/www.ircad.fr\/fr\/cours-medtronic\/#breadcrumb","itemListElement":[{"@type":"ListItem","position":1,"name":"Home","item":"https:\/\/www.ircad.fr\/"},{"@type":"ListItem","position":2,"name":"Cours Medtronic"}]},{"@type":"WebSite","@id":"https:\/\/www.ircad.fr\/#website","url":"https:\/\/www.ircad.fr\/","name":"IRCAD - Laparoscopic training center","description":"There is no better way to learn","potentialAction":[{"@type":"SearchAction","target":{"@type":"EntryPoint","urlTemplate":"https:\/\/www.ircad.fr\/?s={search_term_string}"},"query-input":{"@type":"PropertyValueSpecification","valueRequired":true,"valueName":"search_term_string"}}],"inLanguage":"fr-FR"}]}},"publishpress_future_action":{"enabled":false,"date":"2026-05-02 13:37:28","action":"change-status","newStatus":"draft","terms":[],"taxonomy":"translation_priority","extraData":[]},"publishpress_future_workflow_manual_trigger":{"enabledWorkflows":[]},"_links":{"self":[{"href":"https:\/\/www.ircad.fr\/fr\/wp-json\/wp\/v2\/pages\/42983","targetHints":{"allow":["GET"]}}],"collection":[{"href":"https:\/\/www.ircad.fr\/fr\/wp-json\/wp\/v2\/pages"}],"about":[{"href":"https:\/\/www.ircad.fr\/fr\/wp-json\/wp\/v2\/types\/page"}],"author":[{"embeddable":true,"href":"https:\/\/www.ircad.fr\/fr\/wp-json\/wp\/v2\/users\/6"}],"replies":[{"embeddable":true,"href":"https:\/\/www.ircad.fr\/fr\/wp-json\/wp\/v2\/comments?post=42983"}],"version-history":[{"count":1,"href":"https:\/\/www.ircad.fr\/fr\/wp-json\/wp\/v2\/pages\/42983\/revisions"}],"predecessor-version":[{"id":42984,"href":"https:\/\/www.ircad.fr\/fr\/wp-json\/wp\/v2\/pages\/42983\/revisions\/42984"}],"wp:attachment":[{"href":"https:\/\/www.ircad.fr\/fr\/wp-json\/wp\/v2\/media?parent=42983"}],"curies":[{"name":"wp","href":"https:\/\/api.w.org\/{rel}","templated":true}]}}