{"id":43297,"date":"2022-01-26T17:31:06","date_gmt":"2022-01-26T16:31:06","guid":{"rendered":"https:\/\/ircad.fr\/?page_id=43297"},"modified":"2022-01-26T17:31:06","modified_gmt":"2022-01-26T16:31:06","slug":"e-learning","status":"publish","type":"page","link":"https:\/\/www.ircad.fr\/fr\/e-learning\/","title":{"rendered":"E-learning"},"content":{"rendered":"\t\t<div data-elementor-type=\"wp-post\" data-elementor-id=\"43297\" class=\"elementor elementor-43297 elementor-7705\" data-elementor-post-type=\"page\">\n\t\t\t\t\t\t<section class=\"elementor-section elementor-top-section elementor-element elementor-element-73c4b870 elementor-section-boxed elementor-section-height-default elementor-section-height-default\" data-id=\"73c4b870\" data-element_type=\"section\" data-e-type=\"section\">\n\t\t\t\t\t\t<div class=\"elementor-container elementor-column-gap-default\">\n\t\t\t\t\t<div class=\"elementor-column elementor-col-100 elementor-top-column elementor-element elementor-element-3c452e70\" data-id=\"3c452e70\" data-element_type=\"column\" data-e-type=\"column\">\n\t\t\t<div class=\"elementor-widget-wrap elementor-element-populated\">\n\t\t\t\t\t\t<div class=\"elementor-element elementor-element-4d1503b3 elementor-widget elementor-widget-dce-breadcrumbs\" data-id=\"4d1503b3\" data-element_type=\"widget\" data-e-type=\"widget\" data-widget_type=\"dce-breadcrumbs.default\">\n\t\t\t\t<div class=\"elementor-widget-container\">\n\t\t\t\t\t<div><span><span><a href=\"https:\/\/www.ircad.fr\/\">Home<\/a><\/span><\/span><\/div>\t\t\t\t<\/div>\n\t\t\t\t<\/div>\n\t\t\t\t<div class=\"elementor-element elementor-element-28bbfe0c elementor-widget-divider--view-line elementor-widget elementor-widget-divider\" data-id=\"28bbfe0c\" data-element_type=\"widget\" data-e-type=\"widget\" data-widget_type=\"divider.default\">\n\t\t\t\t<div class=\"elementor-widget-container\">\n\t\t\t\t\t\t\t<div class=\"elementor-divider\">\n\t\t\t<span class=\"elementor-divider-separator\">\n\t\t\t\t\t\t<\/span>\n\t\t<\/div>\n\t\t\t\t\t\t<\/div>\n\t\t\t\t<\/div>\n\t\t\t\t\t<\/div>\n\t\t<\/div>\n\t\t\t\t\t<\/div>\n\t\t<\/section>\n\t\t\t\t<section class=\"elementor-section elementor-top-section elementor-element elementor-element-c6cda88 elementor-section-boxed elementor-section-height-default elementor-section-height-default\" data-id=\"c6cda88\" data-element_type=\"section\" data-e-type=\"section\">\n\t\t\t\t\t\t<div class=\"elementor-container elementor-column-gap-default\">\n\t\t\t\t\t<div data-dce-background-color=\"#FFFFFF\" class=\"elementor-column elementor-col-50 elementor-top-column elementor-element elementor-element-da2a909\" data-id=\"da2a909\" data-element_type=\"column\" data-e-type=\"column\" data-settings=\"{&quot;background_background&quot;:&quot;classic&quot;}\">\n\t\t\t<div class=\"elementor-widget-wrap elementor-element-populated\">\n\t\t\t\t\t\t<div class=\"elementor-element elementor-element-0f9972e elementor-widget elementor-widget-image\" data-id=\"0f9972e\" data-element_type=\"widget\" data-e-type=\"widget\" data-widget_type=\"image.default\">\n\t\t\t\t<div class=\"elementor-widget-container\">\n\t\t\t\t\t\t\t\t\t\t\t\t\t\t\t<img fetchpriority=\"high\" decoding=\"async\" width=\"800\" height=\"800\" src=\"https:\/\/www.ircad.fr\/wp-content\/uploads\/thoracic.jpg\" class=\"attachment-full size-full wp-image-67354\" alt=\"\" srcset=\"https:\/\/www.ircad.fr\/wp-content\/uploads\/thoracic.jpg 800w, https:\/\/www.ircad.fr\/wp-content\/uploads\/thoracic-300x300.jpg 300w, https:\/\/www.ircad.fr\/wp-content\/uploads\/thoracic-150x150.jpg 150w, https:\/\/www.ircad.fr\/wp-content\/uploads\/thoracic-768x768.jpg 768w, https:\/\/www.ircad.fr\/wp-content\/uploads\/thoracic-600x600.jpg 600w, https:\/\/www.ircad.fr\/wp-content\/uploads\/thoracic-100x100.jpg 100w\" sizes=\"(max-width: 800px) 100vw, 800px\" \/>\t\t\t\t\t\t\t\t\t\t\t\t\t\t\t<\/div>\n\t\t\t\t<\/div>\n\t\t\t\t<div class=\"elementor-element elementor-element-0177e07 elementor-widget elementor-widget-heading\" data-id=\"0177e07\" data-element_type=\"widget\" data-e-type=\"widget\" data-widget_type=\"heading.default\">\n\t\t\t\t<div class=\"elementor-widget-container\">\n\t\t\t\t\t<h2 class=\"elementor-heading-title elementor-size-default\">Cours IRCAD en direct<\/h2>\t\t\t\t<\/div>\n\t\t\t\t<\/div>\n\t\t\t\t<div class=\"elementor-element elementor-element-f378188 elementor-widget elementor-widget-heading\" data-id=\"f378188\" data-element_type=\"widget\" data-e-type=\"widget\" data-widget_type=\"heading.default\">\n\t\t\t\t<div class=\"elementor-widget-container\">\n\t\t\t\t\t<h4 class=\"elementor-heading-title elementor-size-default\">L'IRCAD organise des cours en ligne dans toutes les sp\u00e9cialit\u00e9s chirurgicales. Avec des conf\u00e9rences, des d\u00e9monstrations en direct ou pr\u00e9enregistr\u00e9es et des discussions avec des experts internationaux, c'est le meilleur moyen de se former en ligne.<\/h4>\t\t\t\t<\/div>\n\t\t\t\t<\/div>\n\t\t\t\t<div data-dce-background-color=\"#0079A700\" class=\"elementor-element elementor-element-39b2b37 elementor-align-left elementor-widget elementor-widget-button\" data-id=\"39b2b37\" data-element_type=\"widget\" data-e-type=\"widget\" data-widget_type=\"button.default\">\n\t\t\t\t<div class=\"elementor-widget-container\">\n\t\t\t\t\t\t\t\t\t<div class=\"elementor-button-wrapper\">\n\t\t\t\t\t<a class=\"elementor-button elementor-button-link elementor-size-sm\" href=\"https:\/\/www.ircad.fr\/fr\/e-learning\/cours-ircad-en-direct\/\">\n\t\t\t\t\t\t<span class=\"elementor-button-content-wrapper\">\n\t\t\t\t\t\t\t\t\t<span class=\"elementor-button-text\">Voir plus<\/span>\n\t\t\t\t\t<\/span>\n\t\t\t\t\t<\/a>\n\t\t\t\t<\/div>\n\t\t\t\t\t\t\t\t<\/div>\n\t\t\t\t<\/div>\n\t\t\t\t\t<\/div>\n\t\t<\/div>\n\t\t\t\t<div data-dce-background-color=\"#FFFFFF\" class=\"elementor-column elementor-col-50 elementor-top-column elementor-element elementor-element-9fd0d3f\" data-id=\"9fd0d3f\" data-element_type=\"column\" data-e-type=\"column\" data-settings=\"{&quot;background_background&quot;:&quot;classic&quot;}\">\n\t\t\t<div class=\"elementor-widget-wrap elementor-element-populated\">\n\t\t\t\t\t\t<div class=\"elementor-element elementor-element-273b44b elementor-widget elementor-widget-image\" data-id=\"273b44b\" data-element_type=\"widget\" data-e-type=\"widget\" data-widget_type=\"image.default\">\n\t\t\t\t<div class=\"elementor-widget-container\">\n\t\t\t\t\t\t\t\t\t\t\t\t\t\t\t<img decoding=\"async\" width=\"1200\" height=\"400\" src=\"https:\/\/www.ircad.fr\/wp-content\/uploads\/BANNER.jpg\" class=\"attachment-full size-full wp-image-67392\" alt=\"\" srcset=\"https:\/\/www.ircad.fr\/wp-content\/uploads\/BANNER.jpg 1200w, https:\/\/www.ircad.fr\/wp-content\/uploads\/BANNER-300x100.jpg 300w, https:\/\/www.ircad.fr\/wp-content\/uploads\/BANNER-1024x341.jpg 1024w, https:\/\/www.ircad.fr\/wp-content\/uploads\/BANNER-768x256.jpg 768w, https:\/\/www.ircad.fr\/wp-content\/uploads\/BANNER-600x200.jpg 600w\" sizes=\"(max-width: 1200px) 100vw, 1200px\" \/>\t\t\t\t\t\t\t\t\t\t\t\t\t\t\t<\/div>\n\t\t\t\t<\/div>\n\t\t\t\t<div class=\"elementor-element elementor-element-a31e42f elementor-widget elementor-widget-heading\" data-id=\"a31e42f\" data-element_type=\"widget\" data-e-type=\"widget\" data-widget_type=\"heading.default\">\n\t\t\t\t<div class=\"elementor-widget-container\">\n\t\t\t\t\t<h2 class=\"elementor-heading-title elementor-size-default\">WebSurg<\/h2>\t\t\t\t<\/div>\n\t\t\t\t<\/div>\n\t\t\t\t<div class=\"elementor-element elementor-element-d40360d elementor-widget elementor-widget-heading\" data-id=\"d40360d\" data-element_type=\"widget\" data-e-type=\"widget\" data-widget_type=\"heading.default\">\n\t\t\t\t<div class=\"elementor-widget-container\">\n\t\t\t\t\t<h4 class=\"elementor-heading-title elementor-size-default\"> WebSurg est l'universit\u00e9 en ligne de l'IRCAD. C'est un site web sp\u00e9cialis\u00e9 dans la formation \u00e0 la chirurgie mini-invasive avec plus de 400 000 membres dans le monde et 4 000 vid\u00e9os dans toutes les sp\u00e9cialit\u00e9s chirurgicales. L'IRCAD organise des cours en ligne dans toutes les sp\u00e9cialit\u00e9s chirurgicales. Avec des conf\u00e9rences, des d\u00e9monstrations en direct ou pr\u00e9enregistr\u00e9es et des discussions avec des experts internationaux, c'est le meilleur moyen de se former en ligne.<\/h4>\t\t\t\t<\/div>\n\t\t\t\t<\/div>\n\t\t\t\t<div data-dce-background-color=\"#0079A700\" class=\"elementor-element elementor-element-fba12da elementor-align-left elementor-widget elementor-widget-button\" data-id=\"fba12da\" data-element_type=\"widget\" data-e-type=\"widget\" data-widget_type=\"button.default\">\n\t\t\t\t<div class=\"elementor-widget-container\">\n\t\t\t\t\t\t\t\t\t<div class=\"elementor-button-wrapper\">\n\t\t\t\t\t<a class=\"elementor-button elementor-button-link elementor-size-sm\" href=\"https:\/\/www.ircad.fr\/fr\/e-learning\/websurg-luniversite-en-ligne-de-lircad\/\">\n\t\t\t\t\t\t<span class=\"elementor-button-content-wrapper\">\n\t\t\t\t\t\t\t\t\t<span class=\"elementor-button-text\">Voir plus<\/span>\n\t\t\t\t\t<\/span>\n\t\t\t\t\t<\/a>\n\t\t\t\t<\/div>\n\t\t\t\t\t\t\t\t<\/div>\n\t\t\t\t<\/div>\n\t\t\t\t\t<\/div>\n\t\t<\/div>\n\t\t\t\t\t<\/div>\n\t\t<\/section>\n\t\t\t\t<\/div>\n\t\t","protected":false},"excerpt":{"rendered":"<p>Home Cours IRCAD en direct L&rsquo;IRCAD organise des cours en ligne dans toutes les sp\u00e9cialit\u00e9s chirurgicales. Avec des conf\u00e9rences, des d\u00e9monstrations en direct ou pr\u00e9enregistr\u00e9es et des discussions avec des experts internationaux, c&rsquo;est le meilleur moyen de se former en ligne. Voir plus WebSurg WebSurg est l&rsquo;universit\u00e9 en ligne de l&rsquo;IRCAD. C&rsquo;est un site web [&hellip;]<\/p>\n","protected":false},"author":6,"featured_media":0,"parent":0,"menu_order":2,"comment_status":"closed","ping_status":"closed","template":"elementor_header_footer","meta":{"_acf_changed":false,"footnotes":""},"class_list":["post-43297","page","type-page","status-publish","hentry"],"acf":[],"yoast_head":"<!-- This site is optimized with the Yoast SEO plugin v27.4 - https:\/\/yoast.com\/product\/yoast-seo-wordpress\/ -->\n<title>E-learning - IRCAD<\/title>\n<meta name=\"robots\" content=\"index, follow, max-snippet:-1, max-image-preview:large, max-video-preview:-1\" \/>\n<link rel=\"canonical\" href=\"https:\/\/www.ircad.fr\/fr\/e-learning\/\" \/>\n<meta property=\"og:locale\" content=\"fr_FR\" \/>\n<meta property=\"og:type\" content=\"article\" \/>\n<meta property=\"og:title\" content=\"E-learning - IRCAD\" \/>\n<meta property=\"og:description\" content=\"Home Cours IRCAD en direct L&rsquo;IRCAD organise des cours en ligne dans toutes les sp\u00e9cialit\u00e9s chirurgicales. Avec des conf\u00e9rences, des d\u00e9monstrations en direct ou pr\u00e9enregistr\u00e9es et des discussions avec des experts internationaux, c&rsquo;est le meilleur moyen de se former en ligne. Voir plus WebSurg WebSurg est l&rsquo;universit\u00e9 en ligne de l&rsquo;IRCAD. C&rsquo;est un site web [&hellip;]\" \/>\n<meta property=\"og:url\" content=\"https:\/\/www.ircad.fr\/fr\/e-learning\/\" \/>\n<meta property=\"og:site_name\" content=\"IRCAD\" \/>\n<meta property=\"article:publisher\" content=\"https:\/\/www.facebook.com\/IrcadFrance\" \/>\n<meta property=\"og:image\" content=\"https:\/\/ircad.fr\/wp-content\/uploads\/thoracic.jpg\" \/>\n<meta name=\"twitter:card\" content=\"summary_large_image\" \/>\n<meta name=\"twitter:site\" content=\"@IrcadFrance\" \/>\n<meta name=\"twitter:label1\" content=\"Dur\u00e9e de lecture estim\u00e9e\" \/>\n\t<meta name=\"twitter:data1\" content=\"1 minute\" \/>\n<script type=\"application\/ld+json\" class=\"yoast-schema-graph\">{\"@context\":\"https:\\\/\\\/schema.org\",\"@graph\":[{\"@type\":\"WebPage\",\"@id\":\"https:\\\/\\\/www.ircad.fr\\\/fr\\\/e-learning\\\/\",\"url\":\"https:\\\/\\\/www.ircad.fr\\\/fr\\\/e-learning\\\/\",\"name\":\"E-learning - IRCAD\",\"isPartOf\":{\"@id\":\"https:\\\/\\\/www.ircad.fr\\\/#website\"},\"primaryImageOfPage\":{\"@id\":\"https:\\\/\\\/www.ircad.fr\\\/fr\\\/e-learning\\\/#primaryimage\"},\"image\":{\"@id\":\"https:\\\/\\\/www.ircad.fr\\\/fr\\\/e-learning\\\/#primaryimage\"},\"thumbnailUrl\":\"https:\\\/\\\/ircad.fr\\\/wp-content\\\/uploads\\\/thoracic.jpg\",\"datePublished\":\"2022-01-26T16:31:06+00:00\",\"breadcrumb\":{\"@id\":\"https:\\\/\\\/www.ircad.fr\\\/fr\\\/e-learning\\\/#breadcrumb\"},\"inLanguage\":\"fr-FR\",\"potentialAction\":[{\"@type\":\"ReadAction\",\"target\":[\"https:\\\/\\\/www.ircad.fr\\\/fr\\\/e-learning\\\/\"]}]},{\"@type\":\"ImageObject\",\"inLanguage\":\"fr-FR\",\"@id\":\"https:\\\/\\\/www.ircad.fr\\\/fr\\\/e-learning\\\/#primaryimage\",\"url\":\"https:\\\/\\\/ircad.fr\\\/wp-content\\\/uploads\\\/thoracic.jpg\",\"contentUrl\":\"https:\\\/\\\/ircad.fr\\\/wp-content\\\/uploads\\\/thoracic.jpg\"},{\"@type\":\"BreadcrumbList\",\"@id\":\"https:\\\/\\\/www.ircad.fr\\\/fr\\\/e-learning\\\/#breadcrumb\",\"itemListElement\":[{\"@type\":\"ListItem\",\"position\":1,\"name\":\"Home\",\"item\":\"https:\\\/\\\/www.ircad.fr\\\/\"},{\"@type\":\"ListItem\",\"position\":2,\"name\":\"E-learning\"}]},{\"@type\":\"WebSite\",\"@id\":\"https:\\\/\\\/www.ircad.fr\\\/#website\",\"url\":\"https:\\\/\\\/www.ircad.fr\\\/\",\"name\":\"IRCAD - Laparoscopic training center\",\"description\":\"There is no better way to learn\",\"potentialAction\":[{\"@type\":\"SearchAction\",\"target\":{\"@type\":\"EntryPoint\",\"urlTemplate\":\"https:\\\/\\\/www.ircad.fr\\\/?s={search_term_string}\"},\"query-input\":{\"@type\":\"PropertyValueSpecification\",\"valueRequired\":true,\"valueName\":\"search_term_string\"}}],\"inLanguage\":\"fr-FR\"}]}<\/script>\n<!-- \/ Yoast SEO plugin. -->","yoast_head_json":{"title":"E-learning - IRCAD","robots":{"index":"index","follow":"follow","max-snippet":"max-snippet:-1","max-image-preview":"max-image-preview:large","max-video-preview":"max-video-preview:-1"},"canonical":"https:\/\/www.ircad.fr\/fr\/e-learning\/","og_locale":"fr_FR","og_type":"article","og_title":"E-learning - IRCAD","og_description":"Home Cours IRCAD en direct L&rsquo;IRCAD organise des cours en ligne dans toutes les sp\u00e9cialit\u00e9s chirurgicales. Avec des conf\u00e9rences, des d\u00e9monstrations en direct ou pr\u00e9enregistr\u00e9es et des discussions avec des experts internationaux, c&rsquo;est le meilleur moyen de se former en ligne. Voir plus WebSurg WebSurg est l&rsquo;universit\u00e9 en ligne de l&rsquo;IRCAD. C&rsquo;est un site web [&hellip;]","og_url":"https:\/\/www.ircad.fr\/fr\/e-learning\/","og_site_name":"IRCAD","article_publisher":"https:\/\/www.facebook.com\/IrcadFrance","og_image":[{"url":"https:\/\/ircad.fr\/wp-content\/uploads\/thoracic.jpg","type":"","width":"","height":""}],"twitter_card":"summary_large_image","twitter_site":"@IrcadFrance","twitter_misc":{"Dur\u00e9e de lecture estim\u00e9e":"1 minute"},"schema":{"@context":"https:\/\/schema.org","@graph":[{"@type":"WebPage","@id":"https:\/\/www.ircad.fr\/fr\/e-learning\/","url":"https:\/\/www.ircad.fr\/fr\/e-learning\/","name":"E-learning - IRCAD","isPartOf":{"@id":"https:\/\/www.ircad.fr\/#website"},"primaryImageOfPage":{"@id":"https:\/\/www.ircad.fr\/fr\/e-learning\/#primaryimage"},"image":{"@id":"https:\/\/www.ircad.fr\/fr\/e-learning\/#primaryimage"},"thumbnailUrl":"https:\/\/ircad.fr\/wp-content\/uploads\/thoracic.jpg","datePublished":"2022-01-26T16:31:06+00:00","breadcrumb":{"@id":"https:\/\/www.ircad.fr\/fr\/e-learning\/#breadcrumb"},"inLanguage":"fr-FR","potentialAction":[{"@type":"ReadAction","target":["https:\/\/www.ircad.fr\/fr\/e-learning\/"]}]},{"@type":"ImageObject","inLanguage":"fr-FR","@id":"https:\/\/www.ircad.fr\/fr\/e-learning\/#primaryimage","url":"https:\/\/ircad.fr\/wp-content\/uploads\/thoracic.jpg","contentUrl":"https:\/\/ircad.fr\/wp-content\/uploads\/thoracic.jpg"},{"@type":"BreadcrumbList","@id":"https:\/\/www.ircad.fr\/fr\/e-learning\/#breadcrumb","itemListElement":[{"@type":"ListItem","position":1,"name":"Home","item":"https:\/\/www.ircad.fr\/"},{"@type":"ListItem","position":2,"name":"E-learning"}]},{"@type":"WebSite","@id":"https:\/\/www.ircad.fr\/#website","url":"https:\/\/www.ircad.fr\/","name":"IRCAD - Laparoscopic training center","description":"There is no better way to learn","potentialAction":[{"@type":"SearchAction","target":{"@type":"EntryPoint","urlTemplate":"https:\/\/www.ircad.fr\/?s={search_term_string}"},"query-input":{"@type":"PropertyValueSpecification","valueRequired":true,"valueName":"search_term_string"}}],"inLanguage":"fr-FR"}]}},"publishpress_future_action":{"enabled":false,"date":"2026-05-05 01:53:24","action":"change-status","newStatus":"draft","terms":[],"taxonomy":"translation_priority","extraData":[]},"publishpress_future_workflow_manual_trigger":{"enabledWorkflows":[]},"_links":{"self":[{"href":"https:\/\/www.ircad.fr\/fr\/wp-json\/wp\/v2\/pages\/43297","targetHints":{"allow":["GET"]}}],"collection":[{"href":"https:\/\/www.ircad.fr\/fr\/wp-json\/wp\/v2\/pages"}],"about":[{"href":"https:\/\/www.ircad.fr\/fr\/wp-json\/wp\/v2\/types\/page"}],"author":[{"embeddable":true,"href":"https:\/\/www.ircad.fr\/fr\/wp-json\/wp\/v2\/users\/6"}],"replies":[{"embeddable":true,"href":"https:\/\/www.ircad.fr\/fr\/wp-json\/wp\/v2\/comments?post=43297"}],"version-history":[{"count":1,"href":"https:\/\/www.ircad.fr\/fr\/wp-json\/wp\/v2\/pages\/43297\/revisions"}],"predecessor-version":[{"id":43298,"href":"https:\/\/www.ircad.fr\/fr\/wp-json\/wp\/v2\/pages\/43297\/revisions\/43298"}],"wp:attachment":[{"href":"https:\/\/www.ircad.fr\/fr\/wp-json\/wp\/v2\/media?parent=43297"}],"curies":[{"name":"wp","href":"https:\/\/api.w.org\/{rel}","templated":true}]}}