{"id":43396,"date":"2021-10-18T14:32:26","date_gmt":"2021-10-18T12:32:26","guid":{"rendered":"https:\/\/ircad.fr\/validation-de-la-commande\/"},"modified":"2021-10-18T14:32:26","modified_gmt":"2021-10-18T12:32:26","slug":"validation-de-la-commande","status":"publish","type":"page","link":"https:\/\/www.ircad.fr\/fr\/validation-de-la-commande\/","title":{"rendered":"Validation de la commande"},"content":{"rendered":"\t\t<div data-elementor-type=\"wp-page\" data-elementor-id=\"43396\" class=\"elementor elementor-43396 elementor-10550\" data-elementor-post-type=\"page\">\n\t\t\t\t\t\t<section class=\"elementor-section elementor-top-section elementor-element elementor-element-2b020af1 elementor-section-boxed elementor-section-height-default elementor-section-height-default\" data-id=\"2b020af1\" data-element_type=\"section\" data-e-type=\"section\">\n\t\t\t\t\t\t<div class=\"elementor-container elementor-column-gap-default\">\n\t\t\t\t\t<div class=\"elementor-column elementor-col-100 elementor-top-column elementor-element elementor-element-6b097208\" data-id=\"6b097208\" data-element_type=\"column\" data-e-type=\"column\">\n\t\t\t<div class=\"elementor-widget-wrap elementor-element-populated\">\n\t\t\t\t\t\t<div class=\"elementor-element elementor-element-7d71b9db elementor-widget elementor-widget-dce-breadcrumbs\" data-id=\"7d71b9db\" data-element_type=\"widget\" data-e-type=\"widget\" data-widget_type=\"dce-breadcrumbs.default\">\n\t\t\t\t<div class=\"elementor-widget-container\">\n\t\t\t\t\t<div><span><span><a href=\"https:\/\/www.ircad.fr\/\">Home<\/a><\/span><\/span><\/div>\t\t\t\t<\/div>\n\t\t\t\t<\/div>\n\t\t\t\t<div class=\"elementor-element elementor-element-6cd97bc3 elementor-widget-divider--view-line elementor-widget elementor-widget-divider\" data-id=\"6cd97bc3\" data-element_type=\"widget\" data-e-type=\"widget\" data-widget_type=\"divider.default\">\n\t\t\t\t<div class=\"elementor-widget-container\">\n\t\t\t\t\t\t\t<div class=\"elementor-divider\">\n\t\t\t<span class=\"elementor-divider-separator\">\n\t\t\t\t\t\t<\/span>\n\t\t<\/div>\n\t\t\t\t\t\t<\/div>\n\t\t\t\t<\/div>\n\t\t\t\t\t<\/div>\n\t\t<\/div>\n\t\t\t\t\t<\/div>\n\t\t<\/section>\n\t\t\t\t<section class=\"elementor-section elementor-top-section elementor-element elementor-element-39897f3 elementor-section-boxed elementor-section-height-default elementor-section-height-default\" data-id=\"39897f3\" data-element_type=\"section\" data-e-type=\"section\">\n\t\t\t\t\t\t<div class=\"elementor-container elementor-column-gap-default\">\n\t\t\t\t\t<div class=\"elementor-column elementor-col-100 elementor-top-column elementor-element elementor-element-e16ac3a\" data-id=\"e16ac3a\" data-element_type=\"column\" data-e-type=\"column\">\n\t\t\t<div class=\"elementor-widget-wrap elementor-element-populated\">\n\t\t\t\t\t\t<div class=\"elementor-element elementor-element-c7ba21b elementor-widget elementor-widget-wc-elements\" data-id=\"c7ba21b\" data-element_type=\"widget\" data-e-type=\"widget\" data-widget_type=\"wc-elements.default\">\n\t\t\t\t<div class=\"elementor-widget-container\">\n\t\t\t\t\t<div class=\"woocommerce\">Votre panier est actuellement vide.<\/div>\t\t\t\t<\/div>\n\t\t\t\t<\/div>\n\t\t\t\t\t<\/div>\n\t\t<\/div>\n\t\t\t\t\t<\/div>\n\t\t<\/section>\n\t\t\t\t<\/div>\n\t\t","protected":false},"excerpt":{"rendered":"<p>Home<\/p>\n","protected":false},"author":6,"featured_media":0,"parent":0,"menu_order":8,"comment_status":"closed","ping_status":"closed","template":"","meta":{"_acf_changed":false,"footnotes":""},"class_list":["post-43396","page","type-page","status-publish","hentry"],"acf":[],"yoast_head":"<!-- This site is optimized with the Yoast SEO plugin v27.4 - https:\/\/yoast.com\/product\/yoast-seo-wordpress\/ -->\n<title>Validation de la commande - IRCAD<\/title>\n<meta name=\"description\" content=\"Merci ! L&#039;IRCAD est un lieu de formation exceptionnel, qui accueille chaque ann\u00e9e plus de 7 200 chirurgiens de toutes sp\u00e9cialit\u00e9s chirurgicales. Nous sommes impatients de vous accueillir.\" \/>\n<meta name=\"robots\" content=\"index, follow, max-snippet:-1, max-image-preview:large, max-video-preview:-1\" \/>\n<link rel=\"canonical\" href=\"https:\/\/www.ircad.fr\/fr\/validation-de-la-commande\/\" \/>\n<meta property=\"og:locale\" content=\"fr_FR\" \/>\n<meta property=\"og:type\" content=\"article\" \/>\n<meta property=\"og:title\" content=\"Validation de la commande - IRCAD\" \/>\n<meta property=\"og:description\" content=\"Merci ! L&#039;IRCAD est un lieu de formation exceptionnel, qui accueille chaque ann\u00e9e plus de 7 200 chirurgiens de toutes sp\u00e9cialit\u00e9s chirurgicales. Nous sommes impatients de vous accueillir.\" \/>\n<meta property=\"og:url\" content=\"https:\/\/www.ircad.fr\/fr\/validation-de-la-commande\/\" \/>\n<meta property=\"og:site_name\" content=\"IRCAD\" \/>\n<meta property=\"article:publisher\" content=\"https:\/\/www.facebook.com\/IrcadFrance\" \/>\n<meta name=\"twitter:card\" content=\"summary_large_image\" \/>\n<meta name=\"twitter:site\" content=\"@IrcadFrance\" \/>\n<script type=\"application\/ld+json\" class=\"yoast-schema-graph\">{\"@context\":\"https:\\\/\\\/schema.org\",\"@graph\":[{\"@type\":\"WebPage\",\"@id\":\"https:\\\/\\\/www.ircad.fr\\\/fr\\\/validation-de-la-commande\\\/\",\"url\":\"https:\\\/\\\/www.ircad.fr\\\/fr\\\/validation-de-la-commande\\\/\",\"name\":\"Validation de la commande - IRCAD\",\"isPartOf\":{\"@id\":\"https:\\\/\\\/www.ircad.fr\\\/#website\"},\"datePublished\":\"2021-10-18T12:32:26+00:00\",\"description\":\"Merci ! L'IRCAD est un lieu de formation exceptionnel, qui accueille chaque ann\u00e9e plus de 7 200 chirurgiens de toutes sp\u00e9cialit\u00e9s chirurgicales. Nous sommes impatients de vous accueillir.\",\"breadcrumb\":{\"@id\":\"https:\\\/\\\/www.ircad.fr\\\/fr\\\/validation-de-la-commande\\\/#breadcrumb\"},\"inLanguage\":\"fr-FR\",\"potentialAction\":[{\"@type\":\"ReadAction\",\"target\":[\"https:\\\/\\\/www.ircad.fr\\\/fr\\\/validation-de-la-commande\\\/\"]}]},{\"@type\":\"BreadcrumbList\",\"@id\":\"https:\\\/\\\/www.ircad.fr\\\/fr\\\/validation-de-la-commande\\\/#breadcrumb\",\"itemListElement\":[{\"@type\":\"ListItem\",\"position\":1,\"name\":\"Home\",\"item\":\"https:\\\/\\\/www.ircad.fr\\\/\"},{\"@type\":\"ListItem\",\"position\":2,\"name\":\"Validation de la commande\"}]},{\"@type\":\"WebSite\",\"@id\":\"https:\\\/\\\/www.ircad.fr\\\/#website\",\"url\":\"https:\\\/\\\/www.ircad.fr\\\/\",\"name\":\"IRCAD - Laparoscopic training center\",\"description\":\"There is no better way to learn\",\"potentialAction\":[{\"@type\":\"SearchAction\",\"target\":{\"@type\":\"EntryPoint\",\"urlTemplate\":\"https:\\\/\\\/www.ircad.fr\\\/?s={search_term_string}\"},\"query-input\":{\"@type\":\"PropertyValueSpecification\",\"valueRequired\":true,\"valueName\":\"search_term_string\"}}],\"inLanguage\":\"fr-FR\"}]}<\/script>\n<!-- \/ Yoast SEO plugin. -->","yoast_head_json":{"title":"Validation de la commande - IRCAD","description":"Merci ! L'IRCAD est un lieu de formation exceptionnel, qui accueille chaque ann\u00e9e plus de 7 200 chirurgiens de toutes sp\u00e9cialit\u00e9s chirurgicales. Nous sommes impatients de vous accueillir.","robots":{"index":"index","follow":"follow","max-snippet":"max-snippet:-1","max-image-preview":"max-image-preview:large","max-video-preview":"max-video-preview:-1"},"canonical":"https:\/\/www.ircad.fr\/fr\/validation-de-la-commande\/","og_locale":"fr_FR","og_type":"article","og_title":"Validation de la commande - IRCAD","og_description":"Merci ! L'IRCAD est un lieu de formation exceptionnel, qui accueille chaque ann\u00e9e plus de 7 200 chirurgiens de toutes sp\u00e9cialit\u00e9s chirurgicales. Nous sommes impatients de vous accueillir.","og_url":"https:\/\/www.ircad.fr\/fr\/validation-de-la-commande\/","og_site_name":"IRCAD","article_publisher":"https:\/\/www.facebook.com\/IrcadFrance","twitter_card":"summary_large_image","twitter_site":"@IrcadFrance","schema":{"@context":"https:\/\/schema.org","@graph":[{"@type":"WebPage","@id":"https:\/\/www.ircad.fr\/fr\/validation-de-la-commande\/","url":"https:\/\/www.ircad.fr\/fr\/validation-de-la-commande\/","name":"Validation de la commande - IRCAD","isPartOf":{"@id":"https:\/\/www.ircad.fr\/#website"},"datePublished":"2021-10-18T12:32:26+00:00","description":"Merci ! L'IRCAD est un lieu de formation exceptionnel, qui accueille chaque ann\u00e9e plus de 7 200 chirurgiens de toutes sp\u00e9cialit\u00e9s chirurgicales. Nous sommes impatients de vous accueillir.","breadcrumb":{"@id":"https:\/\/www.ircad.fr\/fr\/validation-de-la-commande\/#breadcrumb"},"inLanguage":"fr-FR","potentialAction":[{"@type":"ReadAction","target":["https:\/\/www.ircad.fr\/fr\/validation-de-la-commande\/"]}]},{"@type":"BreadcrumbList","@id":"https:\/\/www.ircad.fr\/fr\/validation-de-la-commande\/#breadcrumb","itemListElement":[{"@type":"ListItem","position":1,"name":"Home","item":"https:\/\/www.ircad.fr\/"},{"@type":"ListItem","position":2,"name":"Validation de la commande"}]},{"@type":"WebSite","@id":"https:\/\/www.ircad.fr\/#website","url":"https:\/\/www.ircad.fr\/","name":"IRCAD - Laparoscopic training center","description":"There is no better way to learn","potentialAction":[{"@type":"SearchAction","target":{"@type":"EntryPoint","urlTemplate":"https:\/\/www.ircad.fr\/?s={search_term_string}"},"query-input":{"@type":"PropertyValueSpecification","valueRequired":true,"valueName":"search_term_string"}}],"inLanguage":"fr-FR"}]}},"publishpress_future_action":{"enabled":false,"date":"2026-04-30 04:15:42","action":"change-status","newStatus":"draft","terms":[],"taxonomy":"translation_priority","extraData":[]},"publishpress_future_workflow_manual_trigger":{"enabledWorkflows":[]},"_links":{"self":[{"href":"https:\/\/www.ircad.fr\/fr\/wp-json\/wp\/v2\/pages\/43396","targetHints":{"allow":["GET"]}}],"collection":[{"href":"https:\/\/www.ircad.fr\/fr\/wp-json\/wp\/v2\/pages"}],"about":[{"href":"https:\/\/www.ircad.fr\/fr\/wp-json\/wp\/v2\/types\/page"}],"author":[{"embeddable":true,"href":"https:\/\/www.ircad.fr\/fr\/wp-json\/wp\/v2\/users\/6"}],"replies":[{"embeddable":true,"href":"https:\/\/www.ircad.fr\/fr\/wp-json\/wp\/v2\/comments?post=43396"}],"version-history":[{"count":1,"href":"https:\/\/www.ircad.fr\/fr\/wp-json\/wp\/v2\/pages\/43396\/revisions"}],"predecessor-version":[{"id":43397,"href":"https:\/\/www.ircad.fr\/fr\/wp-json\/wp\/v2\/pages\/43396\/revisions\/43397"}],"wp:attachment":[{"href":"https:\/\/www.ircad.fr\/fr\/wp-json\/wp\/v2\/media?parent=43396"}],"curies":[{"name":"wp","href":"https:\/\/api.w.org\/{rel}","templated":true}]}}