{"id":43398,"date":"2021-10-18T14:33:47","date_gmt":"2021-10-18T12:33:47","guid":{"rendered":"https:\/\/ircad.fr\/panier\/"},"modified":"2022-05-03T09:48:24","modified_gmt":"2022-05-03T07:48:24","slug":"panier","status":"publish","type":"page","link":"https:\/\/www.ircad.fr\/fr\/panier\/","title":{"rendered":"Panier"},"content":{"rendered":"\t\t<div data-elementor-type=\"wp-page\" data-elementor-id=\"43398\" class=\"elementor elementor-43398 elementor-10552\" data-elementor-post-type=\"page\">\n\t\t\t\t\t\t<section class=\"elementor-section elementor-top-section elementor-element elementor-element-3b9f9186 elementor-section-boxed elementor-section-height-default elementor-section-height-default\" data-id=\"3b9f9186\" data-element_type=\"section\" data-e-type=\"section\">\n\t\t\t\t\t\t<div class=\"elementor-container elementor-column-gap-default\">\n\t\t\t\t\t<div class=\"elementor-column elementor-col-100 elementor-top-column elementor-element elementor-element-5b29021f\" data-id=\"5b29021f\" data-element_type=\"column\" data-e-type=\"column\">\n\t\t\t<div class=\"elementor-widget-wrap elementor-element-populated\">\n\t\t\t\t\t\t<div class=\"elementor-element elementor-element-5391d6bd elementor-widget elementor-widget-dce-breadcrumbs\" data-id=\"5391d6bd\" data-element_type=\"widget\" data-e-type=\"widget\" data-widget_type=\"dce-breadcrumbs.default\">\n\t\t\t\t<div class=\"elementor-widget-container\">\n\t\t\t\t\t<div><span><span><a href=\"https:\/\/www.ircad.fr\/\">Home<\/a><\/span><\/span><\/div>\t\t\t\t<\/div>\n\t\t\t\t<\/div>\n\t\t\t\t<div class=\"elementor-element elementor-element-521cdce3 elementor-widget-divider--view-line elementor-widget elementor-widget-divider\" data-id=\"521cdce3\" data-element_type=\"widget\" data-e-type=\"widget\" data-widget_type=\"divider.default\">\n\t\t\t\t<div class=\"elementor-widget-container\">\n\t\t\t\t\t\t\t<div class=\"elementor-divider\">\n\t\t\t<span class=\"elementor-divider-separator\">\n\t\t\t\t\t\t<\/span>\n\t\t<\/div>\n\t\t\t\t\t\t<\/div>\n\t\t\t\t<\/div>\n\t\t\t\t\t<\/div>\n\t\t<\/div>\n\t\t\t\t\t<\/div>\n\t\t<\/section>\n\t\t\t\t<section class=\"elementor-section elementor-top-section elementor-element elementor-element-73d9719 elementor-section-boxed elementor-section-height-default elementor-section-height-default\" data-id=\"73d9719\" data-element_type=\"section\" data-e-type=\"section\">\n\t\t\t\t\t\t<div class=\"elementor-container elementor-column-gap-default\">\n\t\t\t\t\t<div class=\"elementor-column elementor-col-100 elementor-top-column elementor-element elementor-element-c5b160b\" data-id=\"c5b160b\" data-element_type=\"column\" data-e-type=\"column\">\n\t\t\t<div class=\"elementor-widget-wrap elementor-element-populated\">\n\t\t\t\t\t\t\t<\/div>\n\t\t<\/div>\n\t\t\t\t\t<\/div>\n\t\t<\/section>\n\t\t\t\t<\/div>\n\t\t","protected":false},"excerpt":{"rendered":"<p>Home<\/p>\n","protected":false},"author":6,"featured_media":0,"parent":0,"menu_order":9,"comment_status":"closed","ping_status":"closed","template":"","meta":{"_acf_changed":false,"footnotes":""},"class_list":["post-43398","page","type-page","status-publish","hentry"],"acf":[],"yoast_head":"<!-- This site is optimized with the Yoast SEO plugin v27.4 - https:\/\/yoast.com\/product\/yoast-seo-wordpress\/ -->\n<title>Panier - IRCAD<\/title>\n<meta name=\"description\" content=\"Les cours sont organis\u00e9s de mani\u00e8re \u00e0 ce que les participants soient totalement immerg\u00e9s au c\u0153ur de l&#039;Institut, du d\u00e9but \u00e0 la fin.\" \/>\n<meta name=\"robots\" content=\"index, follow, max-snippet:-1, max-image-preview:large, max-video-preview:-1\" \/>\n<link rel=\"canonical\" href=\"https:\/\/www.ircad.fr\/cart\/\" \/>\n<meta property=\"og:locale\" content=\"fr_FR\" \/>\n<meta property=\"og:type\" content=\"article\" \/>\n<meta property=\"og:title\" content=\"Panier - IRCAD\" \/>\n<meta property=\"og:description\" content=\"Les cours sont organis\u00e9s de mani\u00e8re \u00e0 ce que les participants soient totalement immerg\u00e9s au c\u0153ur de l&#039;Institut, du d\u00e9but \u00e0 la fin.\" \/>\n<meta property=\"og:url\" content=\"https:\/\/www.ircad.fr\/cart\/\" \/>\n<meta property=\"og:site_name\" content=\"IRCAD\" \/>\n<meta property=\"article:publisher\" content=\"https:\/\/www.facebook.com\/IrcadFrance\" \/>\n<meta property=\"article:modified_time\" content=\"2022-05-03T07:48:24+00:00\" \/>\n<meta name=\"twitter:card\" content=\"summary_large_image\" \/>\n<meta name=\"twitter:site\" content=\"@IrcadFrance\" \/>\n<script type=\"application\/ld+json\" class=\"yoast-schema-graph\">{\"@context\":\"https:\\\/\\\/schema.org\",\"@graph\":[{\"@type\":\"WebPage\",\"@id\":\"https:\\\/\\\/www.ircad.fr\\\/cart\\\/\",\"url\":\"https:\\\/\\\/www.ircad.fr\\\/cart\\\/\",\"name\":\"Panier - IRCAD\",\"isPartOf\":{\"@id\":\"https:\\\/\\\/www.ircad.fr\\\/#website\"},\"datePublished\":\"2021-10-18T12:33:47+00:00\",\"dateModified\":\"2022-05-03T07:48:24+00:00\",\"description\":\"Les cours sont organis\u00e9s de mani\u00e8re \u00e0 ce que les participants soient totalement immerg\u00e9s au c\u0153ur de l'Institut, du d\u00e9but \u00e0 la fin.\",\"breadcrumb\":{\"@id\":\"https:\\\/\\\/www.ircad.fr\\\/cart\\\/#breadcrumb\"},\"inLanguage\":\"fr-FR\",\"potentialAction\":[{\"@type\":\"ReadAction\",\"target\":[\"https:\\\/\\\/www.ircad.fr\\\/cart\\\/\"]}]},{\"@type\":\"BreadcrumbList\",\"@id\":\"https:\\\/\\\/www.ircad.fr\\\/cart\\\/#breadcrumb\",\"itemListElement\":[{\"@type\":\"ListItem\",\"position\":1,\"name\":\"Home\",\"item\":\"https:\\\/\\\/www.ircad.fr\\\/\"},{\"@type\":\"ListItem\",\"position\":2,\"name\":\"Panier\"}]},{\"@type\":\"WebSite\",\"@id\":\"https:\\\/\\\/www.ircad.fr\\\/#website\",\"url\":\"https:\\\/\\\/www.ircad.fr\\\/\",\"name\":\"IRCAD - Laparoscopic training center\",\"description\":\"There is no better way to learn\",\"potentialAction\":[{\"@type\":\"SearchAction\",\"target\":{\"@type\":\"EntryPoint\",\"urlTemplate\":\"https:\\\/\\\/www.ircad.fr\\\/?s={search_term_string}\"},\"query-input\":{\"@type\":\"PropertyValueSpecification\",\"valueRequired\":true,\"valueName\":\"search_term_string\"}}],\"inLanguage\":\"fr-FR\"}]}<\/script>\n<!-- \/ Yoast SEO plugin. -->","yoast_head_json":{"title":"Panier - IRCAD","description":"Les cours sont organis\u00e9s de mani\u00e8re \u00e0 ce que les participants soient totalement immerg\u00e9s au c\u0153ur de l'Institut, du d\u00e9but \u00e0 la fin.","robots":{"index":"index","follow":"follow","max-snippet":"max-snippet:-1","max-image-preview":"max-image-preview:large","max-video-preview":"max-video-preview:-1"},"canonical":"https:\/\/www.ircad.fr\/cart\/","og_locale":"fr_FR","og_type":"article","og_title":"Panier - IRCAD","og_description":"Les cours sont organis\u00e9s de mani\u00e8re \u00e0 ce que les participants soient totalement immerg\u00e9s au c\u0153ur de l'Institut, du d\u00e9but \u00e0 la fin.","og_url":"https:\/\/www.ircad.fr\/cart\/","og_site_name":"IRCAD","article_publisher":"https:\/\/www.facebook.com\/IrcadFrance","article_modified_time":"2022-05-03T07:48:24+00:00","twitter_card":"summary_large_image","twitter_site":"@IrcadFrance","schema":{"@context":"https:\/\/schema.org","@graph":[{"@type":"WebPage","@id":"https:\/\/www.ircad.fr\/cart\/","url":"https:\/\/www.ircad.fr\/cart\/","name":"Panier - IRCAD","isPartOf":{"@id":"https:\/\/www.ircad.fr\/#website"},"datePublished":"2021-10-18T12:33:47+00:00","dateModified":"2022-05-03T07:48:24+00:00","description":"Les cours sont organis\u00e9s de mani\u00e8re \u00e0 ce que les participants soient totalement immerg\u00e9s au c\u0153ur de l'Institut, du d\u00e9but \u00e0 la fin.","breadcrumb":{"@id":"https:\/\/www.ircad.fr\/cart\/#breadcrumb"},"inLanguage":"fr-FR","potentialAction":[{"@type":"ReadAction","target":["https:\/\/www.ircad.fr\/cart\/"]}]},{"@type":"BreadcrumbList","@id":"https:\/\/www.ircad.fr\/cart\/#breadcrumb","itemListElement":[{"@type":"ListItem","position":1,"name":"Home","item":"https:\/\/www.ircad.fr\/"},{"@type":"ListItem","position":2,"name":"Panier"}]},{"@type":"WebSite","@id":"https:\/\/www.ircad.fr\/#website","url":"https:\/\/www.ircad.fr\/","name":"IRCAD - Laparoscopic training center","description":"There is no better way to learn","potentialAction":[{"@type":"SearchAction","target":{"@type":"EntryPoint","urlTemplate":"https:\/\/www.ircad.fr\/?s={search_term_string}"},"query-input":{"@type":"PropertyValueSpecification","valueRequired":true,"valueName":"search_term_string"}}],"inLanguage":"fr-FR"}]}},"publishpress_future_action":{"enabled":false,"date":"2026-04-23 16:28:34","action":"change-status","newStatus":"draft","terms":[],"taxonomy":"translation_priority","extraData":[]},"publishpress_future_workflow_manual_trigger":{"enabledWorkflows":[]},"_links":{"self":[{"href":"https:\/\/www.ircad.fr\/fr\/wp-json\/wp\/v2\/pages\/43398","targetHints":{"allow":["GET"]}}],"collection":[{"href":"https:\/\/www.ircad.fr\/fr\/wp-json\/wp\/v2\/pages"}],"about":[{"href":"https:\/\/www.ircad.fr\/fr\/wp-json\/wp\/v2\/types\/page"}],"author":[{"embeddable":true,"href":"https:\/\/www.ircad.fr\/fr\/wp-json\/wp\/v2\/users\/6"}],"replies":[{"embeddable":true,"href":"https:\/\/www.ircad.fr\/fr\/wp-json\/wp\/v2\/comments?post=43398"}],"version-history":[{"count":2,"href":"https:\/\/www.ircad.fr\/fr\/wp-json\/wp\/v2\/pages\/43398\/revisions"}],"predecessor-version":[{"id":75307,"href":"https:\/\/www.ircad.fr\/fr\/wp-json\/wp\/v2\/pages\/43398\/revisions\/75307"}],"wp:attachment":[{"href":"https:\/\/www.ircad.fr\/fr\/wp-json\/wp\/v2\/media?parent=43398"}],"curies":[{"name":"wp","href":"https:\/\/api.w.org\/{rel}","templated":true}]}}