{"id":43400,"date":"2021-10-18T14:39:46","date_gmt":"2021-10-18T12:39:46","guid":{"rendered":"https:\/\/ircad.fr\/mentions-legales-credits\/"},"modified":"2021-11-30T10:11:31","modified_gmt":"2021-11-30T09:11:31","slug":"mentions-legales-credits","status":"publish","type":"page","link":"https:\/\/www.ircad.fr\/fr\/mentions-legales-credits\/","title":{"rendered":"Mentions l\u00e9gales\/Cr\u00e9dits"},"content":{"rendered":"\t\t<div data-elementor-type=\"wp-page\" data-elementor-id=\"43400\" class=\"elementor elementor-43400 elementor-217\" data-elementor-post-type=\"page\">\n\t\t\t\t\t\t<section class=\"elementor-section elementor-top-section elementor-element elementor-element-44b597a3 elementor-section-boxed elementor-section-height-default elementor-section-height-default\" data-id=\"44b597a3\" data-element_type=\"section\" data-e-type=\"section\">\n\t\t\t\t\t\t<div class=\"elementor-container elementor-column-gap-default\">\n\t\t\t\t\t<div class=\"elementor-column elementor-col-100 elementor-top-column elementor-element elementor-element-3fa25bc6\" data-id=\"3fa25bc6\" data-element_type=\"column\" data-e-type=\"column\">\n\t\t\t<div class=\"elementor-widget-wrap elementor-element-populated\">\n\t\t\t\t\t\t<div class=\"elementor-element elementor-element-5b72e37 elementor-widget elementor-widget-breadcrumbs\" data-id=\"5b72e37\" data-element_type=\"widget\" data-e-type=\"widget\" data-widget_type=\"breadcrumbs.default\">\n\t\t\t\t<div class=\"elementor-widget-container\">\n\t\t\t\t\t<p id=\"breadcrumbs\"><span><span><a href=\"https:\/\/www.ircad.fr\/\">Home<\/a><\/span><\/span><\/p>\t\t\t\t<\/div>\n\t\t\t\t<\/div>\n\t\t\t\t<div class=\"elementor-element elementor-element-9cad3e2 elementor-widget-divider--view-line elementor-widget elementor-widget-divider\" data-id=\"9cad3e2\" data-element_type=\"widget\" data-e-type=\"widget\" data-widget_type=\"divider.default\">\n\t\t\t\t<div class=\"elementor-widget-container\">\n\t\t\t\t\t\t\t<div class=\"elementor-divider\">\n\t\t\t<span class=\"elementor-divider-separator\">\n\t\t\t\t\t\t<\/span>\n\t\t<\/div>\n\t\t\t\t\t\t<\/div>\n\t\t\t\t<\/div>\n\t\t\t\t<div class=\"elementor-element elementor-element-8af594a elementor-widget elementor-widget-heading\" data-id=\"8af594a\" data-element_type=\"widget\" data-e-type=\"widget\" data-widget_type=\"heading.default\">\n\t\t\t\t<div class=\"elementor-widget-container\">\n\t\t\t\t\t<h2 class=\"elementor-heading-title elementor-size-default\">Mentions l\u00e9gales\/Cr\u00e9dits<\/h2>\t\t\t\t<\/div>\n\t\t\t\t<\/div>\n\t\t\t\t<div class=\"elementor-element elementor-element-40ec952 elementor-widget elementor-widget-text-editor\" data-id=\"40ec952\" data-element_type=\"widget\" data-e-type=\"widget\" data-widget_type=\"text-editor.default\">\n\t\t\t\t<div class=\"elementor-widget-container\">\n\t\t\t\t\t\t\t\t\t<p>Ce site a \u00e9t\u00e9 \u00e9dit\u00e9 par l&rsquo;IRCAD, Institut de recherche contre les cancers de l&rsquo;appareil digestif.<br \/>Num\u00e9ro de TVA intracommunautaire : FR 45 391 854 791 00012<\/p><p>L&rsquo;utilisateur du site est tenu de respecter les conditions d&rsquo;utilisation suivantes.<\/p><p>Pr\u00e9sentation du site<br \/>Conform\u00e9ment \u00e0 l&rsquo;article 6 de la loi n\u00b0 2004-575 du 21 juin 2004 pour la confiance dans l&rsquo;\u00e9conomie num\u00e9rique, il est pr\u00e9cis\u00e9 aux utilisateurs du site de l&rsquo;IRCAD les noms des diff\u00e9rents acteurs de la cr\u00e9ation et de la maintenance du site.<\/p>\t\t\t\t\t\t\t\t<\/div>\n\t\t\t\t<\/div>\n\t\t\t\t<div class=\"elementor-element elementor-element-d15eaa0 elementor-widget elementor-widget-text-editor\" data-id=\"d15eaa0\" data-element_type=\"widget\" data-e-type=\"widget\" data-widget_type=\"text-editor.default\">\n\t\t\t\t<div class=\"elementor-widget-container\">\n\t\t\t\t\t\t\t\t\t<p><strong style=\"color: var( --e-global-color-text ); font-family: var( --e-global-typography-text-font-family ), Helvetica; font-size: var( --e-global-typography-text-font-size ); letter-spacing: var( --e-global-typography-text-letter-spacing );\">Si\u00e8ge social<\/strong><br><\/p>\n<p><strong>IRCAD<\/strong><\/p>\n<p>Institut de recherche contre les cancers de l&rsquo;appareil digestif<br>Association inscrite au tribunal d&rsquo;instance de Strasbourg<br>Siren : 391 854 791<br>TVA : FR 45 391 854 791 00012<br>APE : 7211 Z<\/p>\n<p>H\u00f4pitaux Universitaires<br>1, place de l&rsquo;H\u00f4pital<br>67091 Strasbourg Cedex, FRANCE<\/p>\n<p>T\u00e9l. 33 (0)3 88 11 90 00<\/p>\t\t\t\t\t\t\t\t<\/div>\n\t\t\t\t<\/div>\n\t\t\t\t<div class=\"elementor-element elementor-element-db10b30 elementor-widget elementor-widget-text-editor\" data-id=\"db10b30\" data-element_type=\"widget\" data-e-type=\"widget\" data-widget_type=\"text-editor.default\">\n\t\t\t\t<div class=\"elementor-widget-container\">\n\t\t\t\t\t\t\t\t\t<p><b style=\"color: var( --e-global-color-text ); font-family: var( --e-global-typography-text-font-family ), Helvetica; font-size: var( --e-global-typography-text-font-size ); letter-spacing: var( --e-global-typography-text-letter-spacing );\">H\u00e9bergeur<\/b><\/p><p><b style=\"color: var( --e-global-color-text ); font-family: var( --e-global-typography-text-font-family ), Helvetica; font-size: var( --e-global-typography-text-font-size ); letter-spacing: var( --e-global-typography-text-letter-spacing );\">Ovh<\/b><\/p><p>9 Rue du Bassin de l&rsquo;Industrie, 67000 Strasbourg https:\/\/www.ovh.com\/fr\/<\/p><p>Propri\u00e9t\u00e9 intellectuelle et contrefa\u00e7ons<br \/>Toute reproduction, repr\u00e9sentation, modification, publication, adaptation de tout ou partie des \u00e9l\u00e9ments du site, quel que soit le moyen ou le proc\u00e9d\u00e9 utilis\u00e9, est interdite, sauf autorisation pr\u00e9alable de l&rsquo;IRCAD. Toute exploitation non autoris\u00e9e du site ou de l&rsquo;un quelconque de ses contenus sera consid\u00e9r\u00e9e comme une contrefa\u00e7on et fera l&rsquo;objet de poursuites judiciaires, conform\u00e9ment aux articles L.335-2 et suivants du Code de la propri\u00e9t\u00e9 intellectuelle.<\/p>\t\t\t\t\t\t\t\t<\/div>\n\t\t\t\t<\/div>\n\t\t\t\t<div class=\"elementor-element elementor-element-fb18e5c elementor-widget elementor-widget-text-editor\" data-id=\"fb18e5c\" data-element_type=\"widget\" data-e-type=\"widget\" data-widget_type=\"text-editor.default\">\n\t\t\t\t<div class=\"elementor-widget-container\">\n\t\t\t\t\t\t\t\t\t<p><span style=\"color: var( --e-global-color-text ); font-family: var( --e-global-typography-text-font-family ), Helvetica; font-size: var( --e-global-typography-text-font-size ); letter-spacing: var( --e-global-typography-text-letter-spacing );\"><i>Cr\u00e9dits photos<\/i><\/span><\/p><p>Jean-Fran\u00e7ois Badias, Pascal Bastien, Patrick Bogner, Julie Duffet, Philippe Eranian, H\u00e9l\u00e8ne Hilaire, IRCAD, IHU<\/p>\t\t\t\t\t\t\t\t<\/div>\n\t\t\t\t<\/div>\n\t\t\t\t\t<\/div>\n\t\t<\/div>\n\t\t\t\t\t<\/div>\n\t\t<\/section>\n\t\t\t\t<\/div>\n\t\t","protected":false},"excerpt":{"rendered":"<p>Mentions l\u00e9gales\/Cr\u00e9dits Ce site a \u00e9t\u00e9 \u00e9dit\u00e9 par l&rsquo;IRCAD, Institut de recherche contre les cancers de l&rsquo;appareil digestif.Num\u00e9ro de TVA intracommunautaire : FR 45 391 854 791 00012 L&rsquo;utilisateur du site est tenu de respecter les conditions d&rsquo;utilisation suivantes. Pr\u00e9sentation du siteConform\u00e9ment \u00e0 l&rsquo;article 6 de la loi n\u00b0 2004-575 du 21 juin 2004 pour [&hellip;]<\/p>\n","protected":false},"author":6,"featured_media":0,"parent":0,"menu_order":101,"comment_status":"closed","ping_status":"closed","template":"","meta":{"_acf_changed":false,"footnotes":""},"class_list":["post-43400","page","type-page","status-publish","hentry"],"acf":[],"yoast_head":"<!-- This site is optimized with the Yoast SEO plugin v27.1.1 - https:\/\/yoast.com\/product\/yoast-seo-wordpress\/ -->\n<title>Mentions l\u00e9gales\/Cr\u00e9dits - IRCAD<\/title>\n<meta name=\"robots\" content=\"index, follow, max-snippet:-1, max-image-preview:large, max-video-preview:-1\" \/>\n<link rel=\"canonical\" href=\"https:\/\/www.ircad.fr\/fr\/mentions-legales-credits\/\" \/>\n<meta property=\"og:locale\" content=\"fr_FR\" \/>\n<meta property=\"og:type\" content=\"article\" \/>\n<meta property=\"og:title\" content=\"Mentions l\u00e9gales\/Cr\u00e9dits - IRCAD\" \/>\n<meta property=\"og:description\" content=\"Mentions l\u00e9gales\/Cr\u00e9dits Ce site a \u00e9t\u00e9 \u00e9dit\u00e9 par l&rsquo;IRCAD, Institut de recherche contre les cancers de l&rsquo;appareil digestif.Num\u00e9ro de TVA intracommunautaire : FR 45 391 854 791 00012 L&rsquo;utilisateur du site est tenu de respecter les conditions d&rsquo;utilisation suivantes. Pr\u00e9sentation du siteConform\u00e9ment \u00e0 l&rsquo;article 6 de la loi n\u00b0 2004-575 du 21 juin 2004 pour [&hellip;]\" \/>\n<meta property=\"og:url\" content=\"https:\/\/www.ircad.fr\/fr\/mentions-legales-credits\/\" \/>\n<meta property=\"og:site_name\" content=\"IRCAD\" \/>\n<meta property=\"article:publisher\" content=\"https:\/\/www.facebook.com\/IrcadFrance\" \/>\n<meta property=\"article:modified_time\" content=\"2021-11-30T09:11:31+00:00\" \/>\n<meta name=\"twitter:card\" content=\"summary_large_image\" \/>\n<meta name=\"twitter:site\" content=\"@IrcadFrance\" \/>\n<meta name=\"twitter:label1\" content=\"Dur\u00e9e de lecture estim\u00e9e\" \/>\n\t<meta name=\"twitter:data1\" content=\"2 minutes\" \/>\n<script type=\"application\/ld+json\" class=\"yoast-schema-graph\">{\"@context\":\"https:\/\/schema.org\",\"@graph\":[{\"@type\":\"WebPage\",\"@id\":\"https:\/\/www.ircad.fr\/fr\/mentions-legales-credits\/\",\"url\":\"https:\/\/www.ircad.fr\/fr\/mentions-legales-credits\/\",\"name\":\"Mentions l\u00e9gales\/Cr\u00e9dits - IRCAD\",\"isPartOf\":{\"@id\":\"https:\/\/www.ircad.fr\/#website\"},\"datePublished\":\"2021-10-18T12:39:46+00:00\",\"dateModified\":\"2021-11-30T09:11:31+00:00\",\"breadcrumb\":{\"@id\":\"https:\/\/www.ircad.fr\/fr\/mentions-legales-credits\/#breadcrumb\"},\"inLanguage\":\"fr-FR\",\"potentialAction\":[{\"@type\":\"ReadAction\",\"target\":[\"https:\/\/www.ircad.fr\/fr\/mentions-legales-credits\/\"]}]},{\"@type\":\"BreadcrumbList\",\"@id\":\"https:\/\/www.ircad.fr\/fr\/mentions-legales-credits\/#breadcrumb\",\"itemListElement\":[{\"@type\":\"ListItem\",\"position\":1,\"name\":\"Home\",\"item\":\"https:\/\/www.ircad.fr\/\"},{\"@type\":\"ListItem\",\"position\":2,\"name\":\"Mentions l\u00e9gales\/Cr\u00e9dits\"}]},{\"@type\":\"WebSite\",\"@id\":\"https:\/\/www.ircad.fr\/#website\",\"url\":\"https:\/\/www.ircad.fr\/\",\"name\":\"IRCAD - Laparoscopic training center\",\"description\":\"There is no better way to learn\",\"potentialAction\":[{\"@type\":\"SearchAction\",\"target\":{\"@type\":\"EntryPoint\",\"urlTemplate\":\"https:\/\/www.ircad.fr\/?s={search_term_string}\"},\"query-input\":{\"@type\":\"PropertyValueSpecification\",\"valueRequired\":true,\"valueName\":\"search_term_string\"}}],\"inLanguage\":\"fr-FR\"}]}<\/script>\n<!-- \/ Yoast SEO plugin. -->","yoast_head_json":{"title":"Mentions l\u00e9gales\/Cr\u00e9dits - IRCAD","robots":{"index":"index","follow":"follow","max-snippet":"max-snippet:-1","max-image-preview":"max-image-preview:large","max-video-preview":"max-video-preview:-1"},"canonical":"https:\/\/www.ircad.fr\/fr\/mentions-legales-credits\/","og_locale":"fr_FR","og_type":"article","og_title":"Mentions l\u00e9gales\/Cr\u00e9dits - IRCAD","og_description":"Mentions l\u00e9gales\/Cr\u00e9dits Ce site a \u00e9t\u00e9 \u00e9dit\u00e9 par l&rsquo;IRCAD, Institut de recherche contre les cancers de l&rsquo;appareil digestif.Num\u00e9ro de TVA intracommunautaire : FR 45 391 854 791 00012 L&rsquo;utilisateur du site est tenu de respecter les conditions d&rsquo;utilisation suivantes. Pr\u00e9sentation du siteConform\u00e9ment \u00e0 l&rsquo;article 6 de la loi n\u00b0 2004-575 du 21 juin 2004 pour [&hellip;]","og_url":"https:\/\/www.ircad.fr\/fr\/mentions-legales-credits\/","og_site_name":"IRCAD","article_publisher":"https:\/\/www.facebook.com\/IrcadFrance","article_modified_time":"2021-11-30T09:11:31+00:00","twitter_card":"summary_large_image","twitter_site":"@IrcadFrance","twitter_misc":{"Dur\u00e9e de lecture estim\u00e9e":"2 minutes"},"schema":{"@context":"https:\/\/schema.org","@graph":[{"@type":"WebPage","@id":"https:\/\/www.ircad.fr\/fr\/mentions-legales-credits\/","url":"https:\/\/www.ircad.fr\/fr\/mentions-legales-credits\/","name":"Mentions l\u00e9gales\/Cr\u00e9dits - IRCAD","isPartOf":{"@id":"https:\/\/www.ircad.fr\/#website"},"datePublished":"2021-10-18T12:39:46+00:00","dateModified":"2021-11-30T09:11:31+00:00","breadcrumb":{"@id":"https:\/\/www.ircad.fr\/fr\/mentions-legales-credits\/#breadcrumb"},"inLanguage":"fr-FR","potentialAction":[{"@type":"ReadAction","target":["https:\/\/www.ircad.fr\/fr\/mentions-legales-credits\/"]}]},{"@type":"BreadcrumbList","@id":"https:\/\/www.ircad.fr\/fr\/mentions-legales-credits\/#breadcrumb","itemListElement":[{"@type":"ListItem","position":1,"name":"Home","item":"https:\/\/www.ircad.fr\/"},{"@type":"ListItem","position":2,"name":"Mentions l\u00e9gales\/Cr\u00e9dits"}]},{"@type":"WebSite","@id":"https:\/\/www.ircad.fr\/#website","url":"https:\/\/www.ircad.fr\/","name":"IRCAD - Laparoscopic training center","description":"There is no better way to learn","potentialAction":[{"@type":"SearchAction","target":{"@type":"EntryPoint","urlTemplate":"https:\/\/www.ircad.fr\/?s={search_term_string}"},"query-input":{"@type":"PropertyValueSpecification","valueRequired":true,"valueName":"search_term_string"}}],"inLanguage":"fr-FR"}]}},"publishpress_future_action":{"enabled":false,"date":"2026-04-17 09:40:36","action":"change-status","newStatus":"draft","terms":[],"taxonomy":"translation_priority","extraData":[]},"publishpress_future_workflow_manual_trigger":{"enabledWorkflows":[]},"_links":{"self":[{"href":"https:\/\/www.ircad.fr\/fr\/wp-json\/wp\/v2\/pages\/43400","targetHints":{"allow":["GET"]}}],"collection":[{"href":"https:\/\/www.ircad.fr\/fr\/wp-json\/wp\/v2\/pages"}],"about":[{"href":"https:\/\/www.ircad.fr\/fr\/wp-json\/wp\/v2\/types\/page"}],"author":[{"embeddable":true,"href":"https:\/\/www.ircad.fr\/fr\/wp-json\/wp\/v2\/users\/6"}],"replies":[{"embeddable":true,"href":"https:\/\/www.ircad.fr\/fr\/wp-json\/wp\/v2\/comments?post=43400"}],"version-history":[{"count":4,"href":"https:\/\/www.ircad.fr\/fr\/wp-json\/wp\/v2\/pages\/43400\/revisions"}],"predecessor-version":[{"id":62516,"href":"https:\/\/www.ircad.fr\/fr\/wp-json\/wp\/v2\/pages\/43400\/revisions\/62516"}],"wp:attachment":[{"href":"https:\/\/www.ircad.fr\/fr\/wp-json\/wp\/v2\/media?parent=43400"}],"curies":[{"name":"wp","href":"https:\/\/api.w.org\/{rel}","templated":true}]}}