{"id":43650,"date":"2021-10-18T15:54:16","date_gmt":"2021-10-18T13:54:16","guid":{"rendered":"https:\/\/ircad.fr\/set-de-donnees\/"},"modified":"2021-10-18T15:54:16","modified_gmt":"2021-10-18T13:54:16","slug":"set-de-donnees","status":"publish","type":"page","link":"https:\/\/www.ircad.fr\/fr\/surgical-data-science\/set-de-donnees\/","title":{"rendered":"Set de donn\u00e9es"},"content":{"rendered":"\t\t<div data-elementor-type=\"wp-page\" data-elementor-id=\"43650\" class=\"elementor elementor-43650 elementor-9182\" data-elementor-post-type=\"page\">\n\t\t\t\t\t\t<section data-dce-background-color=\"#1D1D1D\" class=\"elementor-section elementor-top-section elementor-element elementor-element-d6a4625 elementor-section-boxed elementor-section-height-default elementor-section-height-default\" data-id=\"d6a4625\" data-element_type=\"section\" data-e-type=\"section\" data-settings=\"{&quot;background_background&quot;:&quot;classic&quot;}\">\n\t\t\t\t\t\t<div class=\"elementor-container elementor-column-gap-default\">\n\t\t\t\t\t<div class=\"elementor-column elementor-col-100 elementor-top-column elementor-element elementor-element-e07d54d\" data-id=\"e07d54d\" data-element_type=\"column\" data-e-type=\"column\">\n\t\t\t<div class=\"elementor-widget-wrap elementor-element-populated\">\n\t\t\t\t\t\t<div data-dce-text-color=\"#FFFFFF\" class=\"elementor-element elementor-element-44a5789 elementor-widget elementor-widget-breadcrumbs\" data-id=\"44a5789\" data-element_type=\"widget\" data-e-type=\"widget\" data-widget_type=\"breadcrumbs.default\">\n\t\t\t\t<div class=\"elementor-widget-container\">\n\t\t\t\t\t<p id=\"breadcrumbs\"><span><span><a href=\"https:\/\/www.ircad.fr\/\">Home<\/a><\/span><\/span><\/p>\t\t\t\t<\/div>\n\t\t\t\t<\/div>\n\t\t\t\t<div class=\"elementor-element elementor-element-ec46caf elementor-widget-divider--view-line elementor-widget elementor-widget-divider\" data-id=\"ec46caf\" data-element_type=\"widget\" data-e-type=\"widget\" data-widget_type=\"divider.default\">\n\t\t\t\t<div class=\"elementor-widget-container\">\n\t\t\t\t\t\t\t<div class=\"elementor-divider\">\n\t\t\t<span class=\"elementor-divider-separator\">\n\t\t\t\t\t\t<\/span>\n\t\t<\/div>\n\t\t\t\t\t\t<\/div>\n\t\t\t\t<\/div>\n\t\t\t\t\t<\/div>\n\t\t<\/div>\n\t\t\t\t\t<\/div>\n\t\t<\/section>\n\t\t\t\t<section class=\"elementor-section elementor-top-section elementor-element elementor-element-8bc1266 elementor-section-boxed elementor-section-height-default elementor-section-height-default\" data-id=\"8bc1266\" data-element_type=\"section\" data-e-type=\"section\">\n\t\t\t\t\t\t<div class=\"elementor-container elementor-column-gap-default\">\n\t\t\t\t\t<div class=\"elementor-column elementor-col-100 elementor-top-column elementor-element elementor-element-ea89350\" data-id=\"ea89350\" data-element_type=\"column\" data-e-type=\"column\">\n\t\t\t<div class=\"elementor-widget-wrap elementor-element-populated\">\n\t\t\t\t\t\t<div data-dce-title-color=\"#FFFFFF\" class=\"elementor-element elementor-element-1a99b26 elementor-widget elementor-widget-heading\" data-id=\"1a99b26\" data-element_type=\"widget\" data-e-type=\"widget\" data-widget_type=\"heading.default\">\n\t\t\t\t<div class=\"elementor-widget-container\">\n\t\t\t\t\t<h1 class=\"elementor-heading-title elementor-size-default\">Set de donn\u00e9es<\/h1>\t\t\t\t<\/div>\n\t\t\t\t<\/div>\n\t\t\t\t\t<\/div>\n\t\t<\/div>\n\t\t\t\t\t<\/div>\n\t\t<\/section>\n\t\t\t\t<section class=\"elementor-section elementor-top-section elementor-element elementor-element-c75b2b9 elementor-section-boxed elementor-section-height-default elementor-section-height-default\" data-id=\"c75b2b9\" data-element_type=\"section\" data-e-type=\"section\">\n\t\t\t\t\t\t<div class=\"elementor-container elementor-column-gap-default\">\n\t\t\t\t\t<div class=\"elementor-column elementor-col-100 elementor-top-column elementor-element elementor-element-c4a913c\" data-id=\"c4a913c\" data-element_type=\"column\" data-e-type=\"column\">\n\t\t\t<div class=\"elementor-widget-wrap elementor-element-populated\">\n\t\t\t\t\t\t<section class=\"elementor-section elementor-inner-section elementor-element elementor-element-53ac7ee elementor-section-boxed elementor-section-height-default elementor-section-height-default\" data-id=\"53ac7ee\" data-element_type=\"section\" data-e-type=\"section\">\n\t\t\t\t\t\t<div class=\"elementor-container elementor-column-gap-default\">\n\t\t\t\t\t<div data-dce-background-color=\"#383838\" class=\"elementor-column elementor-col-33 elementor-inner-column elementor-element elementor-element-6c59844\" data-id=\"6c59844\" data-element_type=\"column\" data-e-type=\"column\" data-settings=\"{&quot;background_background&quot;:&quot;classic&quot;}\">\n\t\t\t<div class=\"elementor-widget-wrap elementor-element-populated\">\n\t\t\t\t\t\t<div class=\"elementor-element elementor-element-4abf5e1 elementor-widget elementor-widget-image\" data-id=\"4abf5e1\" data-element_type=\"widget\" data-e-type=\"widget\" data-widget_type=\"image.default\">\n\t\t\t\t<div class=\"elementor-widget-container\">\n\t\t\t\t\t\t\t\t\t\t\t\t\t\t\t\t<a href=\"https:\/\/www.ircad.fr\/research\/software\/\">\n\t\t\t\t\t\t\t<img fetchpriority=\"high\" decoding=\"async\" width=\"542\" height=\"363\" src=\"https:\/\/www.ircad.fr\/wp-content\/uploads\/3Dircadb1_package.jpg\" class=\"attachment-medium_large size-medium_large wp-image-67296\" alt=\"\" srcset=\"https:\/\/www.ircad.fr\/wp-content\/uploads\/3Dircadb1_package.jpg 542w, https:\/\/www.ircad.fr\/wp-content\/uploads\/3Dircadb1_package-300x201.jpg 300w\" sizes=\"(max-width: 542px) 100vw, 542px\" \/>\t\t\t\t\t\t\t\t<\/a>\n\t\t\t\t\t\t\t\t\t\t\t\t\t\t\t<\/div>\n\t\t\t\t<\/div>\n\t\t\t\t<div data-dce-title-color=\"#FFFFFF\" class=\"elementor-element elementor-element-10ccefa elementor-widget elementor-widget-heading\" data-id=\"10ccefa\" data-element_type=\"widget\" data-e-type=\"widget\" data-widget_type=\"heading.default\">\n\t\t\t\t<div class=\"elementor-widget-container\">\n\t\t\t\t\t<h3 class=\"elementor-heading-title elementor-size-default\">Segmentation du foie - 3D-ircadb-01<\/h3>\t\t\t\t<\/div>\n\t\t\t\t<\/div>\n\t\t\t\t<div data-dce-text-color=\"#F7FAFA\" class=\"elementor-element elementor-element-cb28846 elementor-widget elementor-widget-text-editor\" data-id=\"cb28846\" data-element_type=\"widget\" data-e-type=\"widget\" data-widget_type=\"text-editor.default\">\n\t\t\t\t<div class=\"elementor-widget-container\">\n\t\t\t\t\t\t\t\t\t<p>Cette premi\u00e8re base de donn\u00e9es (3D-IRCADb-01) est compos\u00e9e des tomodensitogrammes de 10 femmes et 10 hommes pr\u00e9sentant des tumeurs h\u00e9patiques dans 75% des cas. Le cas \u00e9ch\u00e9ant, le num\u00e9ro du segment de Couinaud correspondant \u00e0 la localisation des tumeurs est \u00e9galement fourni.<\/p>\n\t\t\t\t\t\t\t\t<\/div>\n\t\t\t\t<\/div>\n\t\t\t\t<div data-dce-background-color=\"#0079A700\" class=\"elementor-element elementor-element-b56c816 elementor-align-center elementor-widget elementor-widget-button\" data-id=\"b56c816\" data-element_type=\"widget\" data-e-type=\"widget\" data-widget_type=\"button.default\">\n\t\t\t\t<div class=\"elementor-widget-container\">\n\t\t\t\t\t\t\t\t\t<div class=\"elementor-button-wrapper\">\n\t\t\t\t\t<a class=\"elementor-button elementor-button-link elementor-size-sm\" href=\"https:\/\/www.ircad.fr\/research\/3d-ircadb-01\/\">\n\t\t\t\t\t\t<span class=\"elementor-button-content-wrapper\">\n\t\t\t\t\t\t\t\t\t<span class=\"elementor-button-text\">Acc\u00e8s \u00e0 la base<\/span>\n\t\t\t\t\t<\/span>\n\t\t\t\t\t<\/a>\n\t\t\t\t<\/div>\n\t\t\t\t\t\t\t\t<\/div>\n\t\t\t\t<\/div>\n\t\t\t\t\t<\/div>\n\t\t<\/div>\n\t\t\t\t<div data-dce-background-color=\"#383838\" class=\"elementor-column elementor-col-33 elementor-inner-column elementor-element elementor-element-fac7a00\" data-id=\"fac7a00\" data-element_type=\"column\" data-e-type=\"column\" data-settings=\"{&quot;background_background&quot;:&quot;classic&quot;}\">\n\t\t\t<div class=\"elementor-widget-wrap elementor-element-populated\">\n\t\t\t\t\t\t<div class=\"elementor-element elementor-element-9d12891 elementor-widget elementor-widget-image\" data-id=\"9d12891\" data-element_type=\"widget\" data-e-type=\"widget\" data-widget_type=\"image.default\">\n\t\t\t\t<div class=\"elementor-widget-container\">\n\t\t\t\t\t\t\t\t\t\t\t\t\t\t\t\t<a href=\"https:\/\/www.ircad.fr\/research\/software\/\">\n\t\t\t\t\t\t\t<img decoding=\"async\" width=\"768\" height=\"493\" src=\"https:\/\/www.ircad.fr\/wp-content\/uploads\/3Dircadb2_package-768x493.jpg\" class=\"attachment-medium_large size-medium_large wp-image-67297\" alt=\"\" srcset=\"https:\/\/www.ircad.fr\/wp-content\/uploads\/3Dircadb2_package-768x493.jpg 768w, https:\/\/www.ircad.fr\/wp-content\/uploads\/3Dircadb2_package-300x193.jpg 300w, https:\/\/www.ircad.fr\/wp-content\/uploads\/3Dircadb2_package-1024x657.jpg 1024w, https:\/\/www.ircad.fr\/wp-content\/uploads\/3Dircadb2_package-1536x986.jpg 1536w, https:\/\/www.ircad.fr\/wp-content\/uploads\/3Dircadb2_package-600x385.jpg 600w, https:\/\/www.ircad.fr\/wp-content\/uploads\/3Dircadb2_package.jpg 1647w\" sizes=\"(max-width: 768px) 100vw, 768px\" \/>\t\t\t\t\t\t\t\t<\/a>\n\t\t\t\t\t\t\t\t\t\t\t\t\t\t\t<\/div>\n\t\t\t\t<\/div>\n\t\t\t\t<div data-dce-title-color=\"#FFFFFF\" class=\"elementor-element elementor-element-44ea6e8 elementor-widget elementor-widget-heading\" data-id=\"44ea6e8\" data-element_type=\"widget\" data-e-type=\"widget\" data-widget_type=\"heading.default\">\n\t\t\t\t<div class=\"elementor-widget-container\">\n\t\t\t\t\t<h2 class=\"elementor-heading-title elementor-size-default\">Cycle respiratoire 3D-ircadb-02<\/h2>\t\t\t\t<\/div>\n\t\t\t\t<\/div>\n\t\t\t\t<div data-dce-text-color=\"#F7FAFA\" class=\"elementor-element elementor-element-818f4ab elementor-widget elementor-widget-text-editor\" data-id=\"818f4ab\" data-element_type=\"widget\" data-e-type=\"widget\" data-widget_type=\"text-editor.default\">\n\t\t\t\t<div class=\"elementor-widget-container\">\n\t\t\t\t\t\t\t\t\t<p>Cette premi\u00e8re base de donn\u00e9es (3D-IRCADb-01) est compos\u00e9e des tomodensitogrammes de 10 femmes et 10 hommes pr\u00e9sentant des tumeurs h\u00e9patiques dans 75% des cas. Le cas \u00e9ch\u00e9ant, le num\u00e9ro du segment de Couinaud correspondant \u00e0 la localisation des tumeurs est \u00e9galement fourni.<\/p>\n\t\t\t\t\t\t\t\t<\/div>\n\t\t\t\t<\/div>\n\t\t\t\t<div data-dce-background-color=\"#0079A700\" class=\"elementor-element elementor-element-d594713 elementor-align-center elementor-widget elementor-widget-button\" data-id=\"d594713\" data-element_type=\"widget\" data-e-type=\"widget\" data-widget_type=\"button.default\">\n\t\t\t\t<div class=\"elementor-widget-container\">\n\t\t\t\t\t\t\t\t\t<div class=\"elementor-button-wrapper\">\n\t\t\t\t\t<a class=\"elementor-button elementor-button-link elementor-size-sm\" href=\"https:\/\/www.ircad.fr\/research\/3d-ircadb-02\/\">\n\t\t\t\t\t\t<span class=\"elementor-button-content-wrapper\">\n\t\t\t\t\t\t\t\t\t<span class=\"elementor-button-text\">Acc\u00e8s \u00e0 la base<\/span>\n\t\t\t\t\t<\/span>\n\t\t\t\t\t<\/a>\n\t\t\t\t<\/div>\n\t\t\t\t\t\t\t\t<\/div>\n\t\t\t\t<\/div>\n\t\t\t\t\t<\/div>\n\t\t<\/div>\n\t\t\t\t<div class=\"elementor-column elementor-col-33 elementor-inner-column elementor-element elementor-element-b512daa\" data-id=\"b512daa\" data-element_type=\"column\" data-e-type=\"column\">\n\t\t\t<div class=\"elementor-widget-wrap\">\n\t\t\t\t\t\t\t<\/div>\n\t\t<\/div>\n\t\t\t\t\t<\/div>\n\t\t<\/section>\n\t\t\t\t\t<\/div>\n\t\t<\/div>\n\t\t\t\t\t<\/div>\n\t\t<\/section>\n\t\t\t\t<\/div>\n\t\t","protected":false},"excerpt":{"rendered":"<p>Set de donn\u00e9es Segmentation du foie &#8211; 3D-ircadb-01 Cette premi\u00e8re base de donn\u00e9es (3D-IRCADb-01) est compos\u00e9e des tomodensitogrammes de 10 femmes et 10 hommes pr\u00e9sentant des tumeurs h\u00e9patiques dans 75% des cas. Le cas \u00e9ch\u00e9ant, le num\u00e9ro du segment de Couinaud correspondant \u00e0 la localisation des tumeurs est \u00e9galement fourni. Acc\u00e8s \u00e0 la base Cycle [&hellip;]<\/p>\n","protected":false},"author":6,"featured_media":0,"parent":44474,"menu_order":2,"comment_status":"closed","ping_status":"closed","template":"","meta":{"_acf_changed":false,"footnotes":""},"class_list":["post-43650","page","type-page","status-publish","hentry"],"acf":[],"yoast_head":"<!-- This site is optimized with the Yoast SEO plugin v27.4 - https:\/\/yoast.com\/product\/yoast-seo-wordpress\/ -->\n<title>Set de donn\u00e9es - IRCAD<\/title>\n<meta name=\"robots\" content=\"index, follow, max-snippet:-1, max-image-preview:large, max-video-preview:-1\" \/>\n<link rel=\"canonical\" href=\"https:\/\/www.ircad.fr\/research\/data-sets\/\" \/>\n<meta property=\"og:locale\" content=\"fr_FR\" \/>\n<meta property=\"og:type\" content=\"article\" \/>\n<meta property=\"og:title\" content=\"Set de donn\u00e9es - IRCAD\" \/>\n<meta property=\"og:description\" content=\"Set de donn\u00e9es Segmentation du foie &#8211; 3D-ircadb-01 Cette premi\u00e8re base de donn\u00e9es (3D-IRCADb-01) est compos\u00e9e des tomodensitogrammes de 10 femmes et 10 hommes pr\u00e9sentant des tumeurs h\u00e9patiques dans 75% des cas. Le cas \u00e9ch\u00e9ant, le num\u00e9ro du segment de Couinaud correspondant \u00e0 la localisation des tumeurs est \u00e9galement fourni. Acc\u00e8s \u00e0 la base Cycle [&hellip;]\" \/>\n<meta property=\"og:url\" content=\"https:\/\/www.ircad.fr\/research\/data-sets\/\" \/>\n<meta property=\"og:site_name\" content=\"IRCAD\" \/>\n<meta property=\"article:publisher\" content=\"https:\/\/www.facebook.com\/IrcadFrance\" \/>\n<meta property=\"og:image\" content=\"https:\/\/ircad.fr\/wp-content\/uploads\/3Dircadb1_package.jpg\" \/>\n<meta name=\"twitter:card\" content=\"summary_large_image\" \/>\n<meta name=\"twitter:site\" content=\"@IrcadFrance\" \/>\n<meta name=\"twitter:label1\" content=\"Dur\u00e9e de lecture estim\u00e9e\" \/>\n\t<meta name=\"twitter:data1\" content=\"1 minute\" \/>\n<script type=\"application\/ld+json\" class=\"yoast-schema-graph\">{\"@context\":\"https:\\\/\\\/schema.org\",\"@graph\":[{\"@type\":\"WebPage\",\"@id\":\"https:\\\/\\\/www.ircad.fr\\\/research\\\/data-sets\\\/\",\"url\":\"https:\\\/\\\/www.ircad.fr\\\/research\\\/data-sets\\\/\",\"name\":\"Set de donn\u00e9es - IRCAD\",\"isPartOf\":{\"@id\":\"https:\\\/\\\/www.ircad.fr\\\/#website\"},\"primaryImageOfPage\":{\"@id\":\"https:\\\/\\\/www.ircad.fr\\\/research\\\/data-sets\\\/#primaryimage\"},\"image\":{\"@id\":\"https:\\\/\\\/www.ircad.fr\\\/research\\\/data-sets\\\/#primaryimage\"},\"thumbnailUrl\":\"https:\\\/\\\/ircad.fr\\\/wp-content\\\/uploads\\\/3Dircadb1_package.jpg\",\"datePublished\":\"2021-10-18T13:54:16+00:00\",\"breadcrumb\":{\"@id\":\"https:\\\/\\\/www.ircad.fr\\\/research\\\/data-sets\\\/#breadcrumb\"},\"inLanguage\":\"fr-FR\",\"potentialAction\":[{\"@type\":\"ReadAction\",\"target\":[\"https:\\\/\\\/www.ircad.fr\\\/research\\\/data-sets\\\/\"]}]},{\"@type\":\"ImageObject\",\"inLanguage\":\"fr-FR\",\"@id\":\"https:\\\/\\\/www.ircad.fr\\\/research\\\/data-sets\\\/#primaryimage\",\"url\":\"https:\\\/\\\/ircad.fr\\\/wp-content\\\/uploads\\\/3Dircadb1_package.jpg\",\"contentUrl\":\"https:\\\/\\\/ircad.fr\\\/wp-content\\\/uploads\\\/3Dircadb1_package.jpg\"},{\"@type\":\"BreadcrumbList\",\"@id\":\"https:\\\/\\\/www.ircad.fr\\\/research\\\/data-sets\\\/#breadcrumb\",\"itemListElement\":[{\"@type\":\"ListItem\",\"position\":1,\"name\":\"Home\",\"item\":\"https:\\\/\\\/www.ircad.fr\\\/\"},{\"@type\":\"ListItem\",\"position\":2,\"name\":\"Surgical Data Science\",\"item\":\"https:\\\/\\\/www.ircad.fr\\\/research\\\/\"},{\"@type\":\"ListItem\",\"position\":3,\"name\":\"Set de donn\u00e9es\"}]},{\"@type\":\"WebSite\",\"@id\":\"https:\\\/\\\/www.ircad.fr\\\/#website\",\"url\":\"https:\\\/\\\/www.ircad.fr\\\/\",\"name\":\"IRCAD - Laparoscopic training center\",\"description\":\"There is no better way to learn\",\"potentialAction\":[{\"@type\":\"SearchAction\",\"target\":{\"@type\":\"EntryPoint\",\"urlTemplate\":\"https:\\\/\\\/www.ircad.fr\\\/?s={search_term_string}\"},\"query-input\":{\"@type\":\"PropertyValueSpecification\",\"valueRequired\":true,\"valueName\":\"search_term_string\"}}],\"inLanguage\":\"fr-FR\"}]}<\/script>\n<!-- \/ Yoast SEO plugin. -->","yoast_head_json":{"title":"Set de donn\u00e9es - IRCAD","robots":{"index":"index","follow":"follow","max-snippet":"max-snippet:-1","max-image-preview":"max-image-preview:large","max-video-preview":"max-video-preview:-1"},"canonical":"https:\/\/www.ircad.fr\/research\/data-sets\/","og_locale":"fr_FR","og_type":"article","og_title":"Set de donn\u00e9es - IRCAD","og_description":"Set de donn\u00e9es Segmentation du foie &#8211; 3D-ircadb-01 Cette premi\u00e8re base de donn\u00e9es (3D-IRCADb-01) est compos\u00e9e des tomodensitogrammes de 10 femmes et 10 hommes pr\u00e9sentant des tumeurs h\u00e9patiques dans 75% des cas. Le cas \u00e9ch\u00e9ant, le num\u00e9ro du segment de Couinaud correspondant \u00e0 la localisation des tumeurs est \u00e9galement fourni. Acc\u00e8s \u00e0 la base Cycle [&hellip;]","og_url":"https:\/\/www.ircad.fr\/research\/data-sets\/","og_site_name":"IRCAD","article_publisher":"https:\/\/www.facebook.com\/IrcadFrance","og_image":[{"url":"https:\/\/ircad.fr\/wp-content\/uploads\/3Dircadb1_package.jpg","type":"","width":"","height":""}],"twitter_card":"summary_large_image","twitter_site":"@IrcadFrance","twitter_misc":{"Dur\u00e9e de lecture estim\u00e9e":"1 minute"},"schema":{"@context":"https:\/\/schema.org","@graph":[{"@type":"WebPage","@id":"https:\/\/www.ircad.fr\/research\/data-sets\/","url":"https:\/\/www.ircad.fr\/research\/data-sets\/","name":"Set de donn\u00e9es - IRCAD","isPartOf":{"@id":"https:\/\/www.ircad.fr\/#website"},"primaryImageOfPage":{"@id":"https:\/\/www.ircad.fr\/research\/data-sets\/#primaryimage"},"image":{"@id":"https:\/\/www.ircad.fr\/research\/data-sets\/#primaryimage"},"thumbnailUrl":"https:\/\/ircad.fr\/wp-content\/uploads\/3Dircadb1_package.jpg","datePublished":"2021-10-18T13:54:16+00:00","breadcrumb":{"@id":"https:\/\/www.ircad.fr\/research\/data-sets\/#breadcrumb"},"inLanguage":"fr-FR","potentialAction":[{"@type":"ReadAction","target":["https:\/\/www.ircad.fr\/research\/data-sets\/"]}]},{"@type":"ImageObject","inLanguage":"fr-FR","@id":"https:\/\/www.ircad.fr\/research\/data-sets\/#primaryimage","url":"https:\/\/ircad.fr\/wp-content\/uploads\/3Dircadb1_package.jpg","contentUrl":"https:\/\/ircad.fr\/wp-content\/uploads\/3Dircadb1_package.jpg"},{"@type":"BreadcrumbList","@id":"https:\/\/www.ircad.fr\/research\/data-sets\/#breadcrumb","itemListElement":[{"@type":"ListItem","position":1,"name":"Home","item":"https:\/\/www.ircad.fr\/"},{"@type":"ListItem","position":2,"name":"Surgical Data Science","item":"https:\/\/www.ircad.fr\/research\/"},{"@type":"ListItem","position":3,"name":"Set de donn\u00e9es"}]},{"@type":"WebSite","@id":"https:\/\/www.ircad.fr\/#website","url":"https:\/\/www.ircad.fr\/","name":"IRCAD - Laparoscopic training center","description":"There is no better way to learn","potentialAction":[{"@type":"SearchAction","target":{"@type":"EntryPoint","urlTemplate":"https:\/\/www.ircad.fr\/?s={search_term_string}"},"query-input":{"@type":"PropertyValueSpecification","valueRequired":true,"valueName":"search_term_string"}}],"inLanguage":"fr-FR"}]}},"publishpress_future_action":{"enabled":false,"date":"2026-04-28 10:38:48","action":"change-status","newStatus":"draft","terms":[],"taxonomy":"translation_priority","extraData":[]},"publishpress_future_workflow_manual_trigger":{"enabledWorkflows":[]},"_links":{"self":[{"href":"https:\/\/www.ircad.fr\/fr\/wp-json\/wp\/v2\/pages\/43650","targetHints":{"allow":["GET"]}}],"collection":[{"href":"https:\/\/www.ircad.fr\/fr\/wp-json\/wp\/v2\/pages"}],"about":[{"href":"https:\/\/www.ircad.fr\/fr\/wp-json\/wp\/v2\/types\/page"}],"author":[{"embeddable":true,"href":"https:\/\/www.ircad.fr\/fr\/wp-json\/wp\/v2\/users\/6"}],"replies":[{"embeddable":true,"href":"https:\/\/www.ircad.fr\/fr\/wp-json\/wp\/v2\/comments?post=43650"}],"version-history":[{"count":1,"href":"https:\/\/www.ircad.fr\/fr\/wp-json\/wp\/v2\/pages\/43650\/revisions"}],"predecessor-version":[{"id":43651,"href":"https:\/\/www.ircad.fr\/fr\/wp-json\/wp\/v2\/pages\/43650\/revisions\/43651"}],"up":[{"embeddable":true,"href":"https:\/\/www.ircad.fr\/fr\/wp-json\/wp\/v2\/pages\/44474"}],"wp:attachment":[{"href":"https:\/\/www.ircad.fr\/fr\/wp-json\/wp\/v2\/media?parent=43650"}],"curies":[{"name":"wp","href":"https:\/\/api.w.org\/{rel}","templated":true}]}}