{"id":92964,"date":"2024-01-05T15:19:40","date_gmt":"2024-01-05T14:19:40","guid":{"rendered":"https:\/\/www.ircad.fr\/ressources-presse-medias\/newsletter-presse-ircad\/"},"modified":"2026-01-22T11:24:52","modified_gmt":"2026-01-22T10:24:52","slug":"newsletter-presse-ircad","status":"publish","type":"page","link":"https:\/\/www.ircad.fr\/fr\/ressources-presse-medias\/newsletter-presse-ircad\/","title":{"rendered":"Newsletter presse IRCAD"},"content":{"rendered":"\t\t<div data-elementor-type=\"wp-page\" data-elementor-id=\"92964\" class=\"elementor elementor-92964 elementor-92955\" data-elementor-post-type=\"page\">\n\t\t\t\t\t\t<section class=\"elementor-section elementor-top-section elementor-element elementor-element-6aa0312 elementor-section-boxed elementor-section-height-default elementor-section-height-default elementor-invisible\" data-id=\"6aa0312\" data-element_type=\"section\" data-e-type=\"section\" data-settings=\"{&quot;animation&quot;:&quot;fadeInDown&quot;}\">\n\t\t\t\t\t\t<div class=\"elementor-container elementor-column-gap-default\">\n\t\t\t\t\t<div class=\"elementor-column elementor-col-100 elementor-top-column elementor-element elementor-element-ac80697\" data-id=\"ac80697\" data-element_type=\"column\" data-e-type=\"column\">\n\t\t\t<div class=\"elementor-widget-wrap elementor-element-populated\">\n\t\t\t\t\t\t<div class=\"elementor-element elementor-element-ea56ce5 elementor-widget elementor-widget-breadcrumbs\" data-id=\"ea56ce5\" data-element_type=\"widget\" data-e-type=\"widget\" data-widget_type=\"breadcrumbs.default\">\n\t\t\t\t<div class=\"elementor-widget-container\">\n\t\t\t\t\t<p id=\"breadcrumbs\"><span><span><a href=\"https:\/\/www.ircad.fr\/\">Home<\/a><\/span><\/span><\/p>\t\t\t\t<\/div>\n\t\t\t\t<\/div>\n\t\t\t\t<div class=\"elementor-element elementor-element-14d89aa elementor-widget-divider--view-line elementor-widget elementor-widget-divider\" data-id=\"14d89aa\" data-element_type=\"widget\" data-e-type=\"widget\" data-widget_type=\"divider.default\">\n\t\t\t\t<div class=\"elementor-widget-container\">\n\t\t\t\t\t\t\t<div class=\"elementor-divider\">\n\t\t\t<span class=\"elementor-divider-separator\">\n\t\t\t\t\t\t<\/span>\n\t\t<\/div>\n\t\t\t\t\t\t<\/div>\n\t\t\t\t<\/div>\n\t\t\t\t\t<\/div>\n\t\t<\/div>\n\t\t\t\t\t<\/div>\n\t\t<\/section>\n\t\t\t\t<section class=\"elementor-section elementor-top-section elementor-element elementor-element-24fad2f elementor-section-boxed elementor-section-height-default elementor-section-height-default\" data-id=\"24fad2f\" data-element_type=\"section\" data-e-type=\"section\">\n\t\t\t\t\t\t<div class=\"elementor-container elementor-column-gap-default\">\n\t\t\t\t\t<div class=\"elementor-column elementor-col-100 elementor-top-column elementor-element elementor-element-3b27bf6\" data-id=\"3b27bf6\" data-element_type=\"column\" data-e-type=\"column\">\n\t\t\t<div class=\"elementor-widget-wrap elementor-element-populated\">\n\t\t\t\t\t\t<div class=\"elementor-element elementor-element-7827d15 elementor-widget elementor-widget-heading\" data-id=\"7827d15\" data-element_type=\"widget\" data-e-type=\"widget\" data-widget_type=\"heading.default\">\n\t\t\t\t<div class=\"elementor-widget-container\">\n\t\t\t\t\t<h1 class=\"elementor-heading-title elementor-size-default\">Newsletter presse IRCAD<\/h1>\t\t\t\t<\/div>\n\t\t\t\t<\/div>\n\t\t\t\t\t<\/div>\n\t\t<\/div>\n\t\t\t\t\t<\/div>\n\t\t<\/section>\n\t\t\t\t<section class=\"elementor-section elementor-top-section elementor-element elementor-element-871dda3 elementor-section-boxed elementor-section-height-default elementor-section-height-default\" data-id=\"871dda3\" data-element_type=\"section\" data-e-type=\"section\">\n\t\t\t\t\t\t<div class=\"elementor-container elementor-column-gap-default\">\n\t\t\t\t\t<div class=\"elementor-column elementor-col-100 elementor-top-column elementor-element elementor-element-1a6acac\" data-id=\"1a6acac\" data-element_type=\"column\" data-e-type=\"column\">\n\t\t\t<div class=\"elementor-widget-wrap elementor-element-populated\">\n\t\t\t\t\t\t\t<\/div>\n\t\t<\/div>\n\t\t\t\t\t<\/div>\n\t\t<\/section>\n\t\t\t\t<\/div>\n\t\t","protected":false},"excerpt":{"rendered":"<p>Newsletter presse IRCAD<\/p>\n","protected":false},"author":27,"featured_media":0,"parent":46975,"menu_order":1,"comment_status":"closed","ping_status":"closed","template":"","meta":{"_acf_changed":false,"footnotes":""},"class_list":["post-92964","page","type-page","status-publish","hentry"],"acf":[],"yoast_head":"<!-- This site is optimized with the Yoast SEO plugin v27.1.1 - https:\/\/yoast.com\/product\/yoast-seo-wordpress\/ -->\n<title>Newsletter presse IRCAD - IRCAD<\/title>\n<meta name=\"description\" content=\"D\u00e9couvrez les derni\u00e8res nouvelles et les \u00e9v\u00e9nements du leader de l&#039;enseignement de la chirurgie et ambassadeur de l&#039;excellence fran\u00e7aise en mati\u00e8re de chirurgie mini-invasive.\" \/>\n<meta name=\"robots\" content=\"index, follow, max-snippet:-1, max-image-preview:large, max-video-preview:-1\" \/>\n<link rel=\"canonical\" href=\"https:\/\/www.ircad.fr\/fr\/ressources-presse-medias\/newsletter-presse-ircad\/\" \/>\n<meta property=\"og:locale\" content=\"fr_FR\" \/>\n<meta property=\"og:type\" content=\"article\" \/>\n<meta property=\"og:title\" content=\"Newsletter presse IRCAD - IRCAD\" \/>\n<meta property=\"og:description\" content=\"D\u00e9couvrez les derni\u00e8res nouvelles et les \u00e9v\u00e9nements du leader de l&#039;enseignement de la chirurgie et ambassadeur de l&#039;excellence fran\u00e7aise en mati\u00e8re de chirurgie mini-invasive.\" \/>\n<meta property=\"og:url\" content=\"https:\/\/www.ircad.fr\/fr\/ressources-presse-medias\/newsletter-presse-ircad\/\" \/>\n<meta property=\"og:site_name\" content=\"IRCAD\" \/>\n<meta property=\"article:publisher\" content=\"https:\/\/www.facebook.com\/IrcadFrance\" \/>\n<meta property=\"article:modified_time\" content=\"2026-01-22T10:24:52+00:00\" \/>\n<meta name=\"twitter:card\" content=\"summary_large_image\" \/>\n<meta name=\"twitter:site\" content=\"@IrcadFrance\" \/>\n<meta name=\"twitter:label1\" content=\"Dur\u00e9e de lecture estim\u00e9e\" \/>\n\t<meta name=\"twitter:data1\" content=\"1 minute\" \/>\n<script type=\"application\/ld+json\" class=\"yoast-schema-graph\">{\"@context\":\"https:\/\/schema.org\",\"@graph\":[{\"@type\":\"WebPage\",\"@id\":\"https:\/\/www.ircad.fr\/fr\/ressources-presse-medias\/newsletter-presse-ircad\/\",\"url\":\"https:\/\/www.ircad.fr\/fr\/ressources-presse-medias\/newsletter-presse-ircad\/\",\"name\":\"Newsletter presse IRCAD - IRCAD\",\"isPartOf\":{\"@id\":\"https:\/\/www.ircad.fr\/#website\"},\"datePublished\":\"2024-01-05T14:19:40+00:00\",\"dateModified\":\"2026-01-22T10:24:52+00:00\",\"description\":\"D\u00e9couvrez les derni\u00e8res nouvelles et les \u00e9v\u00e9nements du leader de l'enseignement de la chirurgie et ambassadeur de l'excellence fran\u00e7aise en mati\u00e8re de chirurgie mini-invasive.\",\"breadcrumb\":{\"@id\":\"https:\/\/www.ircad.fr\/fr\/ressources-presse-medias\/newsletter-presse-ircad\/#breadcrumb\"},\"inLanguage\":\"fr-FR\",\"potentialAction\":[{\"@type\":\"ReadAction\",\"target\":[\"https:\/\/www.ircad.fr\/fr\/ressources-presse-medias\/newsletter-presse-ircad\/\"]}]},{\"@type\":\"BreadcrumbList\",\"@id\":\"https:\/\/www.ircad.fr\/fr\/ressources-presse-medias\/newsletter-presse-ircad\/#breadcrumb\",\"itemListElement\":[{\"@type\":\"ListItem\",\"position\":1,\"name\":\"Home\",\"item\":\"https:\/\/www.ircad.fr\/\"},{\"@type\":\"ListItem\",\"position\":2,\"name\":\"Ressources presse &#038; m\u00e9dias\",\"item\":\"https:\/\/www.ircad.fr\/fr\/ressources-presse-medias\/\"},{\"@type\":\"ListItem\",\"position\":3,\"name\":\"Newsletter presse IRCAD\"}]},{\"@type\":\"WebSite\",\"@id\":\"https:\/\/www.ircad.fr\/#website\",\"url\":\"https:\/\/www.ircad.fr\/\",\"name\":\"IRCAD - Laparoscopic training center\",\"description\":\"There is no better way to learn\",\"potentialAction\":[{\"@type\":\"SearchAction\",\"target\":{\"@type\":\"EntryPoint\",\"urlTemplate\":\"https:\/\/www.ircad.fr\/?s={search_term_string}\"},\"query-input\":{\"@type\":\"PropertyValueSpecification\",\"valueRequired\":true,\"valueName\":\"search_term_string\"}}],\"inLanguage\":\"fr-FR\"}]}<\/script>\n<!-- \/ Yoast SEO plugin. -->","yoast_head_json":{"title":"Newsletter presse IRCAD - IRCAD","description":"D\u00e9couvrez les derni\u00e8res nouvelles et les \u00e9v\u00e9nements du leader de l'enseignement de la chirurgie et ambassadeur de l'excellence fran\u00e7aise en mati\u00e8re de chirurgie mini-invasive.","robots":{"index":"index","follow":"follow","max-snippet":"max-snippet:-1","max-image-preview":"max-image-preview:large","max-video-preview":"max-video-preview:-1"},"canonical":"https:\/\/www.ircad.fr\/fr\/ressources-presse-medias\/newsletter-presse-ircad\/","og_locale":"fr_FR","og_type":"article","og_title":"Newsletter presse IRCAD - IRCAD","og_description":"D\u00e9couvrez les derni\u00e8res nouvelles et les \u00e9v\u00e9nements du leader de l'enseignement de la chirurgie et ambassadeur de l'excellence fran\u00e7aise en mati\u00e8re de chirurgie mini-invasive.","og_url":"https:\/\/www.ircad.fr\/fr\/ressources-presse-medias\/newsletter-presse-ircad\/","og_site_name":"IRCAD","article_publisher":"https:\/\/www.facebook.com\/IrcadFrance","article_modified_time":"2026-01-22T10:24:52+00:00","twitter_card":"summary_large_image","twitter_site":"@IrcadFrance","twitter_misc":{"Dur\u00e9e de lecture estim\u00e9e":"1 minute"},"schema":{"@context":"https:\/\/schema.org","@graph":[{"@type":"WebPage","@id":"https:\/\/www.ircad.fr\/fr\/ressources-presse-medias\/newsletter-presse-ircad\/","url":"https:\/\/www.ircad.fr\/fr\/ressources-presse-medias\/newsletter-presse-ircad\/","name":"Newsletter presse IRCAD - IRCAD","isPartOf":{"@id":"https:\/\/www.ircad.fr\/#website"},"datePublished":"2024-01-05T14:19:40+00:00","dateModified":"2026-01-22T10:24:52+00:00","description":"D\u00e9couvrez les derni\u00e8res nouvelles et les \u00e9v\u00e9nements du leader de l'enseignement de la chirurgie et ambassadeur de l'excellence fran\u00e7aise en mati\u00e8re de chirurgie mini-invasive.","breadcrumb":{"@id":"https:\/\/www.ircad.fr\/fr\/ressources-presse-medias\/newsletter-presse-ircad\/#breadcrumb"},"inLanguage":"fr-FR","potentialAction":[{"@type":"ReadAction","target":["https:\/\/www.ircad.fr\/fr\/ressources-presse-medias\/newsletter-presse-ircad\/"]}]},{"@type":"BreadcrumbList","@id":"https:\/\/www.ircad.fr\/fr\/ressources-presse-medias\/newsletter-presse-ircad\/#breadcrumb","itemListElement":[{"@type":"ListItem","position":1,"name":"Home","item":"https:\/\/www.ircad.fr\/"},{"@type":"ListItem","position":2,"name":"Ressources presse &#038; m\u00e9dias","item":"https:\/\/www.ircad.fr\/fr\/ressources-presse-medias\/"},{"@type":"ListItem","position":3,"name":"Newsletter presse IRCAD"}]},{"@type":"WebSite","@id":"https:\/\/www.ircad.fr\/#website","url":"https:\/\/www.ircad.fr\/","name":"IRCAD - Laparoscopic training center","description":"There is no better way to learn","potentialAction":[{"@type":"SearchAction","target":{"@type":"EntryPoint","urlTemplate":"https:\/\/www.ircad.fr\/?s={search_term_string}"},"query-input":{"@type":"PropertyValueSpecification","valueRequired":true,"valueName":"search_term_string"}}],"inLanguage":"fr-FR"}]}},"publishpress_future_action":{"enabled":false,"date":"2026-04-20 15:52:56","action":"change-status","newStatus":"draft","terms":[],"taxonomy":"translation_priority","extraData":[]},"publishpress_future_workflow_manual_trigger":{"enabledWorkflows":[]},"_links":{"self":[{"href":"https:\/\/www.ircad.fr\/fr\/wp-json\/wp\/v2\/pages\/92964","targetHints":{"allow":["GET"]}}],"collection":[{"href":"https:\/\/www.ircad.fr\/fr\/wp-json\/wp\/v2\/pages"}],"about":[{"href":"https:\/\/www.ircad.fr\/fr\/wp-json\/wp\/v2\/types\/page"}],"author":[{"embeddable":true,"href":"https:\/\/www.ircad.fr\/fr\/wp-json\/wp\/v2\/users\/27"}],"replies":[{"embeddable":true,"href":"https:\/\/www.ircad.fr\/fr\/wp-json\/wp\/v2\/comments?post=92964"}],"version-history":[{"count":1,"href":"https:\/\/www.ircad.fr\/fr\/wp-json\/wp\/v2\/pages\/92964\/revisions"}],"predecessor-version":[{"id":92965,"href":"https:\/\/www.ircad.fr\/fr\/wp-json\/wp\/v2\/pages\/92964\/revisions\/92965"}],"up":[{"embeddable":true,"href":"https:\/\/www.ircad.fr\/fr\/wp-json\/wp\/v2\/pages\/46975"}],"wp:attachment":[{"href":"https:\/\/www.ircad.fr\/fr\/wp-json\/wp\/v2\/media?parent=92964"}],"curies":[{"name":"wp","href":"https:\/\/api.w.org\/{rel}","templated":true}]}}